{"id":14797,"date":"2018-08-30T17:00:17","date_gmt":"2018-08-30T15:00:17","guid":{"rendered":"https:\/\/mguide.eu\/?page_id=14797"},"modified":"2024-07-19T09:43:06","modified_gmt":"2024-07-19T07:43:06","slug":"cookie-richtlinie","status":"publish","type":"page","link":"https:\/\/mguide.eu\/de\/cookie-richtlinie\/","title":{"rendered":"Cookie-Richtlinie"},"content":{"rendered":"<div class=\"wpb-content-wrapper\"><p>[vc_row][vc_column][vc_column_text css=&#8221;&#8221;]<\/p>\n<ol>\n<li>Die Cookies-Politik stimmt mit den Rechtsanforderungen nach Art. 173, 174 und 209 des Telekommunikationsgesetzes vom 16. Juli 2004 (Einheitstext GBl. 2017 Pos. 1907 m.\u00c4.) und der Verordnung des Europ\u00e4ischen Parlaments und des Rates (EU) 2016\/679 vom 27. April 2016 zum Schutz nat\u00fcrlicher Personen bei der Verarbeitung personenbezogener Daten, zum freien Datenverkehr und zur Aufhebung der Richtlinie 95\/46\/EG (Datenschutz-Grundverordnung \u201eDSGVO\u201d) (Amtsblatt EU L 119 vom 04.05.2016, S. 1) sowie dem DSGVO- Einf\u00fchrungsgesetz vom 10. Mai 2018 \u00fcber den Schutz personenbezogener Daten (GBl. 2018 Pos. 1000 m.\u00c4.) \u00fcberein.<\/li>\n<li>Die in der Cookies-Politik verwendeten Begriffe haben folgende Bedeutung:\n<ol>\n<li>Verantwortlicher \u2013 Mexpo Sp. z o.o., ul. Pu\u0142askiego 8, 81-368 Gda\u0144sk, NIP: 5862383378, REGON: 522801670, KRS: 0000984479,<\/li>\n<li>Benutzer \u2013 jede Person (Internetbenutzer), die\/der die Internetseite (und alle Unterseiten) besucht, unter welcher der Internet-Dienst zug\u00e4nglich ist,<\/li>\n<li>Cookies-Politik \u2013 das vorliegende Dokument,<\/li>\n<li>Internet-Dienst\u2013 Internetseiten unter folgenden Adressen: mguide.eu.<\/li>\n<li>Cookies \u2013 IT-Daten, insbesondere Textdokumente, die im Endger\u00e4t des Benutzers gespeichert werden, und zur Nutzung der Webseiten bestimmt sind; Cookies enthalten meistens die Bezeichnung der Internetseite, aus der sie stammen, die Aufbewahrungszeit auf dem Endger\u00e4t und die einmalige Nummer,<\/li>\n<li>Im \u00dcbrigen gelten die Bedeutungen der Begriffe, die in der Ordnung und in der Datenschutzerkl\u00e4rung definiert wurden.<\/li>\n<\/ol>\n<\/li>\n<li>Der Verantwortliche erkl\u00e4rt, dass der Internet-Dienst keine Informationen \u00fcber den Benutzer automatisch sammelt, au\u00dfer der in den Cookies enthaltenen Informationen. Insbesondere erkl\u00e4rt der Verantwortliche, dass im Internet-Dienst keine sog. Tracking Cookies verwendet werden, d.h. solche Dateien, welche die Internetbenutzer ausspionieren k\u00f6nnen.<\/li>\n<li>Der Verantwortliche erkl\u00e4rt, dass die Cookies-Dateien f\u00fcr folgende Zwecke genutzt werden:\n<ol>\n<li>Anpassung des Inhalts des Internet-Dienstes an die Pr\u00e4ferenzen des Benutzers sowie Optimierung der Nutzung der Webseiten. Insbesondere erm\u00f6glichen diese Dateien, das Ger\u00e4t des Benutzers zu erkennen und die Webseite entsprechend &#8211; an seine individuellen Bed\u00fcrfnisse angepasst &#8211; zu zeigen.<\/li>\n<li>Aufrechterhaltung der Benutzersitzung (sofern er eingeloggt ist) und jeder Unterseite.<\/li>\n<li>Erstellung von Statistiken, welche eine Grundlage f\u00fcr die Analysen darstellen, wie die Benutzer den Internet-Dienst in Anspruch nehmen.<\/li>\n<\/ol>\n<\/li>\n<li>Der Verantwortliche erkl\u00e4rt, dass im Rahmen des Internet-Dienstes folgende Cookies-Dateien verwendet werden:\n<ol>\n<li>Session Cookies &#8211; tempor\u00e4re Cookies, die auf dem Endger\u00e4t des Benutzers bis zum Ausloggen, Verlassen der Webseite oder dem Schlie\u00dfen der Internetseite aufbewahrt werden;<\/li>\n<li>Persistent Cookies &#8211; Dateien, die auf dem Endger\u00e4t des Benutzers gem\u00e4\u00df den Parametern der Cookies-Dateien oder bis zu ihrer L\u00f6schung vom Benutzer aufbewahrt werden;<\/li>\n<li>Dateien, welche die Inanspruchnahme der Dienstleistungen im Internet-Dienst erm\u00f6glichen, z.B. Authentifizierung der Cookies-Dateien, die f\u00fcr die Dienstleistungen, welche einer Authentifizierung bed\u00fcrfen, genutzt werden;<\/li>\n<li>Dateien, welche die Sicherheit gew\u00e4hrleisten, z.B. sie werden genutzt, um die Missbr\u00e4uche im Bereich der Authentifizierung im Internet-Dienst aufzudecken;<\/li>\n<li>Dateien, welche die Sammlung von Informationen \u00fcber die Nutzung des Internet-Dienstes erm\u00f6glichen;<\/li>\n<li>Dateien, welche die Speicherung der vom Benutzer gew\u00e4hlten Einstellungen und die Personalisierung der Benutzerschnittstellen erm\u00f6glichen, z.B. im Bereich der Sprache des Benutzers;<\/li>\n<li>Dateien, welche die Lieferung an die Benutzer der Inhalte, welche ihren Interessen am meisten entsprechen, zu erm\u00f6glichen.<\/li>\n<\/ol>\n<\/li>\n<li>Die Cookies-Dateien, welche auf dem Endger\u00e4t des Benutzers gespeichert werden, k\u00f6nnen von den mit dem Verantwortlichen zusammenarbeitenden Vertrauensw\u00fcrdigen Partnern genutzt werden.<\/li>\n<li>Die Software zur Durchsicht der Internetseiten (Internet-Browser), die auf dem Markt zug\u00e4nglich ist, akzeptiert standardm\u00e4\u00dfig die Speicherung und l\u00e4sst die Aufbewahrung von Cookies-Dateien auf dem Endger\u00e4t der Benutzer zu. Jeder Benutzer hat die M\u00f6glichkeit, die Bedingungen f\u00fcr die Nutzung der Cookies in seinem Endger\u00e4t in den Einstellungen des eigenen Internet-Browsers selbst\u00e4ndig zu bestimmen.<\/li>\n<li><strong>Der Benutzer kann die Einstellungen der Cookies-Dateien jederzeit selbstst\u00e4ndig \u00e4ndern, z.B. Sie teilweise (z.B. zeitlich) beschr\u00e4nken oder die M\u00f6glichkeit, die Cookies-Dateien zu speichern, v\u00f6llig deaktivieren.<\/strong> Die Beschr\u00e4nkung in der Anwendung der Cookies-Dateien kann aber einige Funktionalit\u00e4ten der Internetseiten beeinflussen. Der Verantwortliche beh\u00e4lt sich das Recht vor, dass das Ausschalten der von Cookies-Dateien, die zur Authentifizierung und Sicherheit notwendig sind, zu Problemen in der Nutzung der Internetseiten mguide.eu f\u00fchren sowie schlimmstenfalls die Nutzung der Internetseiten mguide.eu, unm\u00f6glich machen kann.<\/li>\n<li>Die Einstellungen des Internet-Browsers im Bereich der Cookies-Dateien sind aus der Sicht der Zustimmung f\u00fcr die Nutzung der Cookies-Dateien durch die Internetseiten mguide.eu wichtig &#8211; diese Zustimmung kann auch durch entsprechende Einstellungen des Internet-Browsers erteilt werden. <strong>Werden die Cookies-Dateien nicht blockiert, so bedeutet dies die Zustimmung f\u00fcr die Verarbeitung der mittels der Cookies-Dateien eingeholten Daten durch den Verantwortlichen bzw. die Vertrauensw\u00fcrdigen Partner.<\/strong><\/li>\n<li>Ist der Benutzer mit der Verarbeitung der mittels der Cookies-Dateien eingeholten Daten durch den Verantwortlichen bzw. die Vertrauensw\u00fcrdigen Partner nicht einverstanden, so soll er die Einstellungen der Cookies-Dateien in seinem Endger\u00e4t entsprechend \u00e4ndern.<\/li>\n<li>Die Nutzung der Internetseiten mguide.eu durch den Benutzer, ohne die Cookies-Dateien im Internet-Browser zu blockieren, ist mit der Erteilung der Zustimmung f\u00fcr die Verarbeitung der mittels der Cookies-Dateien eingeholten Daten durch den Verantwortlichen bzw. die Vertrauensw\u00fcrdigen Partner zu den in Abs. 4 genannten Zwecken gleichbedeutend.<\/li>\n<li>Die Anweisungen und detaillierten Informationen \u00fcber die M\u00f6glichkeiten und Methoden der Bedienung der Cookies-Dateien\u201c, darunter \u00fcber die \u00c4nderung der Einstellungen der Cookies-Dateien, deren Blockierung und selbst\u00e4ndige L\u00f6schung in den meist bekannten Internet-Browsern sind in der \u201eHilfe-Seite\u201c des Internet-Browsers und auf folgenden Seiten zug\u00e4nglich (es reicht den nachstehenden Link anzuklicken):<\/li>\n<\/ol>\n<ul>\n<li><a href=\"http:\/\/support.microsoft.com\/kb\/196955\" target=\"_blank\" rel=\"noopener noreferrer\">Internet Explorer<\/a><\/li>\n<li><a href=\"https:\/\/support.google.com\/chrome\/answer\/95647?hl=pl\" target=\"_blank\" rel=\"noopener noreferrer\">Chrome<\/a><\/li>\n<li><a href=\"http:\/\/support.apple.com\/kb\/PH5042\" target=\"_blank\" rel=\"noopener noreferrer\">Safari<\/a><\/li>\n<li>Firefox<\/li>\n<li><a href=\"http:\/\/help.opera.com\/Windows\/12.10\/pl\/cookies.html\" target=\"_blank\" rel=\"noopener noreferrer\">Opera<\/a><\/li>\n<\/ul>\n<p>Mobile Ger\u00e4te:<\/p>\n<ul>\n<li><a href=\"https:\/\/support.google.com\/chrome\/answer\/95647?hl=pl\" target=\"_blank\" rel=\"noopener noreferrer\">Android<\/a><\/li>\n<li><a href=\"http:\/\/support.apple.com\/kb\/HT1677?viewlocale=pl_PL\" target=\"_blank\" rel=\"noopener noreferrer\">Safari<\/a><\/li>\n<li><a href=\"http:\/\/www.windowsphone.com\/pl-pl\/how-to\/wp7\/web\/changing-privacy-and-other-browser-settings\" target=\"_blank\" rel=\"noopener noreferrer\">Windows Phone<\/a><\/li>\n<\/ul>\n<p>[\/vc_column_text][\/vc_column][\/vc_row]<\/p>\n<\/div>","protected":false},"excerpt":{"rendered":"<p>[vc_row][vc_column][vc_column_text css=&#8221;&#8221;] Die Cookies-Politik stimmt mit den Rechtsanforderungen nach Art. 173, 174 und 209 des Telekommunikationsgesetzes vom 16. Juli 2004 (Einheitstext GBl. 2017 Pos. 1907 m.\u00c4.) und der Verordnung des<\/p>\n","protected":false},"author":1,"featured_media":0,"parent":0,"menu_order":0,"comment_status":"closed","ping_status":"closed","template":"","meta":{"_acf_changed":false,"footnotes":""},"class_list":["post-14797","page","type-page","status-publish","hentry"],"acf":[],"_links":{"self":[{"href":"https:\/\/mguide.eu\/de\/wp-json\/wp\/v2\/pages\/14797","targetHints":{"allow":["GET"]}}],"collection":[{"href":"https:\/\/mguide.eu\/de\/wp-json\/wp\/v2\/pages"}],"about":[{"href":"https:\/\/mguide.eu\/de\/wp-json\/wp\/v2\/types\/page"}],"author":[{"embeddable":true,"href":"https:\/\/mguide.eu\/de\/wp-json\/wp\/v2\/users\/1"}],"replies":[{"embeddable":true,"href":"https:\/\/mguide.eu\/de\/wp-json\/wp\/v2\/comments?post=14797"}],"version-history":[{"count":0,"href":"https:\/\/mguide.eu\/de\/wp-json\/wp\/v2\/pages\/14797\/revisions"}],"wp:attachment":[{"href":"https:\/\/mguide.eu\/de\/wp-json\/wp\/v2\/media?parent=14797"}],"curies":[{"name":"wp","href":"https:\/\/api.w.org\/{rel}","templated":true}]}}