{"id":14662,"date":"2019-03-12T21:00:18","date_gmt":"2019-03-12T20:00:18","guid":{"rendered":"https:\/\/mguide.eu\/produkt\/mguide-dlr-01\/"},"modified":"2024-08-01T09:56:05","modified_gmt":"2024-08-01T07:56:05","slug":"mguide-dlr-01","status":"publish","type":"product","link":"https:\/\/mguide.eu\/de\/produkt\/mguide-dlr-01\/","title":{"rendered":"mGuide DLR-01"},"content":{"rendered":"<p>Wir setzen die Tradition von mGuide&#x2122; (Eigenmarke MEXPO) der Zusammenarbeit mit Ingenieuren aus den technologisch fortgeschrittensten asiatischen L\u00e4ndern (Japan, Taiwan, Korea) fort und schufen wir das erste Tourguide System, das in ISM 2.4GHz arbeitet \u2013 universell, weltweit und ohne Lizenzierungsh\u00e4ufigkeit und dessen Reichweite in der Sichtlinie \u00fcber 150 m liegt und damit die maximale Reichweite der bisher verf\u00fcgbaren Modelle anderer Hersteller um mehr als 3 mal \u00fcbertrifft.<\/p>\n<p>Dank der digitalen Modulation, die auf dem Time-Multiple-Access-Protokoll (TDMA) basiert, \u00fcberschreitet die maximale Sendeleistung die zul\u00e4ssigen 10mW nicht.<\/p>\n<p>Merkmale von mGuide DLR<\/p>\n<p>\u00dcbertragung von 2 Sendern gleichzeitig auf demselben Kanal<br \/>\nReichweite bis zu 170 Meter in Sichtweite<br \/>\n80 Kan\u00e4le<br \/>\n2-Wege-Kommunikation zwischen den Sendern (z. B. eine Unterhaltung zwischen dem Piloten und einem F\u00fchrer f\u00fcr eine Entfernung von 150 Metern)<br \/>\nAnschluss der Audioquelle an den Sender (z.B. MP3-Player) und gleichzeitiger \u00dcbertragung von Sprach und Hintergrundmusik oder aufgezeichneten Nachrichten (erleichtert die Arbeit des Guides)<br \/>\nLaden mit einem normalen Ladeger\u00e4t f\u00fcr Mobiltelefone (Micro-USB-Eingang)<br \/>\nLaden in einem Koffer-Ladeger\u00e4t (Kontakte)<br \/>\nRegulierung der Mikrofonempfindlichkeit im Sender<br \/>\nMikrofon-Stummschaltung (Mute)<\/p>\n<p>Anwendung<\/p>\n<p>Das System wird f\u00fcr die touristischen Unternehmen empfohlen, die ihre Kunden in alle Kontinente schicken.<\/p>\n<p>Weitere Parameter des digitalen Systems Tour Guide mGuide DLR-01<\/p>\n<p>Frequenz 2403\/-2480 MHz<br \/>\n\u00dcbertragungsart \u2013 GFSK-Modulation mit Frequenzsprung<br \/>\nBetriebszeit des Empf\u00e4ngers \u2013 15h (normalerweise)<br \/>\nBetriebszeit des Senders \u2013 10h (normalerweise)<br \/>\n3,7 V Lithium-Ionen-Batterie 800 mA<br \/>\nAbmessungen 50x88x15 mm<br \/>\nGewicht 60 g<\/p>\n","protected":false},"excerpt":{"rendered":"<p>Das erste touristische F\u00fchrungssystem, das im ISM 2,4 GHz-Band arbeitet. Bei ihm besteht die M\u00f6glichkeit, gleichzeitig von zwei Sendern auf demselben Kanal zu senden. 80 Kan\u00e4le verf\u00fcgbar, mit einer Reichweite von bis zu 170 Metern bei Sichtverbindung. Laufzeit des Empf\u00e4ngers: bis zu 15 Stunden; Laufzeit des Senders: bis zu 10 Stunden.<\/p>\n","protected":false},"featured_media":41215,"template":"","meta":{"_acf_changed":false},"product_brand":[],"product_cat":[6219],"product_tag":[],"class_list":{"0":"post-14662","1":"product","2":"type-product","3":"status-publish","4":"has-post-thumbnail","6":"product_cat-modelle","7":"pa_marka-mguide-de","9":"first","10":"instock","11":"taxable","12":"shipping-taxable","13":"product-type-grouped"},"acf":[],"_links":{"self":[{"href":"https:\/\/mguide.eu\/de\/wp-json\/wp\/v2\/product\/14662","targetHints":{"allow":["GET"]}}],"collection":[{"href":"https:\/\/mguide.eu\/de\/wp-json\/wp\/v2\/product"}],"about":[{"href":"https:\/\/mguide.eu\/de\/wp-json\/wp\/v2\/types\/product"}],"wp:featuredmedia":[{"embeddable":true,"href":"https:\/\/mguide.eu\/de\/wp-json\/wp\/v2\/media\/41215"}],"wp:attachment":[{"href":"https:\/\/mguide.eu\/de\/wp-json\/wp\/v2\/media?parent=14662"}],"wp:term":[{"taxonomy":"product_brand","embeddable":true,"href":"https:\/\/mguide.eu\/de\/wp-json\/wp\/v2\/product_brand?post=14662"},{"taxonomy":"product_cat","embeddable":true,"href":"https:\/\/mguide.eu\/de\/wp-json\/wp\/v2\/product_cat?post=14662"},{"taxonomy":"product_tag","embeddable":true,"href":"https:\/\/mguide.eu\/de\/wp-json\/wp\/v2\/product_tag?post=14662"}],"curies":[{"name":"wp","href":"https:\/\/api.w.org\/{rel}","templated":true}]}}