{"id":22980,"date":"2020-10-21T15:40:11","date_gmt":"2020-10-21T13:40:11","guid":{"rendered":"https:\/\/mguide.eu\/\/?post_type=product&#038;p=22980"},"modified":"2024-07-24T12:08:04","modified_gmt":"2024-07-24T10:08:04","slug":"transportkoffer-ac-360-mit-uv-c-sterilisation","status":"publish","type":"product","link":"https:\/\/mguide.eu\/de\/produkt\/transportkoffer-ac-360-mit-uv-c-sterilisation\/","title":{"rendered":"Transportkoffer AC-360 mit UV-C-Sterilisation"},"content":{"rendered":"<p>Handlicher Koffer mit UV-C-Sterilisation<br \/>&#8211; Akku-Betrieb<br \/>&#8211; PIR-Sensor \u2013 sch\u00fctzt den Benutzer vor der Einwirkung von UV-C-Licht<br \/>&#8211; Geringes Gewicht<br \/>&#8211; Einfache und sichere Bedienung<\/p>\n<p>Dieser Koffer dient einer sicheren Sterilisation von Tourguide Sendern und Empf\u00e4ngern mit UV-C-Licht und enth\u00e4lt 2 Leuchten mit je 2+2W. Die Lampen sind mit einem PIR-Bewegungssensor ausgestattet, um die Emission von UV-C-Licht zu verhindern, sobald Bewegung in der N\u00e4he erkannt wird. Die Sterilisierung beginnt 20 Sekunden nach der Inbetriebnahme der Leuchten und bei geschlossenem Koffer. Der Vorgang dauert 60 Sekunden.<\/p>\n<p>Die Leuchten bed\u00fcrfen keinen Stromanschluss, weil sie mit Akkus ausgestattet sind. Die Aufladung erfolgt \u00fcber ein USB-Kabel (im Lieferumfang enthalten). Das vollst\u00e4ndige Laden der Leuchten dauert 1 Stunde, die Betriebsdauer bei voller Batterie \u2013 85 Minuten.<\/p>\n<p>Im Koffer haben, je nach Modell, 40 oder mehr Einheiten Platz.<\/p>\n<p>Die Leuchten sind mit einer geeigneten bakteriziden UV-Wellenl\u00e4nge &#8211; 275 nm (C-Band) ausgestattet.<\/p>\n<p>Das ultraviolette Lichtband (UV) ist in 3 Bereiche unterteilt \u2013 A, B und C. <strong>Nur der C-Bereich (100-280 nm) hat antibakterielle Eigenschaften.<\/strong><\/p>\n<p><strong>UV-C-Licht-Sterilisation vs. Coronavirus<\/strong><\/p>\n<p>Das polnische Gesundheitsamt (GIS) f\u00fchrt UV-Strahlung als eine der M\u00f6glichkeiten zur Bek\u00e4mpfung des Coronavirus auf. Ultraviolettes Licht zerst\u00f6rt seine d\u00fcnne Lipidschicht.<\/p>\n<p>VORSICHT! UV-C-Strahlung ist sch\u00e4dlich f\u00fcr Augen und Haut, Pflanzen und Tiere.<\/p>\n<p>Sie sollten sich nicht im Bereich von UV-C-Licht aufhalten. Unsere Leuchte verf\u00fcgt jedoch \u00fcber einen wirksamen Schutz \u2013 wenn eine Bewegung von einem PIR-Sensor erkannt wird, wechselt das Licht zur normalen Beleuchtung.<\/p>\n<p>Abmessungen: 155x315x460 mm<\/p>\n<p>Akkubetrieb. Kein Stromanschluss notwendig. USB-Kabel im Lieferumfang enthalten.<\/p>\n","protected":false},"excerpt":{"rendered":"<p>Ein handlicher Koffer mit UV-C-Sterilisationsfunktion: Batteriebetrieben, PIR-Sensor \u2013 sch\u00fctzt den Benutzer vor der Einwirkung von UVC-Licht, geringes Gewicht des Ger\u00e4ts, sehr einfache und sichere Bedienung.<\/p>\n","protected":false},"featured_media":26096,"template":"","meta":{"_acf_changed":false},"product_brand":[],"product_cat":[3249,1029],"product_tag":[],"class_list":{"0":"post-22980","1":"product","2":"type-product","3":"status-publish","4":"has-post-thumbnail","6":"product_cat-hygiene-de","7":"product_cat-taschen-und-transportkoffer","8":"pa_marka-mexpo-de","10":"first","11":"outofstock","12":"taxable","13":"shipping-taxable","14":"purchasable","15":"product-type-simple"},"acf":[],"_links":{"self":[{"href":"https:\/\/mguide.eu\/de\/wp-json\/wp\/v2\/product\/22980","targetHints":{"allow":["GET"]}}],"collection":[{"href":"https:\/\/mguide.eu\/de\/wp-json\/wp\/v2\/product"}],"about":[{"href":"https:\/\/mguide.eu\/de\/wp-json\/wp\/v2\/types\/product"}],"wp:featuredmedia":[{"embeddable":true,"href":"https:\/\/mguide.eu\/de\/wp-json\/wp\/v2\/media\/26096"}],"wp:attachment":[{"href":"https:\/\/mguide.eu\/de\/wp-json\/wp\/v2\/media?parent=22980"}],"wp:term":[{"taxonomy":"product_brand","embeddable":true,"href":"https:\/\/mguide.eu\/de\/wp-json\/wp\/v2\/product_brand?post=22980"},{"taxonomy":"product_cat","embeddable":true,"href":"https:\/\/mguide.eu\/de\/wp-json\/wp\/v2\/product_cat?post=22980"},{"taxonomy":"product_tag","embeddable":true,"href":"https:\/\/mguide.eu\/de\/wp-json\/wp\/v2\/product_tag?post=22980"}],"curies":[{"name":"wp","href":"https:\/\/api.w.org\/{rel}","templated":true}]}}