{"id":24259,"date":"2021-03-12T14:33:05","date_gmt":"2021-03-12T13:33:05","guid":{"rendered":"https:\/\/mguide.eu\/\/?post_type=product&#038;p=24259"},"modified":"2025-11-11T18:45:50","modified_gmt":"2025-11-11T17:45:50","slug":"personenfuehrungsanlagen-set-okayo-wt-300d-m","status":"publish","type":"product","link":"https:\/\/mguide.eu\/de\/produkt\/personenfuehrungsanlagen-set-okayo-wt-300d-m\/","title":{"rendered":"Personenf\u00fchrungsanlagen Set &#8211; Okayo WT-300D | M++"},"content":{"rendered":"<div class=\"wpb-content-wrapper\"><p>[vc_row][vc_column][vc_column_text css=&#8221;&#8221;]<strong>Zum Set geh\u00f6ren:<\/strong><\/p>\n<ul>\n<li>50 Empf\u00e4nger<\/li>\n<li>2 Sender<\/li>\n<li>50 Stk. SH-Kopfh\u00f6rer<\/li>\n<li>2 Stk. LM-Mikrofon<\/li>\n<li>Befestigungsclip f\u00fcr Lanyard<\/li>\n<li>50 hygienische Lanyards<\/li>\n<li>Tasche TBX-2 \u2013 2 Stk.<\/li>\n<li>2 Stk. Lade-Koffer HDC-300 zum gleichzeitigen Laden von 24 WT-300 Ger\u00e4ten<\/li>\n<li>kompletter Satz 104 NiMH-Akkus<\/li>\n<\/ul>\n<p><strong>Das digitale Modell WT-300D (violette Empf\u00e4nger, t\u00fcrkisfarbene Sender) ist nicht mit \u00e4lteren analogen Generationen dieses Modells kompatibel (rote Empf\u00e4nger, blaue Sender).<\/strong><br \/>\n<strong>Die fehlende Kompatibilit\u00e4t stellt keinen Reklamations- oder R\u00fcckgabegrund dar.<\/strong><\/p>\n<p><strong>Die auf dem Foto dargestellte Taschenfarbe ist ein Beispiel. Bitte fragen Sie nach den verf\u00fcgbaren Farben.<\/strong><\/p>\n<p>Das Modell Okayo WT-300 l\u00e4sst sich nicht anders als \u201ekultig\u201c beschreiben. Die roten Empf\u00e4nger begleiten Reiseleiter und Touristen in ganz Europa seit \u00fcber 10 Jahren. Sie haben eine gro\u00dfe Fangemeinde gewonnen \u2013 dank hervorragender Parameter wie Reichweite, Betriebszeit, robustem Geh\u00e4use und der einfachen Bedienung.<\/p>\n<p><strong>Alles Gute endet\u2026 um Platz f\u00fcr noch Besseres zu machen!<\/strong><\/p>\n<p>Die neue digitale Generation \u2013 das Modell Okayo WT-300D (Digital).<\/p>\n<p>Durch den Wechsel zur digitalen \u00dcbertragung k\u00f6nnen wir nicht nur einen g\u00fcnstigeren Preis im Vergleich zu den \u00e4lteren analogen Versionen anbieten (Ersatzteile f\u00fcr analoge Systeme werden nicht mehr produziert, wodurch ihre Preise steigen), sondern vor allem eine neue, bisher nicht verf\u00fcgbare <strong>Funktion der Fernkanalumschaltung in den Empf\u00e4ngern<\/strong>. Dar\u00fcber hinaus sind die Empf\u00e4nger Okayo WT-300D <strong>mit dem HAC-System (Hearing Aid Compatible)<\/strong> ausgestattet, was sie besonders benutzerfreundlich f\u00fcr Menschen mit H\u00f6rger\u00e4ten macht.<\/p>\n<p><strong>Weniger bedeutet mehr.<\/strong><\/p>\n<p>Der Okayo WT-300D verf\u00fcgt \u00fcber 25 Kan\u00e4le\u2026 Doch das ist nur scheinbar weniger als bei der \u00e4lteren Generation.<br \/>\nDer neue digitale Okayo WT-300 hat mehr Kan\u00e4le, die gleichzeitig genutzt werden k\u00f6nnen, als sein analoger Vorg\u00e4nger. Bis zu 25 Gruppen k\u00f6nnen parallel auf separaten Kan\u00e4len im selben, begrenzten Raum gef\u00fchrt werden (beim analogen Modell \u2013 bis zu 10). Das bedeutet, dass die Wahrscheinlichkeit von St\u00f6rungen durch andere Gruppen mit demselben Modell an beliebten touristischen Orten noch geringer ist.<\/p>\n<p><strong>Neues Modell \u2013 bekannte Vorteile.<\/strong><\/p>\n<p>Der Okayo WT-300D verf\u00fcgt weiterhin \u00fcber die bekannte \u2013 sehr gute \u2013 Reichweite sowie eine noch l\u00e4ngere Betriebszeit als sein analoger Vorg\u00e4nger. Mit einer einzigen Ladung bzw. einem Batteriewechsel arbeitet der Empf\u00e4nger \u00fcber 35 Stunden, also 10 Stunden l\u00e4nger.<\/p>\n<p>Das Geh\u00e4use des WT-300D hat sich \u2013 abgesehen von der Farbe \u2013 nicht ver\u00e4ndert. Es besteht weiterhin aus bew\u00e4hrtem ABS-Material, das nicht nur gegen Risse, sondern sogar gegen kleine Kratzer resistent ist. Diesmal hebt es sich jedoch durch eine au\u00dfergew\u00f6hnliche und originelle Farbgebung hervor.<\/p>\n<p>Der Sender verf\u00fcgt \u00fcber ein eingebautes Mikrofon f\u00fcr den Fall, dass das Lieblings-Au\u00dfenmikrofon, z. B. LM-90 oder HM-65, einmal verlegt wird.<\/p>\n<p><strong>Alle bisherigen Zubeh\u00f6rteile, einschlie\u00dflich der Okayo HDC-300 Ladeger\u00e4te, sind mit dem neuen Modell Okayo WT-300D kompatibel.<\/strong><\/p>\n<p><strong>Garantie \u2013 3 Jahre.<\/strong>[\/vc_column_text][\/vc_column][\/vc_row]<\/p>\n<\/div>","protected":false},"excerpt":{"rendered":"<p>Okayo WT-300D &#8211; ein neues digitales Tour-Guide-System von Okayo Electronics. Eine zeitgem\u00e4\u00dfe digitale Version der legend\u00e4ren Tour-Guide-L\u00f6sung mit neuen praktischen Funktionen.<\/p>\n<p><a href=\"https:\/\/mguide.eu\/wp-content\/uploads\/2024\/08\/DE-Baner.png\"><img loading=\"lazy\" decoding=\"async\" class=\"alignnone size-full wp-image-45229\" src=\"https:\/\/mguide.eu\/wp-content\/uploads\/2024\/08\/DE-Baner.png\" alt=\"\" width=\"630\" height=\"120\" srcset=\"https:\/\/i0.wp.com\/mguide.eu\/wp-content\/uploads\/2024\/08\/DE-Baner.png?w=630&amp;ssl=1 630w, https:\/\/i0.wp.com\/mguide.eu\/wp-content\/uploads\/2024\/08\/DE-Baner.png?resize=600%2C114&amp;ssl=1 600w\" sizes=\"auto, (max-width: 630px) 100vw, 630px\" \/><\/a><\/p>\n<div id=\"gtx-trans\" style=\"position: absolute; left: -512px; top: -10px;\">\n<div class=\"gtx-trans-icon\"><\/div>\n<\/div>\n","protected":false},"featured_media":52810,"template":"","meta":{"_acf_changed":false},"product_brand":[],"product_cat":[1031],"product_tag":[],"class_list":{"0":"post-24259","1":"product","2":"type-product","3":"status-publish","4":"has-post-thumbnail","6":"product_cat-tour-guide-sets-de","7":"pa_marka-okayo-de","9":"first","10":"instock","11":"taxable","12":"shipping-taxable","13":"purchasable","14":"product-type-simple"},"acf":[],"_links":{"self":[{"href":"https:\/\/mguide.eu\/de\/wp-json\/wp\/v2\/product\/24259","targetHints":{"allow":["GET"]}}],"collection":[{"href":"https:\/\/mguide.eu\/de\/wp-json\/wp\/v2\/product"}],"about":[{"href":"https:\/\/mguide.eu\/de\/wp-json\/wp\/v2\/types\/product"}],"wp:featuredmedia":[{"embeddable":true,"href":"https:\/\/mguide.eu\/de\/wp-json\/wp\/v2\/media\/52810"}],"wp:attachment":[{"href":"https:\/\/mguide.eu\/de\/wp-json\/wp\/v2\/media?parent=24259"}],"wp:term":[{"taxonomy":"product_brand","embeddable":true,"href":"https:\/\/mguide.eu\/de\/wp-json\/wp\/v2\/product_brand?post=24259"},{"taxonomy":"product_cat","embeddable":true,"href":"https:\/\/mguide.eu\/de\/wp-json\/wp\/v2\/product_cat?post=24259"},{"taxonomy":"product_tag","embeddable":true,"href":"https:\/\/mguide.eu\/de\/wp-json\/wp\/v2\/product_tag?post=24259"}],"curies":[{"name":"wp","href":"https:\/\/api.w.org\/{rel}","templated":true}]}}