{"id":27599,"date":"2021-12-02T11:56:50","date_gmt":"2021-12-02T10:56:50","guid":{"rendered":"https:\/\/mguide.eu\/?post_type=product&#038;p=27599"},"modified":"2024-07-24T12:22:27","modified_gmt":"2024-07-24T10:22:27","slug":"hmr-13-headset-mikrofon-headset","status":"publish","type":"product","link":"https:\/\/mguide.eu\/de\/produkt\/hmr-13-headset-mikrofon-headset\/","title":{"rendered":"HMR-13 Headset (Mikrofon-Headset)"},"content":{"rendered":"<p>Dieses monophone Headset ist f\u00fcr den ganzen Tag geeignet und wird mit einem Kopfb\u00fcgel und einem weichen Schaumstoff-Ohrh\u00f6rer f\u00fcr mehr Komfort geliefert. Die extrem leichte Struktur ist perfekt f\u00fcr die Kommunikation im Stra\u00dfenverkehr. Der flexible Mikrofonarm erm\u00f6glicht die Anpassung und Optimierung der Mikrofonposition.<\/p>\n","protected":false},"excerpt":{"rendered":"<p>Headset (Kopfh\u00f6rer und Mikrofon) HMR-13. Das Mono-Headset ist mit einem Kopfb\u00fcgel und Ohrpolstern aus weichem Schwamm ausgestattet, die f\u00fcr Komfort sorgen. Leichtbauweise. Flexibler, verstellbarer Mikrofonarm. Kompatibilit\u00e4t Axiwi, Okayo FreeCom.<\/p>\n","protected":false},"featured_media":27607,"template":"","meta":{"_acf_changed":false},"product_brand":[],"product_cat":[4462],"product_tag":[],"class_list":{"0":"post-27599","1":"product","2":"type-product","3":"status-publish","4":"has-post-thumbnail","6":"product_cat-headsets-de","7":"pa_marka-linkx-de","9":"first","10":"instock","11":"taxable","12":"shipping-taxable","13":"purchasable","14":"product-type-simple"},"acf":[],"_links":{"self":[{"href":"https:\/\/mguide.eu\/de\/wp-json\/wp\/v2\/product\/27599","targetHints":{"allow":["GET"]}}],"collection":[{"href":"https:\/\/mguide.eu\/de\/wp-json\/wp\/v2\/product"}],"about":[{"href":"https:\/\/mguide.eu\/de\/wp-json\/wp\/v2\/types\/product"}],"wp:featuredmedia":[{"embeddable":true,"href":"https:\/\/mguide.eu\/de\/wp-json\/wp\/v2\/media\/27607"}],"wp:attachment":[{"href":"https:\/\/mguide.eu\/de\/wp-json\/wp\/v2\/media?parent=27599"}],"wp:term":[{"taxonomy":"product_brand","embeddable":true,"href":"https:\/\/mguide.eu\/de\/wp-json\/wp\/v2\/product_brand?post=27599"},{"taxonomy":"product_cat","embeddable":true,"href":"https:\/\/mguide.eu\/de\/wp-json\/wp\/v2\/product_cat?post=27599"},{"taxonomy":"product_tag","embeddable":true,"href":"https:\/\/mguide.eu\/de\/wp-json\/wp\/v2\/product_tag?post=27599"}],"curies":[{"name":"wp","href":"https:\/\/api.w.org\/{rel}","templated":true}]}}