{"id":27647,"date":"2021-12-07T11:46:04","date_gmt":"2021-12-07T10:46:04","guid":{"rendered":"https:\/\/mguide.eu\/?post_type=product&#038;p=27647"},"modified":"2024-07-24T12:22:09","modified_gmt":"2024-07-24T10:22:09","slug":"hem-30-headset-mikrofon-headset","status":"publish","type":"product","link":"https:\/\/mguide.eu\/de\/produkt\/hem-30-headset-mikrofon-headset\/","title":{"rendered":"HEM-30 Headset (Mikrofon-Headset)"},"content":{"rendered":"<p>Leichtes und professionelles Mono-Headset. Stirnband mit Ohrh\u00f6rer an einem Kabel. Es passt sich jedem Benutzer individuell an. Die H\u00f6rmuschel bietet eine st\u00e4rkere Ger\u00e4uschunterdr\u00fcckung aus der Umgebung und damit einen besseren Empfang der \u00dcbertragung.<\/p>\n","protected":false},"excerpt":{"rendered":"<p>Headset (Kopfh\u00f6rer und Mikrofon) HEM-30. Leichtes und professionelles Mono-Headset. Stirnband mit Kopfh\u00f6rer am Kabel. Es passt sich jedem Benutzer individuell an. Der Kopfh\u00f6rer sorgt f\u00fcr eine st\u00e4rkere Reduzierung von Umgebungsger\u00e4uschen.<\/p>\n","protected":false},"featured_media":27655,"template":"","meta":{"_acf_changed":false},"product_brand":[],"product_cat":[4462],"product_tag":[],"class_list":{"0":"post-27647","1":"product","2":"type-product","3":"status-publish","4":"has-post-thumbnail","6":"product_cat-headsets-de","7":"pa_marka-okayo-de","9":"first","10":"instock","11":"taxable","12":"shipping-taxable","13":"purchasable","14":"product-type-simple"},"acf":[],"_links":{"self":[{"href":"https:\/\/mguide.eu\/de\/wp-json\/wp\/v2\/product\/27647","targetHints":{"allow":["GET"]}}],"collection":[{"href":"https:\/\/mguide.eu\/de\/wp-json\/wp\/v2\/product"}],"about":[{"href":"https:\/\/mguide.eu\/de\/wp-json\/wp\/v2\/types\/product"}],"wp:featuredmedia":[{"embeddable":true,"href":"https:\/\/mguide.eu\/de\/wp-json\/wp\/v2\/media\/27655"}],"wp:attachment":[{"href":"https:\/\/mguide.eu\/de\/wp-json\/wp\/v2\/media?parent=27647"}],"wp:term":[{"taxonomy":"product_brand","embeddable":true,"href":"https:\/\/mguide.eu\/de\/wp-json\/wp\/v2\/product_brand?post=27647"},{"taxonomy":"product_cat","embeddable":true,"href":"https:\/\/mguide.eu\/de\/wp-json\/wp\/v2\/product_cat?post=27647"},{"taxonomy":"product_tag","embeddable":true,"href":"https:\/\/mguide.eu\/de\/wp-json\/wp\/v2\/product_tag?post=27647"}],"curies":[{"name":"wp","href":"https:\/\/api.w.org\/{rel}","templated":true}]}}