{"id":27661,"date":"2021-12-07T12:28:06","date_gmt":"2021-12-07T11:28:06","guid":{"rendered":"https:\/\/mguide.eu\/?post_type=product&#038;p=27661"},"modified":"2024-07-24T12:17:27","modified_gmt":"2024-07-24T10:17:27","slug":"hdb-02g-headset-mikrofon-headset","status":"publish","type":"product","link":"https:\/\/mguide.eu\/de\/produkt\/hdb-02g-headset-mikrofon-headset\/","title":{"rendered":"HDB-02G Headset (Mikrofon-Headset)"},"content":{"rendered":"<p>Ein langlebiges Headset, das Umgebungsger\u00e4usche deutlich reduziert, ideal f\u00fcr die Arbeit in einer Umgebung mit hohem Ger\u00e4uschpegel. Der Benutzer hat ein Mikrofon-Lautst\u00e4rke-Potentiometer und eine &#8220;Mute&#8221;-Taste am Kabel.<\/p>\n","protected":false},"excerpt":{"rendered":"<p>Headset (Kopfh\u00f6rer und Mikrofon) HDB-02G. Robustes Headset, das Umgebungsger\u00e4usche erheblich reduziert. Mikrofonlautst\u00e4rke-Potentiometer und Stummschalttaste. Mark Maytel. Kompatibilit\u00e4t mit Maytel Grand Multicom.<\/p>\n","protected":false},"featured_media":27669,"template":"","meta":{"_acf_changed":false},"product_brand":[],"product_cat":[4462],"product_tag":[],"class_list":{"0":"post-27661","1":"product","2":"type-product","3":"status-publish","4":"has-post-thumbnail","6":"product_cat-headsets-de","7":"pa_marka-maytel-de","9":"first","10":"instock","11":"taxable","12":"shipping-taxable","13":"purchasable","14":"product-type-simple"},"acf":[],"_links":{"self":[{"href":"https:\/\/mguide.eu\/de\/wp-json\/wp\/v2\/product\/27661","targetHints":{"allow":["GET"]}}],"collection":[{"href":"https:\/\/mguide.eu\/de\/wp-json\/wp\/v2\/product"}],"about":[{"href":"https:\/\/mguide.eu\/de\/wp-json\/wp\/v2\/types\/product"}],"wp:featuredmedia":[{"embeddable":true,"href":"https:\/\/mguide.eu\/de\/wp-json\/wp\/v2\/media\/27669"}],"wp:attachment":[{"href":"https:\/\/mguide.eu\/de\/wp-json\/wp\/v2\/media?parent=27661"}],"wp:term":[{"taxonomy":"product_brand","embeddable":true,"href":"https:\/\/mguide.eu\/de\/wp-json\/wp\/v2\/product_brand?post=27661"},{"taxonomy":"product_cat","embeddable":true,"href":"https:\/\/mguide.eu\/de\/wp-json\/wp\/v2\/product_cat?post=27661"},{"taxonomy":"product_tag","embeddable":true,"href":"https:\/\/mguide.eu\/de\/wp-json\/wp\/v2\/product_tag?post=27661"}],"curies":[{"name":"wp","href":"https:\/\/api.w.org\/{rel}","templated":true}]}}