{"id":27952,"date":"2021-12-15T12:17:37","date_gmt":"2021-12-15T11:17:37","guid":{"rendered":"https:\/\/mguide.eu\/?post_type=product&#038;p=27952"},"modified":"2024-07-24T12:18:55","modified_gmt":"2024-07-24T10:18:55","slug":"he-005-headset-mikrofon-headset","status":"publish","type":"product","link":"https:\/\/mguide.eu\/de\/produkt\/he-005-headset-mikrofon-headset\/","title":{"rendered":"HE-005 Headset (Mikrofon-Headset)"},"content":{"rendered":"<p>Ein Headset f\u00fcr Personen, die in der Sicherheit, in der Gastronomie arbeiten oder ohne auff\u00e4llige Ohrh\u00f6rer kommunizieren m\u00f6chten. Die einzigartige Technologie des Schlauchs des Mobilteils macht die Verwendung sehr diskret. Das Mikrofon wird als Halsbandmikrofon bezeichnet und wird auch in verschiedenen Sportarten verwendet.<\/p>\n","protected":false},"excerpt":{"rendered":"<p>Headset HE-005, sehr diskreter Ohrh\u00f6rer, Kragenmikrofon. Perfekt f\u00fcr Sportler, Mitarbeiter im Sicherheitsbereich und in der Gastronomie.<\/p>\n","protected":false},"featured_media":27960,"template":"","meta":{"_acf_changed":false},"product_brand":[],"product_cat":[4462],"product_tag":[],"class_list":{"0":"post-27952","1":"product","2":"type-product","3":"status-publish","4":"has-post-thumbnail","6":"product_cat-headsets-de","7":"pa_marka-axiwi-de","9":"first","10":"instock","11":"taxable","12":"shipping-taxable","13":"purchasable","14":"product-type-simple"},"acf":[],"_links":{"self":[{"href":"https:\/\/mguide.eu\/de\/wp-json\/wp\/v2\/product\/27952","targetHints":{"allow":["GET"]}}],"collection":[{"href":"https:\/\/mguide.eu\/de\/wp-json\/wp\/v2\/product"}],"about":[{"href":"https:\/\/mguide.eu\/de\/wp-json\/wp\/v2\/types\/product"}],"wp:featuredmedia":[{"embeddable":true,"href":"https:\/\/mguide.eu\/de\/wp-json\/wp\/v2\/media\/27960"}],"wp:attachment":[{"href":"https:\/\/mguide.eu\/de\/wp-json\/wp\/v2\/media?parent=27952"}],"wp:term":[{"taxonomy":"product_brand","embeddable":true,"href":"https:\/\/mguide.eu\/de\/wp-json\/wp\/v2\/product_brand?post=27952"},{"taxonomy":"product_cat","embeddable":true,"href":"https:\/\/mguide.eu\/de\/wp-json\/wp\/v2\/product_cat?post=27952"},{"taxonomy":"product_tag","embeddable":true,"href":"https:\/\/mguide.eu\/de\/wp-json\/wp\/v2\/product_tag?post=27952"}],"curies":[{"name":"wp","href":"https:\/\/api.w.org\/{rel}","templated":true}]}}