{"id":28000,"date":"2021-12-15T13:07:04","date_gmt":"2021-12-15T12:07:04","guid":{"rendered":"https:\/\/mguide.eu\/?post_type=product&#038;p=28000"},"modified":"2024-07-24T12:19:21","modified_gmt":"2024-07-24T10:19:21","slug":"he-010-headset-mikrofon-headset","status":"publish","type":"product","link":"https:\/\/mguide.eu\/de\/produkt\/he-010-headset-mikrofon-headset\/","title":{"rendered":"HE-010 Headset (Mikrofon-Headset)"},"content":{"rendered":"<p>Gute Klangqualit\u00e4t und toller Tragekomfort. Es hat einen universellen Kopfh\u00f6rer. Enth\u00e4lt 3 universelle Ohrh\u00f6rer, die in jedes Ohr passen.<\/p>\n","protected":false},"excerpt":{"rendered":"<p>Headset (Kopfh\u00f6rer und Mikrofon) HE-010, gute Klangqualit\u00e4t und hoher Tragekomfort. Es verf\u00fcgt \u00fcber ein universelles Mobilteil. Enth\u00e4lt Ohrh\u00f6rer in 3 Universalgr\u00f6\u00dfen.<\/p>\n","protected":false},"featured_media":28008,"template":"","meta":{"_acf_changed":false},"product_brand":[],"product_cat":[4462],"product_tag":[],"class_list":{"0":"post-28000","1":"product","2":"type-product","3":"status-publish","4":"has-post-thumbnail","6":"product_cat-headsets-de","7":"pa_marka-axiwi-de","9":"first","10":"instock","11":"taxable","12":"shipping-taxable","13":"purchasable","14":"product-type-simple"},"acf":[],"_links":{"self":[{"href":"https:\/\/mguide.eu\/de\/wp-json\/wp\/v2\/product\/28000","targetHints":{"allow":["GET"]}}],"collection":[{"href":"https:\/\/mguide.eu\/de\/wp-json\/wp\/v2\/product"}],"about":[{"href":"https:\/\/mguide.eu\/de\/wp-json\/wp\/v2\/types\/product"}],"wp:featuredmedia":[{"embeddable":true,"href":"https:\/\/mguide.eu\/de\/wp-json\/wp\/v2\/media\/28008"}],"wp:attachment":[{"href":"https:\/\/mguide.eu\/de\/wp-json\/wp\/v2\/media?parent=28000"}],"wp:term":[{"taxonomy":"product_brand","embeddable":true,"href":"https:\/\/mguide.eu\/de\/wp-json\/wp\/v2\/product_brand?post=28000"},{"taxonomy":"product_cat","embeddable":true,"href":"https:\/\/mguide.eu\/de\/wp-json\/wp\/v2\/product_cat?post=28000"},{"taxonomy":"product_tag","embeddable":true,"href":"https:\/\/mguide.eu\/de\/wp-json\/wp\/v2\/product_tag?post=28000"}],"curies":[{"name":"wp","href":"https:\/\/api.w.org\/{rel}","templated":true}]}}