{"id":28709,"date":"2022-02-10T10:11:13","date_gmt":"2022-02-10T09:11:13","guid":{"rendered":"https:\/\/mguide.eu\/?post_type=product&#038;p=28709"},"modified":"2024-08-01T10:33:48","modified_gmt":"2024-08-01T08:33:48","slug":"personenfuhrungssystem-okayo-wavetalk-empfanger","status":"publish","type":"product","link":"https:\/\/mguide.eu\/de\/produkt\/personenfuhrungssystem-okayo-wavetalk-empfanger\/","title":{"rendered":"Personenf\u00fchrungssystem &#8211; Okayo WaveTalk Empf\u00e4nger"},"content":{"rendered":"<p>Unidirektionaler, digitaler UHF-Tourguide-Empf\u00e4nger. 823 MHz ~ 832 MHz + 863 MHz ~ 865 MHz, 42 Kan\u00e4le. Reichweite bis zu 150 Meter in Sichtlinie. Eingebauter Li-Pol 3,7 V 1300 mAh Akku. Die Betriebszeit des Empf\u00e4ngers betr\u00e4gt ca. 30 Stunden.<\/p>\n<p><strong>WaveTalk ist ein neues digitales Tourguide-System, das entwickelt wurde, um den Nutzern die beste Leistung hinsichtlich Reichweite, Betriebszeit und Funktionalit\u00e4t zu bieten und das in einem m\u00f6glichst kleinen Geh\u00e4use mit geringem Gewicht.<\/strong><\/p>\n<p><strong>So leicht wie eine Radiowelle<\/strong><\/p>\n<p>Durch die Verwendung eines eingebauten Lithium-Ionen-Akkus in WaveTalk-Sendern und -Empf\u00e4ngern \u00e4hnelt das Ger\u00e4t in seiner Form einer Kreditkarte und wiegt nicht mehr als&#8230; 60 Gramm!<\/p>\n<p>Was bedeutet das in der Praxis? Selbst eine zierliche Person kann problemlos eine Tasche oder einen Rucksack mit 50 Empf\u00e4ngern und Kopfh\u00f6rern f\u00fcr eine gro\u00dfe Gruppe tragen.<\/p>\n<p><strong>Leistungsstark und energieeffizient<\/strong><\/p>\n<p>Die Betriebszeit des Empf\u00e4ngers betr\u00e4gt \u00fcber 30 Stunden, w\u00e4hrend das Aufladen mit einem Ladeger\u00e4t nur zwei bis vier Stunden dauert. Dar\u00fcber hinaus kann das Ger\u00e4t auch schnell \u00fcber ein Handy-Ladeger\u00e4t, eine Powerbank oder einen Computer aufgeladen werden, da es \u00fcber einen USB-Typ-C-Anschluss verf\u00fcgt, der bereits in immer mehr Handys und anderen elektronischen Ger\u00e4ten zu finden ist.<\/p>\n<p><strong>Funktionalit\u00e4t? Kompromisslos<\/strong><\/p>\n<p>WaveTalk verf\u00fcgt \u00fcber bis zu 42 Funkkan\u00e4le in 4GFSK digitaler Frequenzmodulation und zwei kombinierte Frequenzb\u00e4nder von 823 MHz ~ 832 MHz \/ 863 MHz ~ 865 MHz. Das Ger\u00e4t ist au\u00dferdem mit einer automatischen Clean Channel-Suchfunktion ausgestattet, die dem Nutzer ein absolut sicheres und \u00fcbertragungsfreies System f\u00fcr F\u00fchrungen bietet.<\/p>\n<p>WaveTalk garantiert die h\u00f6chste Tonqualit\u00e4t und optimiert das H\u00f6rerlebnis dank seiner ausgekl\u00fcgelten technischen Parameter.<br \/>\nDer Kopfh\u00f6reranschluss des Empf\u00e4ngers ist mit dem HAC-System (Hearing-Aid-Compatible) ausgestattet, was bedeutet, dass die an den Empf\u00e4nger angeschlossenen Kopfh\u00f6rer mit dem H\u00f6rger\u00e4t des Benutzers kompatibel sind.<\/p>\n<p>Der Okayo WaveTalk Tourguide-Sender ist in drei Varianten erh\u00e4ltlich: als traditionelle Kompaktversion, als drahtloses Handmikrofon und als station\u00e4rer Sender.<\/p>\n<p><strong>Anwendungsbereich:<\/strong><\/p>\n<ul>\n<li>F\u00fchrungen und organisierte Reisegruppen<\/li>\n<li>Kommunikation mit der Gruppe in einer lauten Umgebung<\/li>\n<li>Simultandolmetschen und Audiodeskription<\/li>\n<li>Schulungen, Konferenzen und Vortr\u00e4ge<\/li>\n<li>Training<\/li>\n<\/ul>\n<p><strong>Eigenschaften des Okayo WaveTalk:<\/strong><\/p>\n<ul>\n<li>4GFSK digitale Modulations\u00fcbertragung mit Rauschunterdr\u00fcckungstechnologie<\/li>\n<li>42 Kan\u00e4le in den Frequenzb\u00e4ndern 823 MHz ~ 832 MHz und 865 MHz ~ 863 MHz<\/li>\n<li>kleine und kompakte Gr\u00f6\u00dfe sowie geringes Gewicht &#8211; weniger als 60 Gramm<\/li>\n<li>\u00fcber 150 Meter Reichweite<\/li>\n<li>\u00fcber 30 Stunden Akkulaufzeit bei nur zwei bis vier Stunden Ladezeit<\/li>\n<li>zwei Ladeoptionen verf\u00fcgbar: \u00fcber USB-C oder mit dem speziellen Ladeger\u00e4t<\/li>\n<li>Clean Channel-Suchfunktion und ferngesteuerter Kanalwechsel der Empf\u00e4nger<\/li>\n<li>eine Taste zum Ausschalten aller Empf\u00e4nger &#8211; energiesparend<\/li>\n<\/ul>\n<p><strong>Erh\u00e4ltliches Zubeh\u00f6r:<\/strong><\/p>\n<ul>\n<li>Ladeger\u00e4te f\u00fcr 12 oder 24 Ger\u00e4te<\/li>\n<li>Taschensender, drahtloses Handmikrofon, station\u00e4rer Sender<\/li>\n<li>Taschen, Rucks\u00e4cke<\/li>\n<\/ul>\n","protected":false},"excerpt":{"rendered":"<p>Unidirektionaler, digitaler UHF-Tourguide-Empf\u00e4nger. 823 MHz ~ 832 MHz + 863 MHz ~ 865 MHz, 42 Kan\u00e4le. Reichweite bis zu 150 Meter in Sichtlinie. Eingebauter Akku: Li-Pol 3,7 V, 1300 mAh. Betriebszeit des Empf\u00e4ngers: Ca. 30 Stunden.<\/p>\n","protected":false},"featured_media":29048,"template":"","meta":{"_acf_changed":false},"product_brand":[],"product_cat":[1022],"product_tag":[],"class_list":{"0":"post-28709","1":"product","2":"type-product","3":"status-publish","4":"has-post-thumbnail","6":"product_cat-sender-und-empfaenger","7":"pa_marka-okayo-de","9":"first","10":"instock","11":"taxable","12":"shipping-taxable","13":"purchasable","14":"product-type-simple"},"acf":[],"_links":{"self":[{"href":"https:\/\/mguide.eu\/de\/wp-json\/wp\/v2\/product\/28709","targetHints":{"allow":["GET"]}}],"collection":[{"href":"https:\/\/mguide.eu\/de\/wp-json\/wp\/v2\/product"}],"about":[{"href":"https:\/\/mguide.eu\/de\/wp-json\/wp\/v2\/types\/product"}],"wp:featuredmedia":[{"embeddable":true,"href":"https:\/\/mguide.eu\/de\/wp-json\/wp\/v2\/media\/29048"}],"wp:attachment":[{"href":"https:\/\/mguide.eu\/de\/wp-json\/wp\/v2\/media?parent=28709"}],"wp:term":[{"taxonomy":"product_brand","embeddable":true,"href":"https:\/\/mguide.eu\/de\/wp-json\/wp\/v2\/product_brand?post=28709"},{"taxonomy":"product_cat","embeddable":true,"href":"https:\/\/mguide.eu\/de\/wp-json\/wp\/v2\/product_cat?post=28709"},{"taxonomy":"product_tag","embeddable":true,"href":"https:\/\/mguide.eu\/de\/wp-json\/wp\/v2\/product_tag?post=28709"}],"curies":[{"name":"wp","href":"https:\/\/api.w.org\/{rel}","templated":true}]}}