{"id":28969,"date":"2022-02-21T11:09:24","date_gmt":"2022-02-21T10:09:24","guid":{"rendered":"https:\/\/mguide.eu\/?post_type=product&#038;p=28969"},"modified":"2022-02-21T11:35:09","modified_gmt":"2022-02-21T10:35:09","slug":"axiwi-cr-011-ladegerat","status":"publish","type":"product","link":"https:\/\/mguide.eu\/de\/produkt\/axiwi-cr-011-ladegerat\/","title":{"rendered":"Axiwi CR-011 Ladeger\u00e4t"},"content":{"rendered":"<p>Die Ladestation f\u00fcr 10 AT-350 wird mit passendem Netzteil und Netzkabel geliefert. Bis zu 10 AXIWI AT-350 Ger\u00e4te passen sicher in das Ladeger\u00e4t, und wenn das Netzkabel angeschlossen ist, k\u00f6nnen Sie den Ladevorgang durch Dr\u00fccken der \u201ePower\u201c-Taste starten.<\/p>\n","protected":false},"excerpt":{"rendered":"<p>Die Ladestation f\u00fcr 10 AT-350 wird mit passendem Netzteil und Netzkabel geliefert. Bis zu 10 AXIWI AT-350 Ger\u00e4te passen sicher in das Ladeger\u00e4t, und wenn das Netzkabel angeschlossen ist, k\u00f6nnen Sie den Ladevorgang durch Dr\u00fccken der \u201ePower\u201c-Taste starten.<\/p>\n","protected":false},"featured_media":28977,"template":"","meta":{"_acf_changed":false},"product_brand":[],"product_cat":[5163],"product_tag":[],"class_list":{"0":"post-28969","1":"product","2":"type-product","3":"status-publish","4":"has-post-thumbnail","6":"product_cat-ladegeraete-fuer-sprechanlagen","7":"pa_marka-axiwi-de","9":"first","10":"instock","11":"taxable","12":"shipping-taxable","13":"purchasable","14":"product-type-simple"},"acf":[],"_links":{"self":[{"href":"https:\/\/mguide.eu\/de\/wp-json\/wp\/v2\/product\/28969","targetHints":{"allow":["GET"]}}],"collection":[{"href":"https:\/\/mguide.eu\/de\/wp-json\/wp\/v2\/product"}],"about":[{"href":"https:\/\/mguide.eu\/de\/wp-json\/wp\/v2\/types\/product"}],"wp:featuredmedia":[{"embeddable":true,"href":"https:\/\/mguide.eu\/de\/wp-json\/wp\/v2\/media\/28977"}],"wp:attachment":[{"href":"https:\/\/mguide.eu\/de\/wp-json\/wp\/v2\/media?parent=28969"}],"wp:term":[{"taxonomy":"product_brand","embeddable":true,"href":"https:\/\/mguide.eu\/de\/wp-json\/wp\/v2\/product_brand?post=28969"},{"taxonomy":"product_cat","embeddable":true,"href":"https:\/\/mguide.eu\/de\/wp-json\/wp\/v2\/product_cat?post=28969"},{"taxonomy":"product_tag","embeddable":true,"href":"https:\/\/mguide.eu\/de\/wp-json\/wp\/v2\/product_tag?post=28969"}],"curies":[{"name":"wp","href":"https:\/\/api.w.org\/{rel}","templated":true}]}}