{"id":29630,"date":"2022-05-04T10:05:25","date_gmt":"2022-05-04T08:05:25","guid":{"rendered":"https:\/\/mguide.eu\/?post_type=product&#038;p=29630"},"modified":"2025-11-11T18:36:31","modified_gmt":"2025-11-11T17:36:31","slug":"okayo-otg-102-mguide-us-ready-tourguide-set-fur-fremdenfuhrer-s-102","status":"publish","type":"product","link":"https:\/\/mguide.eu\/de\/produkt\/okayo-otg-102-mguide-us-ready-tourguide-set-fur-fremdenfuhrer-s-102\/","title":{"rendered":"Okayo OTG-102 mGuide US Ready Tourguide-Set f\u00fcr Fremdenf\u00fchrer| S (10+2)"},"content":{"rendered":"<p>Tourguide-Set f\u00fcr Fremdenf\u00fchrer und kleine Gruppen, basiert auf dem hochmodernen Modell OTG-102. Dieses Modell kann sowohl in Europa als auch in den USA eingesetzt werden.<\/p>\n<p>Das Set enth\u00e4lt:<br \/>\n&#8211; 10 Okayo OTG-102R-Empf\u00e4nger<br \/>\n&#8211; 2 Okayo OTG-102T-Sender<br \/>\n&#8211; 2 LM-Mikrofone<br \/>\n&#8211; 10 SH-2-Kopfh\u00f6rer<br \/>\n&#8211; 50 Hygiene-Lanyards<br \/>\n&#8211; 15 Lanyard-Clips TBX-2-Tasche mit Schaumstoffeinlagen<\/p>\n<p>Im Set ist NICHT INBEGRIFFEN:<br \/>\n&#8211; Batterien\/Akkus<br \/>\n&#8211; Ladeger\u00e4t<\/p>\n<p>Zum Betrieb des Empf\u00e4ngers\/Senders sind 1 oder 2 AA\/R6-Alkalibatterien oder 2 AA\/R6-NiMG-Akkus erforderlich<\/p>\n","protected":false},"excerpt":{"rendered":"<p>Tourguide-Set f\u00fcr Fremdenf\u00fchrer und kleine Gruppen, basiert auf dem hochmodernen Modell OTG-102. Dieses Modell kann sowohl in Europa als auch in den USA eingesetzt werden.<\/p>\n<p><a href=\"https:\/\/mguide.eu\/wp-content\/uploads\/2024\/08\/DE-Baner.png\"><img loading=\"lazy\" decoding=\"async\" class=\"alignnone size-full wp-image-45225\" src=\"https:\/\/mguide.eu\/wp-content\/uploads\/2024\/08\/DE-Baner.png\" alt=\"\" width=\"630\" height=\"120\" srcset=\"https:\/\/i0.wp.com\/mguide.eu\/wp-content\/uploads\/2024\/08\/DE-Baner.png?w=630&amp;ssl=1 630w, https:\/\/i0.wp.com\/mguide.eu\/wp-content\/uploads\/2024\/08\/DE-Baner.png?resize=600%2C114&amp;ssl=1 600w\" sizes=\"auto, (max-width: 630px) 100vw, 630px\" \/><\/a><\/p>\n","protected":false},"featured_media":52803,"template":"","meta":{"_acf_changed":false},"product_brand":[],"product_cat":[1031],"product_tag":[],"class_list":{"0":"post-29630","1":"product","2":"type-product","3":"status-publish","4":"has-post-thumbnail","6":"product_cat-tour-guide-sets-de","7":"pa_marka-okayo-de","9":"first","10":"instock","11":"taxable","12":"shipping-taxable","13":"purchasable","14":"product-type-simple"},"acf":[],"_links":{"self":[{"href":"https:\/\/mguide.eu\/de\/wp-json\/wp\/v2\/product\/29630","targetHints":{"allow":["GET"]}}],"collection":[{"href":"https:\/\/mguide.eu\/de\/wp-json\/wp\/v2\/product"}],"about":[{"href":"https:\/\/mguide.eu\/de\/wp-json\/wp\/v2\/types\/product"}],"wp:featuredmedia":[{"embeddable":true,"href":"https:\/\/mguide.eu\/de\/wp-json\/wp\/v2\/media\/52803"}],"wp:attachment":[{"href":"https:\/\/mguide.eu\/de\/wp-json\/wp\/v2\/media?parent=29630"}],"wp:term":[{"taxonomy":"product_brand","embeddable":true,"href":"https:\/\/mguide.eu\/de\/wp-json\/wp\/v2\/product_brand?post=29630"},{"taxonomy":"product_cat","embeddable":true,"href":"https:\/\/mguide.eu\/de\/wp-json\/wp\/v2\/product_cat?post=29630"},{"taxonomy":"product_tag","embeddable":true,"href":"https:\/\/mguide.eu\/de\/wp-json\/wp\/v2\/product_tag?post=29630"}],"curies":[{"name":"wp","href":"https:\/\/api.w.org\/{rel}","templated":true}]}}