{"id":29964,"date":"2022-06-07T12:33:54","date_gmt":"2022-06-07T10:33:54","guid":{"rendered":"https:\/\/mguide.eu\/produkt\/ersatzuberzuge-aus-gummi-universelle-fur-in-ear-kanalkopfhorer-ugm\/"},"modified":"2022-06-07T12:33:54","modified_gmt":"2022-06-07T10:33:54","slug":"ersatzuberzuge-aus-gummi-universelle-fur-in-ear-kanalkopfhorer-ugm","status":"publish","type":"product","link":"https:\/\/mguide.eu\/de\/produkt\/ersatzuberzuge-aus-gummi-universelle-fur-in-ear-kanalkopfhorer-ugm\/","title":{"rendered":"Ersatz\u00fcberz\u00fcge aus gummi universelle f\u00fcr in-ear-kanalkopfh\u00f6rer UGM"},"content":{"rendered":"<p>Aus weichem Gummi. Sie reizen das Ohr nicht. F\u00fcr die Kopfh\u00f6rer EM-100 und Headset-Mikrofon EMC-100, HEM-30 bestimmt. <\/p>\n","protected":false},"excerpt":{"rendered":"<p>Aus weichem Gummi. Sie reizen das Ohr nicht. F\u00fcr die Kopfh\u00f6rer EM-100 und Headset-Mikrofon EMC-100, HEM-30 bestimmt. <\/p>\n","protected":false},"featured_media":29955,"template":"","meta":{"_acf_changed":false},"product_brand":[],"product_cat":[3249],"product_tag":[],"class_list":{"0":"post-29964","1":"product","2":"type-product","3":"status-publish","4":"has-post-thumbnail","6":"product_cat-hygiene-de","8":"first","9":"instock","10":"taxable","11":"shipping-taxable","12":"purchasable","13":"product-type-variable"},"acf":[],"_links":{"self":[{"href":"https:\/\/mguide.eu\/de\/wp-json\/wp\/v2\/product\/29964","targetHints":{"allow":["GET"]}}],"collection":[{"href":"https:\/\/mguide.eu\/de\/wp-json\/wp\/v2\/product"}],"about":[{"href":"https:\/\/mguide.eu\/de\/wp-json\/wp\/v2\/types\/product"}],"wp:featuredmedia":[{"embeddable":true,"href":"https:\/\/mguide.eu\/de\/wp-json\/wp\/v2\/media\/29955"}],"wp:attachment":[{"href":"https:\/\/mguide.eu\/de\/wp-json\/wp\/v2\/media?parent=29964"}],"wp:term":[{"taxonomy":"product_brand","embeddable":true,"href":"https:\/\/mguide.eu\/de\/wp-json\/wp\/v2\/product_brand?post=29964"},{"taxonomy":"product_cat","embeddable":true,"href":"https:\/\/mguide.eu\/de\/wp-json\/wp\/v2\/product_cat?post=29964"},{"taxonomy":"product_tag","embeddable":true,"href":"https:\/\/mguide.eu\/de\/wp-json\/wp\/v2\/product_tag?post=29964"}],"curies":[{"name":"wp","href":"https:\/\/api.w.org\/{rel}","templated":true}]}}