{"id":29988,"date":"2022-06-07T12:52:16","date_gmt":"2022-06-07T10:52:16","guid":{"rendered":"https:\/\/mguide.eu\/produkt\/ersatzuberzuge-aus-gummi-fur-in-ear-kanalkopfhorer-wgm\/"},"modified":"2025-06-10T13:48:24","modified_gmt":"2025-06-10T11:48:24","slug":"ersatzuberzuge-aus-gummi-fur-in-ear-kanalkopfhorer-wgm","status":"publish","type":"product","link":"https:\/\/mguide.eu\/de\/produkt\/ersatzuberzuge-aus-gummi-fur-in-ear-kanalkopfhorer-wgm\/","title":{"rendered":"Ersatz\u00fcberz\u00fcge aus gummi f\u00fcr in-ear-kanalkopfh\u00f6rer WGM"},"content":{"rendered":"<p>Ein Satz von 3 Gummipolstern in den Gr\u00f6\u00dfen: S, M und L. Speziell f\u00fcr die Headsets SM-100, EMC-100, HEM-30, ELM-01 und HE-010.<\/p>\n","protected":false},"excerpt":{"rendered":"<p>Ein Satz von 3 Gummipolstern in den Gr\u00f6\u00dfen: S, M und L. Speziell f\u00fcr die Headsets SM-100, EMC-100, HEM-30, ELM-01 und HE-010.<\/p>\n","protected":false},"featured_media":53426,"template":"","meta":{"_acf_changed":false},"product_brand":[],"product_cat":[3249],"product_tag":[],"class_list":{"0":"post-29988","1":"product","2":"type-product","3":"status-publish","4":"has-post-thumbnail","6":"product_cat-hygiene-de","8":"first","9":"instock","10":"taxable","11":"shipping-taxable","12":"purchasable","13":"product-type-variable"},"acf":[],"_links":{"self":[{"href":"https:\/\/mguide.eu\/de\/wp-json\/wp\/v2\/product\/29988","targetHints":{"allow":["GET"]}}],"collection":[{"href":"https:\/\/mguide.eu\/de\/wp-json\/wp\/v2\/product"}],"about":[{"href":"https:\/\/mguide.eu\/de\/wp-json\/wp\/v2\/types\/product"}],"wp:featuredmedia":[{"embeddable":true,"href":"https:\/\/mguide.eu\/de\/wp-json\/wp\/v2\/media\/53426"}],"wp:attachment":[{"href":"https:\/\/mguide.eu\/de\/wp-json\/wp\/v2\/media?parent=29988"}],"wp:term":[{"taxonomy":"product_brand","embeddable":true,"href":"https:\/\/mguide.eu\/de\/wp-json\/wp\/v2\/product_brand?post=29988"},{"taxonomy":"product_cat","embeddable":true,"href":"https:\/\/mguide.eu\/de\/wp-json\/wp\/v2\/product_cat?post=29988"},{"taxonomy":"product_tag","embeddable":true,"href":"https:\/\/mguide.eu\/de\/wp-json\/wp\/v2\/product_tag?post=29988"}],"curies":[{"name":"wp","href":"https:\/\/api.w.org\/{rel}","templated":true}]}}