{"id":30362,"date":"2022-06-09T12:20:35","date_gmt":"2022-06-09T10:20:35","guid":{"rendered":"https:\/\/mguide.eu\/produkt\/drahtloses-headset-mikrofon-und-taschensender-okayo-dl-8t-fur-fitness-aerobic-trainer\/"},"modified":"2022-08-17T14:21:40","modified_gmt":"2022-08-17T12:21:40","slug":"drahtloses-headset-mikrofon-und-taschensender-okayo-dl-8t-fur-fitness-aerobic-trainer","status":"publish","type":"product","link":"https:\/\/mguide.eu\/de\/produkt\/drahtloses-headset-mikrofon-und-taschensender-okayo-dl-8t-fur-fitness-aerobic-trainer\/","title":{"rendered":"Drahtloses Headset-Mikrofon und Taschensender Okayo DL-8T f\u00fcr Fitness-\/Aerobic-Trainer"},"content":{"rendered":"<p>Die Garantiezeit betr\u00e4gt 3 Jahre.<br \/>\nWir bieten vollen technischen Support, Updates und Systemwartung auch nach Ablauf der Garantiezeit.<\/p>\n<p>Hinweis: Dieses Produkt stellt kein vollst\u00e4ndiges Kommunikationskit dar, sondern nur einen zus\u00e4tzlichen Sender!<\/p>\n<p>Das drahtlose Mikrofon f\u00fcr Aerobic- \/ Fitness-Trainer ist klein und der leichteste Taschensender mit Hinterkopf-Mikrofon auf dem Markt.<\/p>\n<p>Das HM-55A ist ein sehr leichtes, professionelles unidirektionales Mikrofon, das durch den speziell angebrachten Mikrofonkopf die Aufnahme von Umgebungsger\u00e4uschen minimiert. Das Mikrofon selbst ist mit einem Hinterkopfb\u00fcgel ausgestattet. Dadurch ist es sehr diskret und st\u00f6rt nicht bei der Arbeit. Gleichzeitig ist es sehr bequem und sicher bei \u00dcbungen, Auff\u00fchrungen und Gruppenfitnesskursen.<\/p>\n<p>Das Okayo FITNESS-System eignet sich hervorragend f\u00fcr Gruppen-Aerobic-Trainer, die ein langlebiges Mikrofonset ben\u00f6tigen, das auch bei bei Wiederholungen der \u00dcbungen an seinem Platz bleibt. Alle DL-8T-Sender werden mit hochwertigen Li-Poly-Akkus betrieben, die mit einer einzigen Ladung \u00fcber 20 Stunden Betriebszeit erm\u00f6glichen. Mit dem DL-8T erhalten Sie v\u00f6llige drahtlose Freiheit und Zuverl\u00e4ssigkeit.<\/p>\n<p>Das Okayo DL-8T System ist ein gro\u00dfartiger Einstieg in die Welt der drahtlosen Ton\u00fcbertragung.<br \/>\nWas spricht f\u00fcr dieses System?<br \/>\nDas DL-8T sendet in den digitalen B\u00e4ndern 823 MHz ~ 832 MHz und 863 MHz ~ 865 MHz, die weit von den B\u00e4ndern entfernt sind, die von g\u00e4ngigen Mikrofon- und Wi-Fi-Systemen verwendet werden. Dadurch erhalten Sie ein sicheres Mikrofonsystem, das frei von Interferenzen und Knackger\u00e4uschen ist, die bei herk\u00f6mmlichen drahtlosen UHF-Systemen auftreten.<\/p>\n<p>Das Set enth\u00e4lt:<br \/>\n&#8211; DL-8T Funksender<br \/>\n&#8211; leichtes unidirektionales Hinterkopf-Mikrofon-Mikrofon HM-55A f\u00fcr Trainer<br \/>\n&#8211; USB-C-Ladekabel<br \/>\n&#8211; Umh\u00e4ngeband<br \/>\n&#8211; Armband AP-1<\/p>\n<p>Eigenschaften des Okayo DL-8T Senders:<br \/>\n&#8211; klein und sehr leicht &#8211; wiegt nur 55 g!<br \/>\n&#8211; zwei kombinierte UHF-Frequenzb\u00e4nder 823 MHz ~ 832 MHz und 863 MHz ~ 865 MHz &#8211; 42 Funkkan\u00e4le zur Auswahl<br \/>\n&#8211; Integriertes wiederaufladbares Akku f\u00fcr stabile Signal\u00fcbertragung<br \/>\n&#8211; mehr als 20 Stunden Dauerbetrieb<br \/>\n&#8211; 2 &#8211; 4 Stunden Ladezeit \u00fcber USB-C-Anschluss<br \/>\n&#8211; universeller 3,5-mm-Miniklinkenanschluss<\/p>\n","protected":false},"excerpt":{"rendered":"<p>Ein ultraleichtes Mikrofon mit Taschensender f\u00fcr Fitness-, Crossfit- und Aerobic-Trainer. Der kleinste Sender auf dem Markt &#8211; schr\u00e4nkt Ihre Bewegungen bei k\u00f6rperlichen \u00dcbungen nicht ein.<\/p>\n","protected":false},"featured_media":38101,"template":"","meta":{"_acf_changed":false},"product_brand":[],"product_cat":[5177],"product_tag":[],"class_list":{"0":"post-30362","1":"product","2":"type-product","3":"status-publish","4":"has-post-thumbnail","6":"product_cat-fitness-aerobic-trainingssets","7":"pa_marka-okayo-de","9":"first","10":"instock","11":"taxable","12":"shipping-taxable","13":"purchasable","14":"product-type-simple"},"acf":[],"_links":{"self":[{"href":"https:\/\/mguide.eu\/de\/wp-json\/wp\/v2\/product\/30362","targetHints":{"allow":["GET"]}}],"collection":[{"href":"https:\/\/mguide.eu\/de\/wp-json\/wp\/v2\/product"}],"about":[{"href":"https:\/\/mguide.eu\/de\/wp-json\/wp\/v2\/types\/product"}],"wp:featuredmedia":[{"embeddable":true,"href":"https:\/\/mguide.eu\/de\/wp-json\/wp\/v2\/media\/38101"}],"wp:attachment":[{"href":"https:\/\/mguide.eu\/de\/wp-json\/wp\/v2\/media?parent=30362"}],"wp:term":[{"taxonomy":"product_brand","embeddable":true,"href":"https:\/\/mguide.eu\/de\/wp-json\/wp\/v2\/product_brand?post=30362"},{"taxonomy":"product_cat","embeddable":true,"href":"https:\/\/mguide.eu\/de\/wp-json\/wp\/v2\/product_cat?post=30362"},{"taxonomy":"product_tag","embeddable":true,"href":"https:\/\/mguide.eu\/de\/wp-json\/wp\/v2\/product_tag?post=30362"}],"curies":[{"name":"wp","href":"https:\/\/api.w.org\/{rel}","templated":true}]}}