{"id":30382,"date":"2022-06-13T10:53:53","date_gmt":"2022-06-13T08:53:53","guid":{"rendered":"https:\/\/mguide.eu\/produkt\/komplettes-drahtloses-audio-mikrofonsystem-okayo-srx-800-dl-8t-fur-fitness-aerobic-trainer\/"},"modified":"2022-08-17T14:31:50","modified_gmt":"2022-08-17T12:31:50","slug":"komplettes-drahtloses-audio-mikrofonsystem-okayo-srx-800-dl-8t-fur-fitness-aerobic-trainer","status":"publish","type":"product","link":"https:\/\/mguide.eu\/de\/produkt\/komplettes-drahtloses-audio-mikrofonsystem-okayo-srx-800-dl-8t-fur-fitness-aerobic-trainer\/","title":{"rendered":"Komplettes drahtloses Audio-\/Mikrofonsystem Okayo SRX-800 + DL-8T f\u00fcr Fitness-, Aerobic-Trainer"},"content":{"rendered":"<p>Die Garantiezeit betr\u00e4gt 3 Jahre.<br \/>\nWir bieten vollen technischen Support, Updates und Systemwartung auch nach Ablauf der Garantiezeit.<\/p>\n<p>Das Set besteht aus einem kleinen Zweikanal-Empf\u00e4nger und dem kleinsten und leichtesten drahtlosen Aerobic-\/Fitness-Mikrofonset auf dem Markt.<\/p>\n<p>Okayo bietet das neueste UHF-Funkband mit digitaler Technologie und bietet eine hohe Klangqualit\u00e4t mit geringer Latenz und Verzerrungsfunktion. Gleichzeitig verf\u00fcgt es \u00fcber eine sehr \u00fcbersichtliche LCD-Anzeige mit den wichtigsten Benutzerinformationen, und die SYNC-Funktion hilft bei der einfachen Auswahl eines st\u00f6rungsfreien Kanals und der Synchronisierung der Mikrofone. Au\u00dferdem ist es aufgrund der geringen Gr\u00f6\u00dfe der Einheiten kein Problem, Platz f\u00fcr sie zu finden.<\/p>\n<p>Das Okayo SRX-800 mit dem Funksender DL-8T ist ein gro\u00dfartiger Einstieg in die Welt der drahtlosen Audio\u00fcbertragung.<br \/>\nWas spricht f\u00fcr dieses System?<br \/>\nDas SRX-800 sendet in den digitalen B\u00e4ndern 823 MHz ~ 832 MHz und 863 MHz ~ 865 MHz, die weit von den B\u00e4ndern entfernt sind, die von g\u00e4ngigen Mikrofon- und Wi-Fi-Systemen verwendet werden. Dadurch erhalten Sie ein sicheres Mikrofonsystem, das frei von Interferenzen und Knackger\u00e4uschen ist, die bei herk\u00f6mmlichen drahtlosen UHF-Systemen auftreten.<\/p>\n<p>Dieses System bietet eine extrem einfache Bedienung und eine sofortige Kanalauswahl. Es k\u00f6nnen bis zu zwei Mikrofonsets gleichzeitig verwendet werden, ohne dass die Frequenz oder der Gruppenkanal eingestellt werden m\u00fcssen. Sie m\u00fcssen nicht bef\u00fcrchten, dass sich die Mikrofone gegenseitig st\u00f6ren.<\/p>\n<p>Das Set enth\u00e4lt:<br \/>\n&#8211; SRX-800 Zweikanal-Tischempf\u00e4nger mit 6,3-mm-Klinken-Audiokabel und Rack-Montagezubeh\u00f6r<br \/>\n&#8211; DL-8T Funksender mit USB-C-Ladekabel und Umh\u00e4ngeband<br \/>\n&#8211; leichtes unidirektionales Hinterkopf-Mikrofon HM-55A f\u00fcr Trainer<br \/>\n&#8211; Armband AP-1<\/p>\n<p>Eigenschaften des Okayo SRX-800 Empf\u00e4ngers:<br \/>\n&#8211; automatischer Scan- und Kanalsynchronisationsmodus des Empf\u00e4ngers zum Sender<br \/>\n&#8211; ein Empf\u00e4nger unterst\u00fctzt zwei Mikrofone<br \/>\n&#8211; zwei kombinierte UHF-Frequenzb\u00e4nder 823 MHz ~ 832 MHz und 863 MHz ~ 865 MHz &#8211; 42 Kan\u00e4le zur Auswahl<br \/>\n&#8211; 2 Audioausgangsbuchsen &#8211; XLR zum Verst\u00e4rker \/ 6,3 mm-Klinkenanschluss zum Mischpult<br \/>\n&#8211; 1\/4 Metallgeh\u00e4use mit zwei Antennen<br \/>\n&#8211; beleuchtete LCD-Anzeige zum einfachen Ablesen der erforderlichen Informationen<br \/>\n&#8211; Signalst\u00e4rkeanzeige<br \/>\n&#8211; Batteriestatusanzeige des Senders<br \/>\n&#8211; freistehender Empf\u00e4nger mit Option zur Rackmontage<\/p>\n<p>Eigenschaften des Okayo DL-8T Senders:<br \/>\nklein und sehr leicht &#8211; wiegt nur 55 g!<br \/>\nzwei kombinierte UHF-Frequenzb\u00e4nder 823 MHz ~ 832 MHz und 863 MHz ~ 865 MHz &#8211; 42 Funkkan\u00e4le zur Auswahl<br \/>\nIntegriertes wiederaufladbares Akku f\u00fcr stabile Signal\u00fcbertragung<br \/>\nmehr als 20 Stunden Dauerbetrieb<br \/>\n2 &#8211; 4 Stunden Ladezeit \u00fcber USB-C-Anschluss<br \/>\nuniverseller 3,5-mm-Miniklinkenanschluss<\/p>\n<p>Technische Daten Okayo SRX-800:<br \/>\nFrequenzband: 823 ~ 832 MHz und 863~ 865 MHz<br \/>\nAnzahl der Kan\u00e4le: 42<br \/>\nModulationsart: 4 GFSK<br \/>\nT.H.D. (Verh\u00e4ltnis der Oberwellenanteile): &lt;3 % SNR (Signal-Rausch-Verh\u00e4ltnis) &gt;75 dB<br \/>\nFrequenzbereich: 100 ~ 8000 Hz<br \/>\nLatenzzeit &lt;10 ms<br \/>\nUnsymmetrischer 6,3-mm-Ausgang: Hi (High): 1250\u00b1100 mV \/ Low: 50\u00b1100 mV<br \/>\nSymmetrischer XLR-Ausgang: 650\u00b150 mV<br \/>\n\u00dcbertragungsbereich: Hi: 70+ Meter \/ Lo: 50+ Meter<br \/>\nBetriebstemperaturbereich: -10 \u00b0C ~ 60 \u00b0C<br \/>\nAbmessung: (B x T x H): 117 x 190 x 50 mm (ohne Antenne)<br \/>\nGewicht: 640\u00b130 g<\/p>\n<p>Technische Daten Okayo DL-8T:<br \/>\nFrequenzband: 823 ~ 832 MHz und 863~ 865 MHz<br \/>\nAnzahl der Kan\u00e4le: 42<br \/>\nModulationsart: 4 GFSK<br \/>\nT.H.D. bei 1 kHz (Verh\u00e4ltnis der Oberwellenanteile): &lt;1,5 % Audioabtastung 24 kHz Dynamikbereich: &gt;80 dB<br \/>\nFrequenzbereich: 100 ~ 10000 Hz<br \/>\nLatenzzeit: &lt; 11 ms<br \/>\nSignal-Sendeleistung: 10 mW<br \/>\nLCD-Anzeige: 0,66\u201d TN<br \/>\nMikrofonanschluss: 3,5-mm-Mono-Klinkenanschluss<br \/>\nLadeanschlusstyp: USB-C \/ 800 mA<br \/>\nZasilanie: Li-Pol 3,7 V \/ 1300 mAh-Akku<br \/>\nBetriebszeit: bis 25 Std.<br \/>\n\u00dcbertragungsbereich: Hi: 70+ Meter \/ Lo: 50+ Meter<br \/>\nBetriebstemperaturbereich: -10 \u00b0C ~ 60 \u00b0C<br \/>\nAbmessungen (B x T x H): 44 x 81 x 15 mm (ohne Antenne)<br \/>\nGewicht: 55 g<\/p>\n","protected":false},"excerpt":{"rendered":"<p>Der ultraleichte Taschensender f\u00fcr Fitness-\/Aerobic-Trainer im Set mit einem Empf\u00e4nger und einem Sport-Hinterkopf-Mikrofon wird sich bei jedem Fitness-, Crossfit-, Aerobic-Kurs in der Halle oder im Freien als n\u00fctzlich erweisen. Die kompakte Gr\u00f6\u00dfe und das geringe Gewicht st\u00f6ren nicht bei intensiven Sport\u00fcbungen.<\/p>\n","protected":false},"featured_media":38116,"template":"","meta":{"_acf_changed":false},"product_brand":[],"product_cat":[5177],"product_tag":[],"class_list":{"0":"post-30382","1":"product","2":"type-product","3":"status-publish","4":"has-post-thumbnail","6":"product_cat-fitness-aerobic-trainingssets","7":"pa_marka-okayo-de","9":"first","10":"instock","11":"taxable","12":"shipping-taxable","13":"purchasable","14":"product-type-simple"},"acf":[],"_links":{"self":[{"href":"https:\/\/mguide.eu\/de\/wp-json\/wp\/v2\/product\/30382","targetHints":{"allow":["GET"]}}],"collection":[{"href":"https:\/\/mguide.eu\/de\/wp-json\/wp\/v2\/product"}],"about":[{"href":"https:\/\/mguide.eu\/de\/wp-json\/wp\/v2\/types\/product"}],"wp:featuredmedia":[{"embeddable":true,"href":"https:\/\/mguide.eu\/de\/wp-json\/wp\/v2\/media\/38116"}],"wp:attachment":[{"href":"https:\/\/mguide.eu\/de\/wp-json\/wp\/v2\/media?parent=30382"}],"wp:term":[{"taxonomy":"product_brand","embeddable":true,"href":"https:\/\/mguide.eu\/de\/wp-json\/wp\/v2\/product_brand?post=30382"},{"taxonomy":"product_cat","embeddable":true,"href":"https:\/\/mguide.eu\/de\/wp-json\/wp\/v2\/product_cat?post=30382"},{"taxonomy":"product_tag","embeddable":true,"href":"https:\/\/mguide.eu\/de\/wp-json\/wp\/v2\/product_tag?post=30382"}],"curies":[{"name":"wp","href":"https:\/\/api.w.org\/{rel}","templated":true}]}}