{"id":30484,"date":"2022-06-27T13:33:18","date_gmt":"2022-06-27T11:33:18","guid":{"rendered":"https:\/\/mguide.eu\/?post_type=product&#038;p=30484"},"modified":"2022-06-27T13:51:22","modified_gmt":"2022-06-27T11:51:22","slug":"okayo-dl-8t-ultraleichter-taschensender-gurtelsender-mikroport-sender","status":"publish","type":"product","link":"https:\/\/mguide.eu\/de\/produkt\/okayo-dl-8t-ultraleichter-taschensender-gurtelsender-mikroport-sender\/","title":{"rendered":"Okayo DL-8T ultraleichter Taschensender \/ G\u00fcrtelsender \/ Mikroport-Sender"},"content":{"rendered":"<p>Die Garantiezeit betr\u00e4gt 3 Jahre.<br \/>\nWir bieten vollen technischen Support, Updates und Systemwartung auch nach Ablauf der Garantiezeit.<\/p>\n<p>Bitte beachten Sie, dass es sich bei diesem Produkt nicht um ein komplettes Audioset handelt, sondern nur um einen zus\u00e4tzlichen Sender!<\/p>\n<p>Der Okayo DL-8T ist der wahrscheinlich leichteste und kleinste Mikroport-\/Taschensender auf dem Markt. Seine Abmessungen ohne Antenne sind 44 x 81 x 15 mm und er wiegt nur 55 g!<\/p>\n<p>UHF-Multifrequenz-Taschensender in digitaler 4-GFSK-Modulation der taiwanesischen Firma Okayo Electronics. Geeignet f\u00fcr Kopf- oder Krawattenmikrofone mit universellem 3,5-mm-Mono-Miniklinkenanschluss. W\u00e4hlbare 42 Kan\u00e4le in zwei Frequenzen im 800-MHz-Band.<\/p>\n<p>Der DL-8T Taschensender ist kompatibel mit dem Okayo SRX-800 Empf\u00e4nger (2 Sender k\u00f6nnen an 1 Empf\u00e4nger angeschlossen werden).<\/p>\n<p>Das Okayo DL-8T System ist ein gro\u00dfartiger Einstieg in die Welt der drahtlosen Ton\u00fcbertragung.<br \/>\nWas spricht f\u00fcr dieses System?<br \/>\nDas DL-8T sendet in den digitalen B\u00e4ndern 823 MHz ~ 832 MHz und 863 MHz ~ 865 MHz, die weit von den B\u00e4ndern entfernt sind, die von g\u00e4ngigen Mikrofon- und Wi-Fi-Systemen verwendet werden. Dadurch erhalten Sie ein sicheres Mikrofonsystem, das frei von Interferenzen und Knackger\u00e4uschen ist, die bei herk\u00f6mmlichen drahtlosen UHF-Systemen auftreten.<\/p>\n<p>Das Set enth\u00e4lt:<br \/>\n&#8211; DL-8T Funksender<br \/>\n&#8211; LM-50A Krawattenmikrofon<br \/>\n&#8211; USB-C-Ladekabel<br \/>\n&#8211; Umh\u00e4ngeband<\/p>\n<p>Eigenschaften des Okayo DL-8T Senders:<br \/>\n&#8211; klein und sehr leicht &#8211; wiegt nur 55 g!<br \/>\n&#8211; zwei kombinierte UHF-Frequenzb\u00e4nder 823 MHz ~ 832 MHz und 863 MHz ~ 865 MHz &#8211; 42 Funkkan\u00e4le zur Auswahl<br \/>\n&#8211; Integriertes wiederaufladbares Akku f\u00fcr stabile Signal\u00fcbertragung<br \/>\n&#8211; mehr als 20 Stunden Dauerbetrieb<br \/>\n&#8211; 2 &#8211; 4 Stunden Ladezeit \u00fcber USB-C-Anschluss<br \/>\n&#8211; universeller 3,5-mm-Miniklinkenanschluss<\/p>\n<p>Technische Daten Okayo DL-8T:<br \/>\nFrequenzband: 823 ~ 832 MHz und 863~ 865 MHz<br \/>\nAnzahl der Kan\u00e4le: 42<br \/>\nModulationsart: 4 GFSK<br \/>\nT.H.D. bei 1 kHz (Verh\u00e4ltnis der Oberwellenanteile): &lt;1,5 % Audioabtastung 24 kHz Dynamikbereich: &gt;80 dB<br \/>\nFrequenzbereich: 100 ~ 10000 Hz<br \/>\nLatenzzeit &lt;11 ms<br \/>\nSignal-Sendeleistung: 10 mW \/ 20 mW<br \/>\nLCD-Anzeige: 0,66\u201d TN<br \/>\nMikrofonanschluss: 3,5-mm-Mono-Klinkenanschluss<br \/>\nLadeanschlusstyp: USB-C \/ 800 mA<br \/>\nStromversorgung: Li-Pol 3,7 V \/ 1300 mAh-Akku<br \/>\nBetriebszeit<br \/>\n\u00dcbertragungsbereich: Hi: 70+ Meter \/ Lo: 50+ Meter<br \/>\nBetriebstemperaturbereich: -10 \u00b0C ~ 60 \u00b0C<br \/>\nAbmessungen (B x T x H): 44 x 81 x 15 mm (ohne Antenne)<br \/>\nGewicht: 55 g<\/p>\n","protected":false},"excerpt":{"rendered":"<p>Taschensender f\u00fcr Okayo SRX-800 Drahtlosmikrofonsets. Dieses Produkt ist ein zus\u00e4tzlicher Sender und erfordert zum Betrieb einen SRX-800 Tischempf\u00e4nger.<\/p>\n","protected":false},"featured_media":38152,"template":"","meta":{"_acf_changed":false},"product_brand":[],"product_cat":[5179],"product_tag":[],"class_list":{"0":"post-30484","1":"product","2":"type-product","3":"status-publish","4":"has-post-thumbnail","6":"product_cat-drahtlose-mikrofonsets","7":"pa_marka-okayo-de","9":"first","10":"instock","11":"taxable","12":"shipping-taxable","13":"purchasable","14":"product-type-simple"},"acf":[],"_links":{"self":[{"href":"https:\/\/mguide.eu\/de\/wp-json\/wp\/v2\/product\/30484","targetHints":{"allow":["GET"]}}],"collection":[{"href":"https:\/\/mguide.eu\/de\/wp-json\/wp\/v2\/product"}],"about":[{"href":"https:\/\/mguide.eu\/de\/wp-json\/wp\/v2\/types\/product"}],"wp:featuredmedia":[{"embeddable":true,"href":"https:\/\/mguide.eu\/de\/wp-json\/wp\/v2\/media\/38152"}],"wp:attachment":[{"href":"https:\/\/mguide.eu\/de\/wp-json\/wp\/v2\/media?parent=30484"}],"wp:term":[{"taxonomy":"product_brand","embeddable":true,"href":"https:\/\/mguide.eu\/de\/wp-json\/wp\/v2\/product_brand?post=30484"},{"taxonomy":"product_cat","embeddable":true,"href":"https:\/\/mguide.eu\/de\/wp-json\/wp\/v2\/product_cat?post=30484"},{"taxonomy":"product_tag","embeddable":true,"href":"https:\/\/mguide.eu\/de\/wp-json\/wp\/v2\/product_tag?post=30484"}],"curies":[{"name":"wp","href":"https:\/\/api.w.org\/{rel}","templated":true}]}}