{"id":30507,"date":"2022-06-27T14:37:03","date_gmt":"2022-06-27T12:37:03","guid":{"rendered":"https:\/\/mguide.eu\/?post_type=product&#038;p=30507"},"modified":"2022-06-27T14:49:47","modified_gmt":"2022-06-27T12:49:47","slug":"set-zur-drahtlosen-audioubertragung-drahtloses-kondensatormikrofon-okayo-dl-8h-mehrfrequenzempfanger-okayo-srx-800","status":"publish","type":"product","link":"https:\/\/mguide.eu\/de\/produkt\/set-zur-drahtlosen-audioubertragung-drahtloses-kondensatormikrofon-okayo-dl-8h-mehrfrequenzempfanger-okayo-srx-800\/","title":{"rendered":"Set zur drahtlosen Audio\u00fcbertragung \/ Drahtloses Kondensatormikrofon Okayo DL-8H + Mehrfrequenzempf\u00e4nger Okayo SRX-800"},"content":{"rendered":"<p>Die Garantiezeit betr\u00e4gt 3 Jahre.<br \/>\nWir bieten vollen technischen Support, Updates und Systemwartung auch nach Ablauf der Garantiezeit.<\/p>\n<p>Das Set besteht aus einem zweikanaligen, kleinen station\u00e4ren Empf\u00e4nger und einem drahtlosen Kondensatormikrofon.<\/p>\n<p>Das Okayo SRX-800 mit dem Funksender DL-8 ist ein gro\u00dfartiger Einstieg in die Welt der drahtlosen Audio\u00fcbertragung.<br \/>\nWas spricht f\u00fcr dieses System?<br \/>\nDas SRX-800 sendet in den digitalen B\u00e4ndern 823 MHz ~ 832 MHz und 863 MHz ~ 865 MHz, die weit von den B\u00e4ndern entfernt sind, die von g\u00e4ngigen Mikrofon- und Wi-Fi-Systemen verwendet werden. Dadurch erhalten Sie ein sicheres Mikrofonsystem, das frei von Interferenzen und Knackger\u00e4uschen ist, die bei herk\u00f6mmlichen drahtlosen UHF-Systemen auftreten.<\/p>\n<p>Okayo bietet das neueste UHF-Funkband mit digitaler Technologie und bietet eine hohe Klangqualit\u00e4t mit geringer Latenz und Verzerrungsfunktion. Gleichzeitig verf\u00fcgt es \u00fcber eine sehr \u00fcbersichtliche LCD-Anzeige mit den wichtigsten Benutzerinformationen, und die SYNC-Funktion hilft bei der einfachen Auswahl eines st\u00f6rungsfreien Kanals und der Synchronisierung der Mikrofone. Au\u00dferdem ist es aufgrund der geringen Gr\u00f6\u00dfe der Einheiten kein Problem, Platz f\u00fcr sie zu finden.<\/p>\n<p>Dieses System bietet eine extrem einfache Bedienung und eine sofortige Kanalauswahl. Es k\u00f6nnen zwei Mikrofonsets gleichzeitig verwendet werden, ohne dass die Frequenz oder der Gruppenkanal eingestellt werden m\u00fcssen. Sie m\u00fcssen nicht bef\u00fcrchten, dass sich die Mikrofone gegenseitig st\u00f6ren. Es k\u00f6nnen jedoch bis zu 20 drahtlose Mikrofone (10 Empf\u00e4nger) in demselben Bereich verwendet werden, ohne dass es zu Klangst\u00f6rungen kommt!<\/p>\n<p>Das Set enth\u00e4lt:<br \/>\n&#8211; SRX-800 Zweikanal-Tischempf\u00e4nger mit 6,3-mm-Klinken-Audiokabel und Rack-Montagezubeh\u00f6r<br \/>\n&#8211; DL-8H drahtloses Mikrofon<br \/>\n&#8211; Satz Alkalibatterien<\/p>\n<p>Eigenschaften des Okayo SRX-800 Empf\u00e4ngers:<br \/>\n&#8211; automatischer Scan- und Kanalsynchronisationsmodus des Empf\u00e4ngers zum Sender<br \/>\n&#8211; ein Empf\u00e4nger unterst\u00fctzt zwei Mikrofone<br \/>\n&#8211; zwei kombinierte UHF-Frequenzb\u00e4nder 823 MHz ~ 832 MHz und 863 MHz ~ 865 MHz &#8211; 42 Kan\u00e4le zur Auswahl<br \/>\n&#8211; 2 Audioausgangsbuchsen &#8211; XLR zum Verst\u00e4rker \/ 6,3 mm-Klinkenanschluss zum Mischpult<br \/>\n&#8211; 1\/4 Metallgeh\u00e4use mit zwei Antennen<br \/>\n&#8211; beleuchtete LCD-Anzeige zum einfachen Ablesen der erforderlichen Informationen<br \/>\n&#8211; Signalst\u00e4rkeanzeige<br \/>\n&#8211; Batteriestatusanzeige des Senders<br \/>\n&#8211; freistehender Empf\u00e4nger mit Option zur Rackmontage<\/p>\n<p>Merkmale des drahtlosen Mikrofons DL-8H:<br \/>\n42 Funkkan\u00e4le in einer kombinierten Bandbreite von 823 MHz ~ 832 MHz + 863 MHz ~ 865 MHz<br \/>\neingebaute Kondensatorkapsel mit Schutzgitter<br \/>\nbeleuchtete LCD-Anzeige<br \/>\nautomatische Synchronisation mit dem Empf\u00e4nger<br \/>\nBetrieb mit AA-Alkalibatterien oder AA-Ni-MH-Akkus (spezielles Tischladeger\u00e4t HDC-502 erh\u00e4ltlich)<br \/>\n2 Mikrofonmodi verf\u00fcgbar (Push-To-Bolt und Push-To-Talk)<br \/>\nextrem leicht und bequem<br \/>\nprofessionelles Design<\/p>\n<p>Technische Daten Okayo SRX-800:<br \/>\nFrequenzband: 823 ~ 832 MHz und 863~ 865 MHz<br \/>\nAnzahl der Kan\u00e4le: 42<br \/>\nModulationsart: 4 GFSK<br \/>\nT.H.D. (Verh\u00e4ltnis der Oberwellenanteile): &lt;3 % SNR (Signal-Rausch-Verh\u00e4ltnis) &gt;75 dB<br \/>\nFrequenzbereich: 100 ~ 8000 Hz<br \/>\nLatenzzeit &lt;10 ms<br \/>\nUnsymmetrischer 6,3-mm-Ausgang: Hi (High): 1250\u00b1100 mV \/ Low: 50\u00b1100 mV<br \/>\nSymmetrischer XLR-Ausgang: 650\u00b150 mV<br \/>\n\u00dcbertragungsbereich: Hi: 70+ Meter \/ Lo: 50+ Meter<br \/>\nBetriebstemperaturbereich: -10 \u00b0C ~ 60 \u00b0C<br \/>\nAbmessung: (B x T x H): 117 x 190 x 50 mm (ohne Antenne)<br \/>\nGewicht: 640\u00b130 g<\/p>\n<p>Technische Daten Okayo DL-8H:<br \/>\nMikrofontyp: Kondensator<br \/>\nKapsel: Nierencharakteristik<br \/>\nDirektionalit\u00e4t: unidirektional<br \/>\nFrequenzband: 823 ~ 832 MHz und 863~ 865 MHz<br \/>\nAnzahl der Kan\u00e4le: 42<br \/>\nModulationsart: 4 GFSK<br \/>\nT.H.D. bei 1 kHz (Verh\u00e4ltnis der Oberwellenanteile): &lt;1,5 % Signal-Rausch-Verh\u00e4ltnis: &gt;75 dB<br \/>\nFrequenzbereich: 130 ~ 7000 Hz<br \/>\nSignal-Sendeleistung: 10 mW \/ 20 mW<br \/>\nStromversorgung: 2 x AA<br \/>\nBetriebszeit: mehr als 13 Stunden<br \/>\n\u00dcbertragungsbereich: Hi: 70+ Meter \/ Lo: 50+ Meter<br \/>\nBetriebstemperaturbereich: -10 \u00b0C ~ 60 \u00b0C<br \/>\nAbmessungen (T x H): 37 x 200 mm<br \/>\nGewicht (ohne Batterien): 90\u00b15 g<\/p>\n","protected":false},"excerpt":{"rendered":"<p>Set mit 1 Funkmikrofon und Empf\u00e4nger f\u00fcr B\u00fchnen- und B\u00fchnenproduktionen.<\/p>\n","protected":false},"featured_media":38166,"template":"","meta":{"_acf_changed":false},"product_brand":[],"product_cat":[5179],"product_tag":[],"class_list":{"0":"post-30507","1":"product","2":"type-product","3":"status-publish","4":"has-post-thumbnail","6":"product_cat-drahtlose-mikrofonsets","7":"pa_marka-okayo-de","9":"first","10":"instock","11":"taxable","12":"shipping-taxable","13":"purchasable","14":"product-type-simple"},"acf":[],"_links":{"self":[{"href":"https:\/\/mguide.eu\/de\/wp-json\/wp\/v2\/product\/30507","targetHints":{"allow":["GET"]}}],"collection":[{"href":"https:\/\/mguide.eu\/de\/wp-json\/wp\/v2\/product"}],"about":[{"href":"https:\/\/mguide.eu\/de\/wp-json\/wp\/v2\/types\/product"}],"wp:featuredmedia":[{"embeddable":true,"href":"https:\/\/mguide.eu\/de\/wp-json\/wp\/v2\/media\/38166"}],"wp:attachment":[{"href":"https:\/\/mguide.eu\/de\/wp-json\/wp\/v2\/media?parent=30507"}],"wp:term":[{"taxonomy":"product_brand","embeddable":true,"href":"https:\/\/mguide.eu\/de\/wp-json\/wp\/v2\/product_brand?post=30507"},{"taxonomy":"product_cat","embeddable":true,"href":"https:\/\/mguide.eu\/de\/wp-json\/wp\/v2\/product_cat?post=30507"},{"taxonomy":"product_tag","embeddable":true,"href":"https:\/\/mguide.eu\/de\/wp-json\/wp\/v2\/product_tag?post=30507"}],"curies":[{"name":"wp","href":"https:\/\/api.w.org\/{rel}","templated":true}]}}