{"id":30582,"date":"2022-06-28T11:16:54","date_gmt":"2022-06-28T09:16:54","guid":{"rendered":"https:\/\/mguide.eu\/?post_type=product&#038;p=30582"},"modified":"2022-06-28T11:31:10","modified_gmt":"2022-06-28T09:31:10","slug":"set-aus-drahtlosen-microports-sendern-mehrfrequenzempfangern-srx-800-2-stuck-dl-8t-sendern","status":"publish","type":"product","link":"https:\/\/mguide.eu\/de\/produkt\/set-aus-drahtlosen-microports-sendern-mehrfrequenzempfangern-srx-800-2-stuck-dl-8t-sendern\/","title":{"rendered":"Set aus drahtlosen Microports \/ Sendern \/ Mehrfrequenzempf\u00e4ngern SRX-800 + 2 St\u00fcck DL-8T-Sendern"},"content":{"rendered":"<p>Die Garantiezeit betr\u00e4gt 3 Jahre.<br \/>\nWir bieten vollen technischen Support, Updates und Systemwartung auch nach Ablauf der Garantiezeit.<\/p>\n<p>Das Set besteht aus einem zweikanaligen, kleinen station\u00e4ren Empf\u00e4nger und 2 ultraleichten Taschensendern mit Krawattenmikrofon.<\/p>\n<p>Das Okayo SRX-800 mit dem Funksender DL-8 ist ein gro\u00dfartiger Einstieg in die Welt der drahtlosen Audio\u00fcbertragung.<br \/>\nWas spricht f\u00fcr dieses System?<br \/>\nDas SRX-800 sendet in den digitalen B\u00e4ndern 823 MHz ~ 832 MHz und 863 MHz ~ 865 MHz, die weit von den B\u00e4ndern entfernt sind, die von g\u00e4ngigen Mikrofon- und Wi-Fi-Systemen verwendet werden. Dadurch erhalten Sie ein sicheres Mikrofonsystem, das frei von Interferenzen und Knackger\u00e4uschen ist, die bei herk\u00f6mmlichen drahtlosen UHF-Systemen auftreten.<\/p>\n<p>Okayo bietet das neueste UHF-Funkband mit digitaler Technologie und bietet eine hohe Klangqualit\u00e4t mit geringer Latenz und Verzerrungsfunktion. Gleichzeitig verf\u00fcgt es \u00fcber eine sehr \u00fcbersichtliche LCD-Anzeige mit den wichtigsten Benutzerinformationen, und die SYNC-Funktion hilft bei der einfachen Auswahl eines st\u00f6rungsfreien Kanals und der Synchronisierung der Mikrofone. Au\u00dferdem ist es aufgrund der geringen Gr\u00f6\u00dfe der Einheiten kein Problem, Platz f\u00fcr sie zu finden.<\/p>\n<p>Dieses System bietet eine extrem einfache Bedienung und eine sofortige Kanalauswahl. Es k\u00f6nnen zwei Mikrofonsets gleichzeitig verwendet werden, ohne dass die Frequenz oder der Gruppenkanal eingestellt werden m\u00fcssen. Sie m\u00fcssen nicht bef\u00fcrchten, dass sich die Mikrofone gegenseitig st\u00f6ren. Es k\u00f6nnen jedoch bis zu 20 drahtlose Mikrofone (10 Empf\u00e4nger) in demselben Bereich verwendet werden, ohne dass es zu Klangst\u00f6rungen kommt!<\/p>\n<p>Das Set enth\u00e4lt:<br \/>\nSRX-800 Zweikanal-Tischempf\u00e4nger mit 6,3-mm-Klinken-Audiokabel und Rack-Montagezubeh\u00f6r<br \/>\nDL-8T Funksender mit USB-C-Ladekabel und Umh\u00e4ngeband &#8211; 2 Stk.<br \/>\nLM-50A Krawattenmikrofon &#8211; 2 Stk.<\/p>\n<p>Eigenschaften des Okayo SRX-800 Empf\u00e4ngers:<br \/>\nautomatischer Scan- und Kanalsynchronisationsmodus des Empf\u00e4ngers zum Sender<br \/>\nein Empf\u00e4nger unterst\u00fctzt zwei Mikrofone<br \/>\nzwei kombinierte UHF-Frequenzb\u00e4nder 823 MHz ~ 832 MHz und 863 MHz ~ 865 MHz &#8211; 42 Kan\u00e4le zur Auswahl<br \/>\n2 Audioausgangsbuchsen &#8211; XLR zum Verst\u00e4rker \/ 6,3 mm-Klinkenanschluss zum Mischpult<br \/>\n1\/4 Metallgeh\u00e4use mit zwei Antennen<br \/>\nbeleuchtete LCD-Anzeige zum einfachen Ablesen der erforderlichen Informationen<br \/>\nSignalst\u00e4rkeanzeige<br \/>\nBatteriestatusanzeige des Senders<br \/>\nfreistehender Empf\u00e4nger mit Option zur Rackmontage<\/p>\n<p>Eigenschaften des Okayo DL-8T Senders:<br \/>\nklein und sehr leicht &#8211; wiegt nur 55 g!<br \/>\nzwei kombinierte UHF-Frequenzb\u00e4nder 823 MHz ~ 832 MHz und 863 MHz ~ 865 MHz &#8211; 42 Funkkan\u00e4le zur Auswahl<br \/>\nIntegriertes wiederaufladbares Akku f\u00fcr stabile Signal\u00fcbertragung<br \/>\nmehr als 20 Stunden Dauerbetrieb<br \/>\n2 &#8211; 4 Stunden Ladezeit \u00fcber USB-C-Anschluss<br \/>\nuniverseller 3,5-mm-Miniklinkenanschluss<\/p>\n<p>Technische Daten Okayo SRX-800:<br \/>\nFrequenzband: 823 ~ 832 MHz und 863~ 865 MHz<br \/>\nAnzahl der Kan\u00e4le: 42<br \/>\nModulationsart: 4 GFSK<br \/>\nT.H.D. (Verh\u00e4ltnis der Oberwellenanteile): <3 %\nSNR (Signal-Rausch-Verh\u00e4ltnis) >75 dB<br \/>\nFrequenzbereich: 100 ~ 8000 Hz<br \/>\nLatenzzeit <10 ms\nUnsymmetrischer 6,3-mm-Ausgang: Hi (High): 1250\u00b1100 mV \/ Low: 50\u00b1100 mV\nSymmetrischer XLR-Ausgang: 650\u00b150 mV\n\u00dcbertragungsbereich: Hi: 70+ Meter \/ Lo: 50+ Meter\nBetriebstemperaturbereich: -10 \u00b0C ~ 60 \u00b0C\nAbmessung: (B x T x H): 117 x 190 x 50 mm (ohne Antenne)\nGewicht: 640\u00b130 g\n\nTechnische Daten Okayo DL-8T:\nFrequenzband: 823 ~ 832 MHz und 863~ 865 MHz\nAnzahl der Kan\u00e4le: 42\nModulationsart: 4 GFSK\nT.H.D. bei 1 kHz (Verh\u00e4ltnis der Oberwellenanteile): <1,5 %\nAudioabtastung 24 kHz\nDynamikbereich: >80 dB<br \/>\nFrequenzbereich: 100 ~ 10000 Hz<br \/>\nLatenzzeit <11 ms\nSignal-Sendeleistung: 10 mW \/ 20 mW\nLCD-Anzeige: 0,66\u201d TN\nMikrofonanschluss: 3,5-mm-Mono-Klinkenanschluss\nLadeanschlusstyp: USB-C \/ 800 mA\nStromversorgung: Li-Pol 3,7 V \/ 1300 mAh-Akku\nBetriebszeit\n\u00dcbertragungsbereich: Hi: 70+ Meter \/ Lo: 50+ Meter\nBetriebstemperaturbereich: -10 \u00b0C ~ 60 \u00b0C\nAbmessungen (B x T x H): 44 x 81 x 15 mm (ohne Antenne)\nGewicht: 55 g\n\n<\/p>\n","protected":false},"excerpt":{"rendered":"<p>Set aus 2 drahtlosen Microports mit Ansteckmikrofonen f\u00fcr B\u00fchnen- und B\u00fchnenrealisierungen. Das Set enth\u00e4lt den station\u00e4ren Empf\u00e4nger SRX-800.<\/p>\n","protected":false},"featured_media":38159,"template":"","meta":{"_acf_changed":false},"product_brand":[],"product_cat":[5179],"product_tag":[],"class_list":{"0":"post-30582","1":"product","2":"type-product","3":"status-publish","4":"has-post-thumbnail","6":"product_cat-drahtlose-mikrofonsets","7":"pa_marka-okayo-de","9":"first","10":"instock","11":"taxable","12":"shipping-taxable","13":"purchasable","14":"product-type-simple"},"acf":[],"_links":{"self":[{"href":"https:\/\/mguide.eu\/de\/wp-json\/wp\/v2\/product\/30582","targetHints":{"allow":["GET"]}}],"collection":[{"href":"https:\/\/mguide.eu\/de\/wp-json\/wp\/v2\/product"}],"about":[{"href":"https:\/\/mguide.eu\/de\/wp-json\/wp\/v2\/types\/product"}],"wp:featuredmedia":[{"embeddable":true,"href":"https:\/\/mguide.eu\/de\/wp-json\/wp\/v2\/media\/38159"}],"wp:attachment":[{"href":"https:\/\/mguide.eu\/de\/wp-json\/wp\/v2\/media?parent=30582"}],"wp:term":[{"taxonomy":"product_brand","embeddable":true,"href":"https:\/\/mguide.eu\/de\/wp-json\/wp\/v2\/product_brand?post=30582"},{"taxonomy":"product_cat","embeddable":true,"href":"https:\/\/mguide.eu\/de\/wp-json\/wp\/v2\/product_cat?post=30582"},{"taxonomy":"product_tag","embeddable":true,"href":"https:\/\/mguide.eu\/de\/wp-json\/wp\/v2\/product_tag?post=30582"}],"curies":[{"name":"wp","href":"https:\/\/api.w.org\/{rel}","templated":true}]}}