{"id":31412,"date":"2022-08-02T12:58:06","date_gmt":"2022-08-02T10:58:06","guid":{"rendered":"https:\/\/mguide.eu\/?post_type=product&#038;p=31412"},"modified":"2022-09-02T10:59:20","modified_gmt":"2022-09-02T08:59:20","slug":"transportkoffer-hc-10","status":"publish","type":"product","link":"https:\/\/mguide.eu\/de\/produkt\/transportkoffer-hc-10\/","title":{"rendered":"Transportkoffer HC-10"},"content":{"rendered":"<p>Robuster und leichter Kunststoffkoffer mit Schaumstoff f\u00fcr 10 Ger\u00e4te und Zubeh\u00f6r.<\/p>\n","protected":false},"excerpt":{"rendered":"<p>Robuster und leichter Kunststoffkoffer mit Schaumstoff f\u00fcr 10 Ger\u00e4te und Zubeh\u00f6r.<\/p>\n","protected":false},"featured_media":40158,"template":"","meta":{"_acf_changed":false},"product_brand":[],"product_cat":[1029,5211],"product_tag":[],"class_list":{"0":"post-31412","1":"product","2":"type-product","3":"status-publish","4":"has-post-thumbnail","6":"product_cat-taschen-und-transportkoffer","7":"product_cat-koffer-und-transportkisten-fuer-gegensprechanlagen","8":"pa_marka-okayo-de","10":"first","11":"instock","12":"taxable","13":"shipping-taxable","14":"purchasable","15":"product-type-simple"},"acf":[],"_links":{"self":[{"href":"https:\/\/mguide.eu\/de\/wp-json\/wp\/v2\/product\/31412","targetHints":{"allow":["GET"]}}],"collection":[{"href":"https:\/\/mguide.eu\/de\/wp-json\/wp\/v2\/product"}],"about":[{"href":"https:\/\/mguide.eu\/de\/wp-json\/wp\/v2\/types\/product"}],"wp:featuredmedia":[{"embeddable":true,"href":"https:\/\/mguide.eu\/de\/wp-json\/wp\/v2\/media\/40158"}],"wp:attachment":[{"href":"https:\/\/mguide.eu\/de\/wp-json\/wp\/v2\/media?parent=31412"}],"wp:term":[{"taxonomy":"product_brand","embeddable":true,"href":"https:\/\/mguide.eu\/de\/wp-json\/wp\/v2\/product_brand?post=31412"},{"taxonomy":"product_cat","embeddable":true,"href":"https:\/\/mguide.eu\/de\/wp-json\/wp\/v2\/product_cat?post=31412"},{"taxonomy":"product_tag","embeddable":true,"href":"https:\/\/mguide.eu\/de\/wp-json\/wp\/v2\/product_tag?post=31412"}],"curies":[{"name":"wp","href":"https:\/\/api.w.org\/{rel}","templated":true}]}}