{"id":31869,"date":"2022-08-22T13:57:51","date_gmt":"2022-08-22T11:57:51","guid":{"rendered":"https:\/\/mguide.eu\/produkt\/sprechanlage-fur-die-kommunikation-mit-film-und-produktionsteams-freecom-hem-30\/"},"modified":"2024-08-01T10:37:00","modified_gmt":"2024-08-01T08:37:00","slug":"sprechanlage-fur-die-kommunikation-mit-film-und-produktionsteams-freecom-hem-30","status":"publish","type":"product","link":"https:\/\/mguide.eu\/de\/produkt\/sprechanlage-fur-die-kommunikation-mit-film-und-produktionsteams-freecom-hem-30\/","title":{"rendered":"Sprechanlage f\u00fcr die Kommunikation mit Film- und Produktionsteams FreeCom + HEM-30"},"content":{"rendered":"<p><strong>Das Set enth\u00e4lt:<\/strong><br \/>\n&#8211; Okayo FreeCom drahtlose Sprechanlage &#8211; 1 St\u00fcck<br \/>\n&#8211; HEM-30 Hinter-dem-Kopf-Headset &#8211; 1 St\u00fcck<br \/>\n&#8211; Wiederaufladbare Ni-MH AA everActive Silver Line 2000 Batterie &#8211; 2 St\u00fcck<\/p>\n<p><strong>Bitte beachten Sie, dass es sich bei diesem Produkt nicht um ein komplettes Kommunikationsset handelt, sondern nur um eine zus\u00e4tzliche Sprechanlage mit Headset.<\/strong><\/p>\n<p><strong>Die Garantiezeit betr\u00e4gt 3 Jahre.<\/strong><br \/>\nWir bieten vollen technischen Support, Updates und Systemwartung auch nach Ablauf der Garantiezeit.<\/p>\n<p>Okayo FreeCom ist ein hochmodernes Sprechanlagensystem f\u00fcr die Vollduplex-Kommunikation in beide Richtungen.<br \/>\nEs ist f\u00fcr audiovisuelle Produktionen und Live-Veranstaltungen konzipiert.<br \/>\nEs erm\u00f6glicht die Schaffung eines sofortigen und professionellen Kommunikationssystems f\u00fcr Produktionsteams, Techniker und A\/V-Produktionen.<br \/>\nEs erm\u00f6glicht bis zu 6 Benutzern das gleichzeitige Sprechen von einer unbegrenzten Anzahl von Ger\u00e4ten.<br \/>\nDas System arbeitet ohne Lizenz auf der Funkfrequenz 863 MHz ~ 865 MHz in digitaler 4GFSK-Modulation, was es unempfindlich gegen\u00fcber St\u00f6rungen durch andere Funksysteme in der Umgebung macht, z. B. Wi-Fi, drahtlose Mikrofone und Mikroports.<br \/>\nFreeCom verf\u00fcgt \u00fcber 7 unabh\u00e4ngige Kommunikationskan\u00e4le (die alle gleichzeitig im selben Bereich arbeiten k\u00f6nnen), auf denen eine unbegrenzte Anzahl von Benutzern zuh\u00f6ren und sich an den Gespr\u00e4chen beteiligen kann.<\/p>\n<p>Sehen Sie sich ein Video \u00fcber das Okayo FreeCom-System an, aufgenommen von Dr. Eng. Marcin Zastawnik (Akustikspezialist, ProperSound) &#8211; Okayo FreeCom drahtlose Sprechanlagen:<br \/>\n&#8220;Auf der anderen Seite, wenn jemand kaufen will, w\u00fcrde ich auf jeden Fall empfehlen, dieses FreeCom zu kaufen, weil es einfach eine coole L\u00f6sung ist, die funktioniert. Es ist klein im Vergleich zu anderen professionellen L\u00f6sungen. F\u00fcr wen? Meiner Meinung nach bietet es sich f\u00fcr Produktionen, Streamings und andere Dinge geradezu an, vor allem, weil wir mit der Ausr\u00fcstung an viele Orte gehen m\u00fcssen und die Produktionspreise jetzt sinken.&#8221;<\/p>\n<p><iframe loading=\"lazy\" title=\"Interkomy bezprzewodowe Okayo FreeCom\" width=\"1170\" height=\"658\" src=\"https:\/\/www.youtube.com\/embed\/AnLdZNaQENM?feature=oembed\" frameborder=\"0\" allow=\"accelerometer; autoplay; clipboard-write; encrypted-media; gyroscope; picture-in-picture\" allowfullscreen><\/iframe><\/p>\n<p><strong>FreeCom ist ein digitales Zwei-Wege-System mit einem breiten Anwendungsspektrum, das auf vier Hauptprinzipien beruht:<\/strong><br \/>\n<strong>Flexibilit\u00e4t<\/strong> &#8211; jede Sprechanlage kann als Master-Einheit, als Sub-Master-Einheit oder nur f\u00fcr Gruppenh\u00f6ren (Listen) eingerichtet werden.<br \/>\n<strong>Steuerung<\/strong> &#8211; die Master-Einheit hat Vorrang vor den anderen, um Ordnung in die Gruppe zu bringen.<br \/>\n<strong>Sicherheit<\/strong> &#8211; digitale Verschl\u00fcsselung f\u00fcr den Kanalzugang. Bei privaten \u00dcbertragungen kann die geschlossene Gruppe verschl\u00fcsselt werden, um zu verhindern, dass unerw\u00fcnschte Personen die Gespr\u00e4che mith\u00f6ren.<br \/>\n<strong>Drahtlos<\/strong> &#8211; ohne Basisstation kann das System sowohl im Innen- als auch im Au\u00dfenbereich eingesetzt werden.<\/p>\n<p><strong>Merkmale von Okayo FreeCom:<\/strong><br \/>\n\u2013 4GFSK digitales Modulationsverfahren mit Ger\u00e4uschunterdr\u00fcckung<br \/>\n\u2013 Einseitige oder bidirektionale Vollduplex-Kommunikation<br \/>\n\u2013 Wahlm\u00f6glichkeit der Kanalverschl\u00fcsselung f\u00fcr private und sichere Gespr\u00e4che<br \/>\n\u2013 Jedes Ger\u00e4t kann als Master, Sub-Master oder Listen konfiguriert werden<br \/>\n\u2013 Drahtlose Ger\u00e4tesynchronisation<br \/>\n\u2013 7 Kan\u00e4le f\u00fcr das Frequenzband 863 ~ 865 MHz<br \/>\n\u2013 Keine Beschr\u00e4nkung der Gruppengr\u00f6\u00dfe<br \/>\n\u2013 Beleuchtete, kontrastreiche OLED-Anzeige<br \/>\n\u2013 Vollst\u00e4ndig drahtloses System ohne Basisstation oder Installation<br \/>\n\u2013 Reichweite \u00fcber 100 m in der Sichtlinie<br \/>\n\u2013 Ganzt\u00e4giger Betrieb mit einem Satz Batterien<br \/>\n\u2013 Drei Sprechtastenfunktionen\u2013 PTB, PTT, PTM<br \/>\n\u2013 Einstellbare Mikrofonempfindlichkeit und HF-Leistung<br \/>\n\u2013 H\u00f6rger\u00e4te-kompatible Kopfh\u00f6rerbuchse (HAC)<br \/>\n\u2013 Zus\u00e4tzliche Aux-In-Buchse am Ger\u00e4t<br \/>\n\u2013 Gro\u00dfes Angebot an Zubeh\u00f6r<\/p>\n<p><strong>Okayo Electronics Co.<\/strong>, Ltd, ein Hersteller mit Sitz in Taiwan, wurde 1996 von einer Gruppe von Ingenieuren gegr\u00fcndet, die eine gro\u00dfe Leidenschaft f\u00fcr drahtlose Kommunikation hatten.<br \/>\nOkayo stellt zuverl\u00e4ssige, langlebige und erschwingliche Produkte her, die Menschen helfen, auf komfortable Weise miteinander zu kommunizieren. Sie basieren auf verschiedenen drahtlosen Technologien und L\u00f6sungen &#8211; Infrarot, VHF, UHF, 2,4 GHz, digitales UHF und andere.<br \/>\nDurch kontinuierliche Bem\u00fchungen in den Bereichen Marktforschung, Technologieforschung und Qualit\u00e4tsverbesserung wird Okayo zu einem f\u00fchrenden Anbieter von drahtlosen Tourguidesystemen, Audioguidesystemen, drahtlosen Sound- und Mikrofonsystemen.<\/p>\n","protected":false},"excerpt":{"rendered":"<p>Drahtlose Vollduplex-Sprechanlageneinheit f\u00fcr die Kommunikation zwischen Mitgliedern eines Filmteams, Kameraleuten, Konzertveranstaltern &#8211; z. B. zwischen Regisseur und Kameraleuten. Einzelne Sprechanlageneinheit.<\/p>\n","protected":false},"featured_media":46314,"template":"","meta":{"_acf_changed":false},"product_brand":[],"product_cat":[5518],"product_tag":[],"class_list":{"0":"post-31869","1":"product","2":"type-product","3":"status-publish","4":"has-post-thumbnail","6":"product_cat-audio-videoproduktion","7":"pa_marka-okayo-de","9":"first","10":"instock","11":"taxable","12":"shipping-taxable","13":"purchasable","14":"product-type-simple"},"acf":[],"_links":{"self":[{"href":"https:\/\/mguide.eu\/de\/wp-json\/wp\/v2\/product\/31869","targetHints":{"allow":["GET"]}}],"collection":[{"href":"https:\/\/mguide.eu\/de\/wp-json\/wp\/v2\/product"}],"about":[{"href":"https:\/\/mguide.eu\/de\/wp-json\/wp\/v2\/types\/product"}],"wp:featuredmedia":[{"embeddable":true,"href":"https:\/\/mguide.eu\/de\/wp-json\/wp\/v2\/media\/46314"}],"wp:attachment":[{"href":"https:\/\/mguide.eu\/de\/wp-json\/wp\/v2\/media?parent=31869"}],"wp:term":[{"taxonomy":"product_brand","embeddable":true,"href":"https:\/\/mguide.eu\/de\/wp-json\/wp\/v2\/product_brand?post=31869"},{"taxonomy":"product_cat","embeddable":true,"href":"https:\/\/mguide.eu\/de\/wp-json\/wp\/v2\/product_cat?post=31869"},{"taxonomy":"product_tag","embeddable":true,"href":"https:\/\/mguide.eu\/de\/wp-json\/wp\/v2\/product_tag?post=31869"}],"curies":[{"name":"wp","href":"https:\/\/api.w.org\/{rel}","templated":true}]}}