{"id":32446,"date":"2021-03-15T12:55:41","date_gmt":"2021-03-15T11:55:41","guid":{"rendered":"https:\/\/mguide.eu\/produkt\/ladegerat-everactive-nc-1200-ni-mh-fur-12-wiederaufladbare-batterien\/"},"modified":"2021-03-15T12:55:41","modified_gmt":"2021-03-15T11:55:41","slug":"ladegerat-everactive-nc-1200-ni-mh-fur-12-wiederaufladbare-batterien","status":"publish","type":"product","link":"https:\/\/mguide.eu\/de\/produkt\/ladegerat-everactive-nc-1200-ni-mh-fur-12-wiederaufladbare-batterien\/","title":{"rendered":"Ladeger\u00e4t everactive NC-1200 Ni-MH f\u00fcr 12 wiederaufladbare Batterien"},"content":{"rendered":"<p>Das Ladeger\u00e4t everActive NC-1200 hat bis zu 12 unabh\u00e4ngige Ladekan\u00e4le f\u00fcr Ni-MH-Akkus der Gr\u00f6\u00dfen R6\/AA oder R03\/AAA, jede Zelle wird einzeln geladen.<\/p>\n<p>Erm\u00f6glicht das Aufladen von 12 wiederaufladbaren R6\/AA- oder R03\/AAA-Batterien in beliebiger Konfiguration\/Kombination, mit beliebiger Kapazit\u00e4t und von beliebigen Herstellern.<\/p>\n<p>Die wichtigsten Eigenschaften des Ladeger\u00e4ts NC-1200:<br \/>\n&#8211; schnelles Laden einer gro\u00dfen Anzahl von Batterien gleichzeitig &#8211; optimal f\u00fcr industrielle und professionelle Anwendungen,<br \/>\n&#8211; beleuchtete LCD-Anzeige mit Batterieladeanzeige separat f\u00fcr jeden Ladeschacht &#8211; zeigt w\u00e4hrend des Ladevorgangs einfach und \u00fcbersichtlich den aktuellen Ladezustand (entsprechend 25\/50\/75\/100 %) in einem Balkendiagramm an,<br \/>\n&#8211; beinhaltet einen 100-240V AC Netzadapter und einen 12V Autoadapter,<br \/>\n&#8211; hat eine Funktion zum Auffrischen (Entladen) der wiederaufladbaren Batterien bei Bedarf, so dass Sie l\u00e4nger Freude an der Leistungsf\u00e4higkeit der Zellen haben,<br \/>\n&#8211; das Ladeger\u00e4t ist gegen Kurzschluss, falsch eingelegte Batterien und \u00dcberhitzung gesch\u00fctzt,<br \/>\n&#8211; der Ladevorgang ist mikroprozessorgesteuert mit -dV-Erkennung &#8211; dies garantiert eine volle Ladung f\u00fcr jede einzelne Zelle.<\/p>\n<p>Das Set enth\u00e4lt:<br \/>\n&#8211; Ladeger\u00e4t,<br \/>\n&#8211; Netzadapter,<br \/>\n&#8211; 12V-Autoadapter,<br \/>\n&#8211; Anleitungen in Polnisch, Englisch und Deutsch.<\/p>\n","protected":false},"excerpt":{"rendered":"<p>Das Ladeger\u00e4t everActive NC-1200 hat bis zu 12 unabh\u00e4ngige Ladekan\u00e4le f\u00fcr Ni-MH-Akkus der Gr\u00f6\u00dfen R6\/AA oder R03\/AAA, jede Zelle wird einzeln geladen.<\/p>\n","protected":false},"featured_media":24384,"template":"","meta":{"_acf_changed":false},"product_brand":[],"product_cat":[5163,1967],"product_tag":[],"class_list":{"0":"post-32446","1":"product","2":"type-product","3":"status-publish","4":"has-post-thumbnail","6":"product_cat-ladegeraete-fuer-sprechanlagen","7":"product_cat-ladegerate","8":"pa_marka-everactive-de","10":"first","11":"instock","12":"taxable","13":"shipping-taxable","14":"purchasable","15":"product-type-simple"},"acf":[],"_links":{"self":[{"href":"https:\/\/mguide.eu\/de\/wp-json\/wp\/v2\/product\/32446","targetHints":{"allow":["GET"]}}],"collection":[{"href":"https:\/\/mguide.eu\/de\/wp-json\/wp\/v2\/product"}],"about":[{"href":"https:\/\/mguide.eu\/de\/wp-json\/wp\/v2\/types\/product"}],"wp:featuredmedia":[{"embeddable":true,"href":"https:\/\/mguide.eu\/de\/wp-json\/wp\/v2\/media\/24384"}],"wp:attachment":[{"href":"https:\/\/mguide.eu\/de\/wp-json\/wp\/v2\/media?parent=32446"}],"wp:term":[{"taxonomy":"product_brand","embeddable":true,"href":"https:\/\/mguide.eu\/de\/wp-json\/wp\/v2\/product_brand?post=32446"},{"taxonomy":"product_cat","embeddable":true,"href":"https:\/\/mguide.eu\/de\/wp-json\/wp\/v2\/product_cat?post=32446"},{"taxonomy":"product_tag","embeddable":true,"href":"https:\/\/mguide.eu\/de\/wp-json\/wp\/v2\/product_tag?post=32446"}],"curies":[{"name":"wp","href":"https:\/\/api.w.org\/{rel}","templated":true}]}}