{"id":33277,"date":"2022-11-26T13:00:30","date_gmt":"2022-11-26T12:00:30","guid":{"rendered":"https:\/\/mguide.eu\/produkt\/mguide-aqua-radiosatz-trainersender-und-wassersport-studentempfanger\/"},"modified":"2025-11-11T18:26:09","modified_gmt":"2025-11-11T17:26:09","slug":"mguide-aqua-radiosatz-trainersender-und-wassersport-studentempfanger","status":"publish","type":"product","link":"https:\/\/mguide.eu\/de\/produkt\/mguide-aqua-radiosatz-trainersender-und-wassersport-studentempfanger\/","title":{"rendered":"mGuide AQUA &#8211; Radiosatz &#8211; Trainersender und Wassersport-Studentempf\u00e4nger"},"content":{"rendered":"<p>Der mGuide AQUA T Sender dient zur Kommunikation mit einem oder mit mehreren Empf\u00e4ngern des Typs mGuide AQUA R (separat oder als 1+1-Satz erh\u00e4ltlich).<\/p>\n<p>Das mGuide AQUA-System verf\u00fcgt \u00fcber neun Kan\u00e4le, was bedeutet, dass sogar bis zu neun Trainern gleichzeitig in einem Schwimmbad \u00fcben k\u00f6nnen, oder dass ein Trainer sich abwechselnd mit neun Sportlern \u00fcber separate Kan\u00e4le kommunizieren kann. Alternativ kann der Trainer mit einer gesamten Gruppe \u00fcber einem Kanal in Kontakt bleiben. Sowohl der Sender als auch der Empf\u00e4nger sind wasserdicht, von da her eignen sie sich perfekt als Trainingsunterst\u00fcetzung bei allen Wassersportarten Schwimmen, Synchronschwimmen, Windsurfen, Kitesurfen, Aqua Fitness und Wasser\u00e4robic.<\/p>\n<p>Der Sender ist sehr einfach zu bedienen \u2013 das Ein- und Ausschalten erfolgt mit dem Hauptschalter (mittig) durch Langdrucken. Der Sendekanal ist durch die Tasten CH+ und CH- zu \u00e4ndern, und die Lautst\u00e4rke (Mikrofon-Empfindlichkeit) ist durch die Tasten &#8211; und + links und rechts des Hauptschalters ge\u00e4ndert.<\/p>\n<p>Der Satz mit dem Sender enth\u00e4lt auch ein Knopflochmikrofon (optional, der Sender selbst verf\u00fcgt \u00fcber einen eingebauten Mikrofon), zwei Antennen (eine als Ersatz), ein wei\u00dfes Stromversorgungskabel und eine USB-Buchse (Ladezeit ca. sechs Stunden, Betriebszeit zehn Stunden), einen Handgriff sowie eine Klammer f\u00fcr den Sender mit Gurtelverbinder.<\/p>\n<p>Der Empf\u00e4nger mGuide AQUA hat die Form eines sehr leichten (39 g) Sport-Kopfh\u00f6rersatzes mit einem Kopfr\u00fcckenband. Aus dem Grund des Verwendungszwecks, des Einsatzes im Wasser \u2013 ist er vollst\u00e4ndig wasserdicht. Der AQUA-Empf\u00e4nger verwendet das Ph\u00e4nomen der Knochenleitung \u2013 dadurch werden die \u00fcbertragenen T\u00f6ne trotz der Tatsache geh\u00f6rt, dass die Enden der H\u00f6rer nicht in den Ohren sondern au\u00dferhalb liegen (am Kontaktpunkt des Ohrlappens mit dem Kopf). Diese Methode der Ton\u00fcbertragung ist vollkommen sicher, dadurch kann der Spieler z. B. die Bemerkungen des Trainers h\u00f6ren und gleichzeitig die Ger\u00e4usche der Umgebung h\u00f6ren. Es ist ebenfalls nicht wichtig, ob sich der Empf\u00e4nger \u00fcber dem Wasserspiegel oder unter Wasser befindet \u2013 die \u00dcbertragung ist immer perfekt.<\/p>\n<p>Der mGuide AQUA-Sender hat nur drei Tasten, +, POWER und -. Die Bedienung ist einfach. L\u00e4ngeres Halten der mittigen Taste schaltet das Ger\u00e4t ein oder aus. Der Kanal ist durch Dr\u00fccken der Taste + oder \u2013 ge\u00e4ndert, und die \u00c4nderung wird durch eine automatische Mitteilung auf Englisch best\u00e4tigt.<\/p>\n<p>Der mGuide AQUA arbeitet mit neun Kan\u00e4len. Damit der Empfang m\u00f6glich ist, muss der gleiche Kanal beim Sender und Empf\u00e4nger eingestellt werden, Die Lautst\u00e4rke ist \u00fcber ein l\u00e4ngeres Halten der Tasten + oder \u2013 anzupassen. Das Aufladen braucht das angeh\u00e4ngte Kabel und den Stecker. Die Betriebszeit bei einer vollst\u00e4ndig geladenen Batterie betr\u00e4gt mind. vier Stunden.<\/p>\n<p>Die maximale Entfernung zwischen Sender und Empf\u00e4nger betr\u00e4gt ca. 100-120 m in Fluchtlinie. Das bedeutet, dass der mGuide AQUA sich bei sogar den gr\u00f6\u00dften Schwimmbecken eben so wie beim Training der Grundlagen des Wind- oder Kitesurfing bew\u00e4hrt.<\/p>\n","protected":false},"excerpt":{"rendered":"<p>Der mGuide AQUA-Satz besteht aus einem Sender f\u00fcr den Trainer sowie einem Satz Kopfh\u00f6rer-Empf\u00e4nger f\u00fcr einen Studenten oder Sportler. Der Satz kann um weitere Empf\u00e4nger erweitert werden.<\/p>\n<p>Der mGuide AQUA ist ein Radiosatz f\u00fcr Schwimmtraining f\u00fcr Trainer, Sportler und Stundenten. Er bew\u00e4hrt sich hervorragend beim Training von Anh\u00e4ngern von solchen Wassersportarten wie Schwimmen, Windsurfen, Kitesurfen oder Stehpaddeln. Dank dem mGuide AQUA wird das Training effektiver und einfacher \u2013 nicht nur in Kinderschwimmschulen, sondern auch bei Triathleten und Profi-Wassersportlern. Die Ger\u00e4te sind vollst\u00e4ndig wasserdicht.<\/p>\n<p><img loading=\"lazy\" decoding=\"async\" class=\"alignnone wp-image-35109 size-full\" src=\"https:\/\/mguide.eu\/wp-content\/uploads\/2023\/04\/promocjade.jpg\" alt=\"\" width=\"624\" height=\"118\" srcset=\"https:\/\/i0.wp.com\/mguide.eu\/wp-content\/uploads\/2023\/04\/promocjade.jpg?w=624&amp;ssl=1 624w, https:\/\/i0.wp.com\/mguide.eu\/wp-content\/uploads\/2023\/04\/promocjade.jpg?resize=600%2C113&amp;ssl=1 600w\" sizes=\"auto, (max-width: 624px) 100vw, 624px\" \/><\/p>\n","protected":false},"featured_media":45995,"template":"","meta":{"_acf_changed":false},"product_brand":[],"product_cat":[5774],"product_tag":[],"class_list":{"0":"post-33277","1":"product","2":"type-product","3":"status-publish","4":"has-post-thumbnail","6":"product_cat-funksprechanlagen-fuer-wassersport","8":"first","9":"instock","10":"sale","11":"taxable","12":"shipping-taxable","13":"purchasable","14":"product-type-simple"},"acf":[],"_links":{"self":[{"href":"https:\/\/mguide.eu\/de\/wp-json\/wp\/v2\/product\/33277","targetHints":{"allow":["GET"]}}],"collection":[{"href":"https:\/\/mguide.eu\/de\/wp-json\/wp\/v2\/product"}],"about":[{"href":"https:\/\/mguide.eu\/de\/wp-json\/wp\/v2\/types\/product"}],"wp:featuredmedia":[{"embeddable":true,"href":"https:\/\/mguide.eu\/de\/wp-json\/wp\/v2\/media\/45995"}],"wp:attachment":[{"href":"https:\/\/mguide.eu\/de\/wp-json\/wp\/v2\/media?parent=33277"}],"wp:term":[{"taxonomy":"product_brand","embeddable":true,"href":"https:\/\/mguide.eu\/de\/wp-json\/wp\/v2\/product_brand?post=33277"},{"taxonomy":"product_cat","embeddable":true,"href":"https:\/\/mguide.eu\/de\/wp-json\/wp\/v2\/product_cat?post=33277"},{"taxonomy":"product_tag","embeddable":true,"href":"https:\/\/mguide.eu\/de\/wp-json\/wp\/v2\/product_tag?post=33277"}],"curies":[{"name":"wp","href":"https:\/\/api.w.org\/{rel}","templated":true}]}}