{"id":34462,"date":"2023-02-14T15:44:03","date_gmt":"2023-02-14T14:44:03","guid":{"rendered":"https:\/\/mguide.eu\/produkt\/mguide-gst-s5-drahtloses-kommunikationsset-fur-horeca-mitarbeiter-fur-die-ausgabe-kuche-und-5-kellner\/"},"modified":"2024-08-01T12:12:47","modified_gmt":"2024-08-01T10:12:47","slug":"mguide-gst-s5-drahtloses-kommunikationsset-fur-horeca-mitarbeiter-fur-die-ausgabe-kuche-und-5-kellner","status":"publish","type":"product","link":"https:\/\/mguide.eu\/de\/produkt\/mguide-gst-s5-drahtloses-kommunikationsset-fur-horeca-mitarbeiter-fur-die-ausgabe-kuche-und-5-kellner\/","title":{"rendered":"mGuide GST S5 &#8211; Drahtloses Kommunikationsset f\u00fcr HoReCa-Mitarbeiter f\u00fcr die Ausgabe\/K\u00fcche und 5 Kellner"},"content":{"rendered":"<p>Das Set enth\u00e4lt:<br \/>\n&#8211; mGuide GST G1 &#8211; HORECA-Funkstation &#8211; 1 St\u00fcck<br \/>\n&#8211; mGuide GST G2 &#8211; HORECA-Funkger\u00e4t &#8211; 5 St\u00fcck<br \/>\n&#8211; Diskretes Headset f\u00fcr GST G2 &#8211; 5 St\u00fcck<\/p>\n<p>Der mGuide GST ist ein drahtloses Kommunikationssystem, das die Kommunikation verbessert und die Arbeitsabl\u00e4ufe in der HORECA-Branche erleichtert.<\/p>\n<p>Der mGuide GST eignet sich z. B. f\u00fcr die Kommunikation zwischen:<\/p>\n<ul>\n<li>der K\u00fcche oder der Essensausgabe und der Bedienung im Restaurant.<\/li>\n<li>Kellnern und Hilfskr\u00e4ften, z. B. bei verschiedenen Veranstaltungen.<\/li>\n<li>dem Ma\u00eetre und dem Personal bei der Bewirtung oder bei Empf\u00e4ngen.<\/li>\n<li>Hotelrezeption, Reinigungs- und Sicherheitspersonal.<\/li>\n<\/ul>\n<p>Die Funkstation des mGuide G1 befindet sich in der K\u00fcche im Ausgabebereich und dient den Kellnern als Koordinationszentrale. Der Sous Chef, der f\u00fcr die Ausgabe zust\u00e4ndig ist, kann \u00fcber das Mikrofon der Funkstation den Kellnern mitteilen, dass die Bestellung fertig ist und zur Abholung bereitsteht. Die PTT-Taste, die die \u00dcbertragung ausl\u00f6st, kann mit einem speziellen PTT-Fu\u00dfpedal (FS-01 &#8211; PTT-Fu\u00dftaste f\u00fcr SM-01) aktiviert werden, ohne dass die H\u00e4nde zum Einsatz kommen. Kellner hingegen, die mit G2-Taschenfunkger\u00e4ten und einem diskreten Kopfb\u00fcgelmikrofon ausgestattet sind, k\u00f6nnen im Handumdrehen Getr\u00e4nkebestellungen f\u00fcr die Bar aufgeben oder die Abholung von Speisen aus der Ausgabe best\u00e4tigen.<\/p>\n<p>Im Hotel kann das mGuide GST-Set auch zur Koordinierung des Zimmerreinigungsteams eingesetzt werden. Wenn der Gast das Zimmer verl\u00e4sst, pr\u00fcft ein Mitarbeiter den Zustand des Zimmers und der Minibar, indem er sich \u00fcber ein G2-Taschenradio bei der Rezeption meldet.<\/p>\n<p>Bei Veranstaltungen, Banketten oder Partys im Freien k\u00f6nnen die GST-Funkger\u00e4te in einer beliebigen Konfiguration von G1- und G2-Ger\u00e4ten eingesetzt werden, um die Aktivit\u00e4ten des Catering-Personals, der Sicherheitskr\u00e4fte, des Beleuchtungspersonals oder des Veranstaltungsleiters zu koordinieren.<\/p>\n","protected":false},"excerpt":{"rendered":"<p>Drahtloses Kommunikationsset f\u00fcr die Ausgabe\/K\u00fcche und f\u00fcnf Kellner. Inkl. Satz von f\u00fcnf diskreten Headsets.<\/p>\n","protected":false},"featured_media":46532,"template":"","meta":{"_acf_changed":false},"product_brand":[],"product_cat":[5806],"product_tag":[],"class_list":{"0":"post-34462","1":"product","2":"type-product","3":"status-publish","4":"has-post-thumbnail","6":"product_cat-sprechanlagen-fuer-die-gastronomie-horeca","8":"first","9":"instock","10":"taxable","11":"shipping-taxable","12":"purchasable","13":"product-type-simple"},"acf":[],"_links":{"self":[{"href":"https:\/\/mguide.eu\/de\/wp-json\/wp\/v2\/product\/34462","targetHints":{"allow":["GET"]}}],"collection":[{"href":"https:\/\/mguide.eu\/de\/wp-json\/wp\/v2\/product"}],"about":[{"href":"https:\/\/mguide.eu\/de\/wp-json\/wp\/v2\/types\/product"}],"wp:featuredmedia":[{"embeddable":true,"href":"https:\/\/mguide.eu\/de\/wp-json\/wp\/v2\/media\/46532"}],"wp:attachment":[{"href":"https:\/\/mguide.eu\/de\/wp-json\/wp\/v2\/media?parent=34462"}],"wp:term":[{"taxonomy":"product_brand","embeddable":true,"href":"https:\/\/mguide.eu\/de\/wp-json\/wp\/v2\/product_brand?post=34462"},{"taxonomy":"product_cat","embeddable":true,"href":"https:\/\/mguide.eu\/de\/wp-json\/wp\/v2\/product_cat?post=34462"},{"taxonomy":"product_tag","embeddable":true,"href":"https:\/\/mguide.eu\/de\/wp-json\/wp\/v2\/product_tag?post=34462"}],"curies":[{"name":"wp","href":"https:\/\/api.w.org\/{rel}","templated":true}]}}