{"id":34473,"date":"2023-02-14T16:26:21","date_gmt":"2023-02-14T15:26:21","guid":{"rendered":"https:\/\/mguide.eu\/produkt\/gst-sshk-headset-mit-kehlkopfmikrofon-fur-gst-g2\/"},"modified":"2023-02-14T16:26:21","modified_gmt":"2023-02-14T15:26:21","slug":"gst-sshk-headset-mit-kehlkopfmikrofon-fur-gst-g2","status":"publish","type":"product","link":"https:\/\/mguide.eu\/de\/produkt\/gst-sshk-headset-mit-kehlkopfmikrofon-fur-gst-g2\/","title":{"rendered":"GST-SSHK &#8211; Headset mit Kehlkopfmikrofon f\u00fcr GST G2"},"content":{"rendered":"<p>Headset mit Kehlkopfmikrofon. Ideal f\u00fcr Situationen mit vielen Umgebungsger\u00e4uschen, die f\u00fcr ein normales Headset zu laut sind. Das Mikrofonteil liegt eng am Hals an und schirmt so die meisten Umgebungsger\u00e4usche ab. Leicht und bequem zu tragen. Au\u00dferdem verf\u00fcgt es \u00fcber einen diskreten, nicht st\u00f6renden Ohrb\u00fcgel.<\/p>\n","protected":false},"excerpt":{"rendered":"<p>Headset mit Kehlkopfmikrofon f\u00fcr das GST-G2-Funkger\u00e4t.<\/p>\n","protected":false},"featured_media":37854,"template":"","meta":{"_acf_changed":false},"product_brand":[],"product_cat":[4462,5806],"product_tag":[],"class_list":{"0":"post-34473","1":"product","2":"type-product","3":"status-publish","4":"has-post-thumbnail","6":"product_cat-headsets-de","7":"product_cat-sprechanlagen-fuer-die-gastronomie-horeca","9":"first","10":"instock","11":"taxable","12":"shipping-taxable","13":"purchasable","14":"product-type-simple"},"acf":[],"_links":{"self":[{"href":"https:\/\/mguide.eu\/de\/wp-json\/wp\/v2\/product\/34473","targetHints":{"allow":["GET"]}}],"collection":[{"href":"https:\/\/mguide.eu\/de\/wp-json\/wp\/v2\/product"}],"about":[{"href":"https:\/\/mguide.eu\/de\/wp-json\/wp\/v2\/types\/product"}],"wp:featuredmedia":[{"embeddable":true,"href":"https:\/\/mguide.eu\/de\/wp-json\/wp\/v2\/media\/37854"}],"wp:attachment":[{"href":"https:\/\/mguide.eu\/de\/wp-json\/wp\/v2\/media?parent=34473"}],"wp:term":[{"taxonomy":"product_brand","embeddable":true,"href":"https:\/\/mguide.eu\/de\/wp-json\/wp\/v2\/product_brand?post=34473"},{"taxonomy":"product_cat","embeddable":true,"href":"https:\/\/mguide.eu\/de\/wp-json\/wp\/v2\/product_cat?post=34473"},{"taxonomy":"product_tag","embeddable":true,"href":"https:\/\/mguide.eu\/de\/wp-json\/wp\/v2\/product_tag?post=34473"}],"curies":[{"name":"wp","href":"https:\/\/api.w.org\/{rel}","templated":true}]}}