{"id":34642,"date":"2022-09-01T13:03:15","date_gmt":"2022-09-01T11:03:15","guid":{"rendered":"https:\/\/mguide.eu\/produkt\/ref-2-set-von-zwei-schiedsrichter-sprechanlagen-plus-zubehor\/"},"modified":"2022-09-01T13:03:15","modified_gmt":"2022-09-01T11:03:15","slug":"ref-2-set-von-zwei-schiedsrichter-sprechanlagen-plus-zubehor","status":"publish","type":"product","link":"https:\/\/mguide.eu\/de\/produkt\/ref-2-set-von-zwei-schiedsrichter-sprechanlagen-plus-zubehor\/","title":{"rendered":"REF-2 &#8211; Set von zwei Schiedsrichter-Sprechanlagen plus Zubeh\u00f6r"},"content":{"rendered":"<p>Das Set enth\u00e4lt:<br \/>\n&#8211; drahtlose Sprechanlage AT-320 \u2014 2 St\u00fcck<br \/>\n&#8211; Kopfb\u00fcgelmikrofon HE-009 \u2014 2 St\u00fcck<br \/>\n&#8211; Armband OT-008 \u2014 2 St\u00fcck<br \/>\n&#8211; Transportkoffer TR-003 \u2014 1 St\u00fcck<br \/>\n&#8211; Netzladeger\u00e4t 1x USB CR-009 \u2014 1 St\u00fcck<br \/>\n&#8211; USB-Kabel auf 2x Micro USB CA-006 \u2014 1 St\u00fcck<\/p>\n<p>Die Zwei-Wege-Kommunikationssysteme von AXIWI stehen auf der <a href=\"https:\/\/www.fifa.com\/en\/technical\/football-technology\/standards\/video-assistant-referee\/var-iaap-technology\">Liste\u00a0der weltweiten Fu\u00dfball-Schiedsrichter-Kommunikationssysteme der FIFA\u00a0(F\u00e9d\u00e9ration Internationale de Football Association)<\/a> AXIWI sind professionelle Systeme f\u00fcr Sportschiedsrichter und werden von Fu\u00dfball- und Schiedsrichterorganisationen <a href=\"https:\/\/www.axiwi.com\/references-axiwi-wireless-communication-system\/\">und anderen Nutzern<\/a>) auf der ganzen Welt eingesetzt.<\/p>\n<p>Was ist die AXIWI-Sprechanlage?<br \/>\nAXIWI ist ein Mini-Vollduplex-Kommunikationssystem mit Freisprechfunktion. Im Konferenzmodus k\u00f6nnen sechs Personen gleichzeitig miteinander kommunizieren, genau wie bei einem Telefongespr\u00e4ch. Das AT-320 verf\u00fcgt \u00fcber vier Funkkan\u00e4le zur Kommunikation, wobei jeder Kanal von bis zu 250 Personen genutzt werden kann. Au\u00dferdem ist die Sprechanlage mit einem Clip und einer Schl\u00fcsselbandhalterung ausgestattet.<br \/>\nDas Axiwi AT-320 ist die kompakteste Schiedsrichter-Sprechanlage auf dem Markt!<br \/>\nDas Ger\u00e4t misst 32\u00a0x\u00a065\u00a0x\u00a022\u00a0mm und wiegt mit Akku nur 39\u00a0g.<\/p>\n<p><iframe loading=\"lazy\" title=\"Possibilities of the AXIWI communication system in sports for referees, coaches and sports officials\" width=\"1170\" height=\"658\" src=\"https:\/\/www.youtube.com\/embed\/noPTV-e9ddU?feature=oembed\" frameborder=\"0\" allow=\"accelerometer; autoplay; clipboard-write; encrypted-media; gyroscope; picture-in-picture; web-share\" allowfullscreen><\/iframe><\/p>\n<p>Das AXIWI-Kommunikationssystem wurde f\u00fcr Schiedsrichter, Trainer und Ausbilder in den meisten Sportarten entwickelt, wie zum Beispiel:<br \/>\n&#8211; Handball,<br \/>\n&#8211; Korfball,<br \/>\n&#8211; Basketball,<br \/>\n&#8211; Fu\u00dfball,<br \/>\n&#8211; Feldhockey,<br \/>\n&#8211; Volleyball,<br \/>\n&#8211; Baseball,<br \/>\n&#8211; Wasserball,<br \/>\n&#8211; Rugby,<br \/>\n&#8211; Unihockey,<br \/>\n&#8211; Strandsportarten,<br \/>\n&#8211; Futsal,<br \/>\n&#8211; Reiten.<\/p>\n<p><a href=\"https:\/\/systemtourguide.com\/system-komunikacji-sedziowskiej\/\">Weitere Informationen \u00fcber die Vorteile der Axiwi-Systeme f\u00fcr den Sport finden Sie unter diesem Link auf unserer Website.<\/a><\/p>\n<p>Die Ausf\u00fchrungszeit der Bestellung betr\u00e4gt sieben bis zehn Arbeitstage.<\/p>\n<p>Der Garantiezeitraum betr\u00e4gt zwei Jahre.<br \/>\nWir bieten umfassenden technischen Support, Updates und Systemwartung auch nach Ablauf der Garantiezeit.<\/p>\n<p>Merkmale des AXIWI AT-320<br \/>\n\u2013 vollst\u00e4ndig drahtloses System ohne Basisstation oder Installation<br \/>\n\u2013 Vollduplex-Zwei-Wege-Kommunikation mit bis zu sechs Personen<br \/>\n\u2013 hochwertiger Echtzeit-Audioempfang ohne Latenz (Latenz &lt;1ms)<br \/>\n\u2013 bis zu 250 Ger\u00e4te pro Kanal k\u00f6nnen an einer Telefonkonferenz teilnehmen<br \/>\n\u2013 universelles, weltweites Funkfrequenzband \u2014 2, 4 GHz<br \/>\n\u2013 Reichweite von mehr als 200 Metern in Sichtlinie<br \/>\n\u2013 4 gleichzeitige Funkkan\u00e4le<br \/>\n\u2013 kompakt \u2013 32 x 65 x 22\u00a0mm \/ 39\u00a0g<br \/>\n\u2013 einzeln aufladbar \u00fcber Micro-USB oder gemeinsam in einem speziellen Tischladeger\u00e4t<br \/>\n\u2013 Betriebszeit &#8211; 6 Stunden, Aufladezeit &#8211; +\/- 2 Stunden<br \/>\n\u2013 Kopfh\u00f6rer-\/Mikrofonanschluss 3,5 mm TRRS<\/p>\n<p><a href=\"https:\/\/mguide.eu\/wp-content\/uploads\/2022\/08\/Porownanie-bezprzewodowych-systemow-komunikacji-AXIWI-Axiwi-PL.pdf\">Gegen\u00fcberstellung der Systeme Axiwi AT-320 und AT-350.<\/a><\/p>\n<p><iframe loading=\"lazy\" title=\"Instruction video AXIWI AT-320 full duplex and wireless audio communication system\" width=\"1170\" height=\"658\" src=\"https:\/\/www.youtube.com\/embed\/0R6cRTS43eI?feature=oembed\" frameborder=\"0\" allow=\"accelerometer; autoplay; clipboard-write; encrypted-media; gyroscope; picture-in-picture; web-share\" allowfullscreen><\/iframe><\/p>\n","protected":false},"excerpt":{"rendered":"<p>Set von zwei einfachen Vollduplex-Sprechanlagen Axiwi AT-320 mit Zubeh\u00f6r zur drahtlosen Kommunikation f\u00fcr Schiedsrichter bei Fu\u00dfball, Volleyball, Basketball und anderen Sportarten.<\/p>\n","protected":false},"featured_media":46188,"template":"","meta":{"_acf_changed":false},"product_brand":[],"product_cat":[5636],"product_tag":[],"class_list":{"0":"post-34642","1":"product","2":"type-product","3":"status-publish","4":"has-post-thumbnail","6":"product_cat-sprechanlagen-fuer-sportschiedsrichter","7":"pa_marka-axiwi-de","9":"first","10":"outofstock","11":"taxable","12":"shipping-taxable","13":"purchasable","14":"product-type-simple"},"acf":[],"_links":{"self":[{"href":"https:\/\/mguide.eu\/de\/wp-json\/wp\/v2\/product\/34642","targetHints":{"allow":["GET"]}}],"collection":[{"href":"https:\/\/mguide.eu\/de\/wp-json\/wp\/v2\/product"}],"about":[{"href":"https:\/\/mguide.eu\/de\/wp-json\/wp\/v2\/types\/product"}],"wp:featuredmedia":[{"embeddable":true,"href":"https:\/\/mguide.eu\/de\/wp-json\/wp\/v2\/media\/46188"}],"wp:attachment":[{"href":"https:\/\/mguide.eu\/de\/wp-json\/wp\/v2\/media?parent=34642"}],"wp:term":[{"taxonomy":"product_brand","embeddable":true,"href":"https:\/\/mguide.eu\/de\/wp-json\/wp\/v2\/product_brand?post=34642"},{"taxonomy":"product_cat","embeddable":true,"href":"https:\/\/mguide.eu\/de\/wp-json\/wp\/v2\/product_cat?post=34642"},{"taxonomy":"product_tag","embeddable":true,"href":"https:\/\/mguide.eu\/de\/wp-json\/wp\/v2\/product_tag?post=34642"}],"curies":[{"name":"wp","href":"https:\/\/api.w.org\/{rel}","templated":true}]}}