{"id":34650,"date":"2022-09-05T12:12:04","date_gmt":"2022-09-05T10:12:04","guid":{"rendered":"https:\/\/mguide.eu\/produkt\/axiwi-at-350-1-zusatzliche-sprechanlage-fur-ref-x-set\/"},"modified":"2024-06-11T14:07:49","modified_gmt":"2024-06-11T12:07:49","slug":"axiwi-at-350-1-zusatzliche-sprechanlage-fur-ref-x-set","status":"publish","type":"product","link":"https:\/\/mguide.eu\/de\/produkt\/axiwi-at-350-1-zusatzliche-sprechanlage-fur-ref-x-set\/","title":{"rendered":"Axiwi AT-350 &#8211; 1 zus\u00e4tzliche Sprechanlage f\u00fcr REF-X-Set"},"content":{"rendered":"<p>Die Zwei-Wege-Kommunikationssysteme von AXIWI stehen auf der <a href=\"https:\/\/www.fifa.com\/en\/technical\/football-technology\/standards\/video-assistant-referee\/var-iaap-technology\">Liste\u00a0der weltweiten Fu\u00dfball-Schiedsrichter-Kommunikationssysteme der FIFA\u00a0(F\u00e9d\u00e9ration Internationale de Football Association)<\/a> AXIWI sind professionelle Systeme f\u00fcr Sportschiedsrichter und werden von Fu\u00dfball- und Schiedsrichterorganisationen <a href=\"https:\/\/www.axiwi.com\/references-axiwi-wireless-communication-system\/\">und anderen Nutzern<\/a>) auf der ganzen Welt eingesetzt.<\/p>\n<p>Was ist die AXIWI-Sprechanlage?<br \/>\nAXIWI ist ein Mini-Vollduplex-Kommunikationssystem mit Freisprechfunktion. Im Konferenzmodus k\u00f6nnen sechs Personen gleichzeitig miteinander kommunizieren, genau wie bei einem Telefongespr\u00e4ch. Das AT-320 verf\u00fcgt \u00fcber vier Funkkan\u00e4le zur Kommunikation, wobei jeder Kanal von bis zu 250 Personen genutzt werden kann. Au\u00dferdem ist die Sprechanlage mit einem Clip und einer Schl\u00fcsselbandhalterung ausgestattet.<br \/>\nDas Axiwi AT-320 ist die kompakteste Schiedsrichter-Sprechanlage auf dem Markt!<br \/>\nDas Ger\u00e4t misst 32\u00a0x\u00a065\u00a0x\u00a022\u00a0mm und wiegt mit Akku nur 39\u00a0g.<\/p>\n<p><iframe loading=\"lazy\" title=\"Possibilities of the AXIWI communication system in sports for referees, coaches and sports officials\" width=\"1170\" height=\"658\" src=\"https:\/\/www.youtube.com\/embed\/noPTV-e9ddU?feature=oembed\" frameborder=\"0\" allow=\"accelerometer; autoplay; clipboard-write; encrypted-media; gyroscope; picture-in-picture; web-share\" allowfullscreen><\/iframe><\/p>\n<p>Das AXIWI-Kommunikationssystem wurde f\u00fcr Schiedsrichter, Trainer und Ausbilder in den meisten Sportarten entwickelt, wie zum Beispiel:<br \/>\n&#8211; Handball,<br \/>\n&#8211; Korfball,<br \/>\n&#8211; Basketball,<br \/>\n&#8211; Fu\u00dfball,<br \/>\n&#8211; Feldhockey,<br \/>\n&#8211; Volleyball,<br \/>\n&#8211; Baseball,<br \/>\n&#8211; Wasserball,<br \/>\n&#8211; Rugby,<br \/>\n&#8211; Unihockey,<br \/>\n&#8211; Strandsportarten,<br \/>\n&#8211; Futsal,<br \/>\n&#8211; Reiten.<\/p>\n<p><a href=\"https:\/\/systemtourguide.com\/system-komunikacji-sedziowskiej\/\">Weitere Informationen \u00fcber die Vorteile der Axiwi-Systeme f\u00fcr den Sport finden Sie unter diesem Link auf unserer Website.<\/a><\/p>\n<p>Die Ausf\u00fchrungszeit der Bestellung betr\u00e4gt sieben bis zehn Arbeitstage.<\/p>\n<p>Der Garantiezeitraum betr\u00e4gt zwei Jahre.<br \/>\nWir bieten umfassenden technischen Support, Updates und Systemwartung auch nach Ablauf der Garantiezeit.<\/p>\n<p>Hinweis! Dieses Produkt ist kein komplettes Kommunikationsset, sondern nur eine zus\u00e4tzliche Sprechanlage!<\/p>\n<p>Eigenschaften des AXIWI AT-350 Systems:<br \/>\n\u2013 vollst\u00e4ndig drahtloses System ohne Basisstation und Installation<br \/>\n\u2013 bidirektionale Vollduplex-Kommunikation f\u00fcr bis zu 6 Personen<br \/>\n\u2013 hochwertige Audioempfang in Echtzeit ohne Verz\u00f6gerung (Latenz &lt; 1 ms)<br \/>\n\u2013 bis zu 250 Ger\u00e4te pro Kanal k\u00f6nnen im Konferenzmodus am Gespr\u00e4ch teilnehmen<br \/>\n\u2013 8 Kan\u00e4le (8 Gruppen k\u00f6nnen unabh\u00e4ngig ohne St\u00f6rungen im selben Bereich arbeiten)<br \/>\n\u2013 Reichweite von 300 Metern in Sichtlinie<br \/>\n\u2013 klein und ultraleicht \u2013 78 x 38 x 19 mm \/ 70 g<br \/>\n\u2013 individuelle Aufladung \u00fcber Micro-USB-Anschluss oder kollektiv in einem speziellen Tischladeger\u00e4t<br \/>\n\u2013 3,5 mm TRRS Headset-Anschluss<br \/>\n\u2013 Betriebszeit \u2013 10 Stunden, Ladezeit \u2013 3~4 Stunden<br \/>\n\u2013 Schutzklasse IP54<\/p>\n<p><a href=\"https:\/\/mguide.eu\/wp-content\/uploads\/2022\/08\/Porownanie-bezprzewodowych-systemow-komunikacji-AXIWI-Axiwi-PL.pdf\">Gegen\u00fcberstellung der Systeme Axiwi AT-320 und AT-350.<\/a><\/p>\n<p><iframe loading=\"lazy\" title=\"Instruction video AXIWI AT-320 full duplex and wireless audio communication system\" width=\"1170\" height=\"658\" src=\"https:\/\/www.youtube.com\/embed\/0R6cRTS43eI?feature=oembed\" frameborder=\"0\" allow=\"accelerometer; autoplay; clipboard-write; encrypted-media; gyroscope; picture-in-picture; web-share\" allowfullscreen><\/iframe><\/p>\n","protected":false},"excerpt":{"rendered":"<p>Zus\u00e4tzliche Sprechanlage zur drahtlosen Kommunikation f\u00fcr Fu\u00dfballschiedsrichter und mehr.<\/p>\n","protected":false},"featured_media":37739,"template":"","meta":{"_acf_changed":false},"product_brand":[],"product_cat":[5636],"product_tag":[],"class_list":{"0":"post-34650","1":"product","2":"type-product","3":"status-publish","4":"has-post-thumbnail","6":"product_cat-sprechanlagen-fuer-sportschiedsrichter","7":"pa_marka-axiwi-de","9":"first","10":"instock","11":"taxable","12":"shipping-taxable","13":"purchasable","14":"product-type-simple"},"acf":[],"_links":{"self":[{"href":"https:\/\/mguide.eu\/de\/wp-json\/wp\/v2\/product\/34650","targetHints":{"allow":["GET"]}}],"collection":[{"href":"https:\/\/mguide.eu\/de\/wp-json\/wp\/v2\/product"}],"about":[{"href":"https:\/\/mguide.eu\/de\/wp-json\/wp\/v2\/types\/product"}],"wp:featuredmedia":[{"embeddable":true,"href":"https:\/\/mguide.eu\/de\/wp-json\/wp\/v2\/media\/37739"}],"wp:attachment":[{"href":"https:\/\/mguide.eu\/de\/wp-json\/wp\/v2\/media?parent=34650"}],"wp:term":[{"taxonomy":"product_brand","embeddable":true,"href":"https:\/\/mguide.eu\/de\/wp-json\/wp\/v2\/product_brand?post=34650"},{"taxonomy":"product_cat","embeddable":true,"href":"https:\/\/mguide.eu\/de\/wp-json\/wp\/v2\/product_cat?post=34650"},{"taxonomy":"product_tag","embeddable":true,"href":"https:\/\/mguide.eu\/de\/wp-json\/wp\/v2\/product_tag?post=34650"}],"curies":[{"name":"wp","href":"https:\/\/api.w.org\/{rel}","templated":true}]}}