{"id":34714,"date":"2022-10-04T14:23:25","date_gmt":"2022-10-04T12:23:25","guid":{"rendered":"https:\/\/mguide.eu\/produkt\/headset-fur-die-zwei-wege-kommunikation-drahtlose-sprechanlage-fur-das-gesundheitswesen-set-hc-5-350\/"},"modified":"2026-02-23T11:01:26","modified_gmt":"2026-02-23T10:01:26","slug":"headset-fur-die-zwei-wege-kommunikation-drahtlose-sprechanlage-fur-das-gesundheitswesen-set-hc-5-350","status":"publish","type":"product","link":"https:\/\/mguide.eu\/de\/produkt\/headset-fur-die-zwei-wege-kommunikation-drahtlose-sprechanlage-fur-das-gesundheitswesen-set-hc-5-350\/","title":{"rendered":"Headset f\u00fcr die Zwei-Wege-Kommunikation\/drahtlose Sprechanlage f\u00fcr das Gesundheitswesen &#8211; Set HC-5-350"},"content":{"rendered":"<div class=\"wpb-content-wrapper\"><p>[vc_row][vc_column][vc_column_text css=&#8221;&#8221;]Die Ausf\u00fchrungszeit der Bestellung betr\u00e4gt sieben bis zehn Arbeitstage.<\/p>\n<p><strong>Wie kann die Zwei-Wege-Funkkommunikation dem Gesundheitswesen n\u00fctzen?<\/strong><br \/>\nW\u00e4hrend der Krise sind Zwei-Wege-Headsets zu einem noch wertvolleren Instrument f\u00fcr Kommunikation, Koordination, Sicherheit und Schutz geworden.<br \/>\nMit einer breiten Palette an lizenzfreien digitalen Sprechanlagen und Headsets haben wir eine L\u00f6sung, die Ihre Anforderungen erf\u00fcllt und die Produktivit\u00e4t steigert.<br \/>\nDar\u00fcber hinaus sind wir in der Lage, Kommunikationssysteme mit Repeatern und standort\u00fcbergreifender Konnektivit\u00e4t anzubieten, um die Reichweite und Signalst\u00e4rke zu erh\u00f6hen.<\/p>\n<p>F\u00fcr Krankenh\u00e4user, Operationss\u00e4le, Isolationsstationen und Pflegeteams haben wir ein speziell auf Ihre Bed\u00fcrfnisse zugeschnittenes \u201eSet\u201c:<\/p>\n<ul data-path-to-node=\"7\">\n<li>\n<p data-path-to-node=\"7,0,0\"><b data-path-to-node=\"7,0,0\" data-index-in-node=\"0\">Drahtloses Intercom-System AXIWI AT-350<\/b> \u2013 5 Stk.<\/p>\n<\/li>\n<li>\n<p data-path-to-node=\"7,1,0\"><b data-path-to-node=\"7,1,0\" data-index-in-node=\"0\">HE-001 Kopfh\u00e4rer-Headset mit Mikrofon<\/b> \u2013 5 Stk.<\/p>\n<\/li>\n<li>\n<p data-path-to-node=\"7,2,0\"><b data-path-to-node=\"7,2,0\" data-index-in-node=\"0\">CR-011 Tischladeger\u00e4t<\/b> \u2013 1 Stk.<\/p>\n<\/li>\n<li>\n<p data-path-to-node=\"7,3,0\"><b data-path-to-node=\"7,3,0\" data-index-in-node=\"0\">Transportkoffer f\u00fcr 5x AT-350 Ger\u00e4te<\/b> \u2013 1 Stk.<\/p>\n<\/li>\n<\/ul>\n<blockquote data-path-to-node=\"8\">\n<p data-path-to-node=\"8,0\"><b data-path-to-node=\"8,0\" data-index-in-node=\"0\">M\u00f6gliche verl\u00e4ngerte Lieferzeit. Bitte fragen Sie nach der Verf\u00fcgbarkeit der einzelnen Set-Komponenten.<\/b><\/p>\n<\/blockquote>\n<p>Hygienezubeh\u00f6r finden Sie in der Rubrik \u201e<a href=\"https:\/\/mguide.eu\/de\/produktkategorie\/hygiene-de\/\">Hygiene\u201c<\/a>.<\/p>\n<p>Jeder Arzt wei\u00df, wie wichtig es ist, im Operationssaal oder bei einem Notfall aufmerksam und konzentriert zu sein und schnell zu reagieren.<br \/>\nDie genaue und eindeutige Weitergabe und Entgegennahme von Schl\u00fcsselinformationen zwischen den Mitarbeitern des Einsatzteams ist bei jedem Verfahren unerl\u00e4sslich.<br \/>\nWenn jedes Teammitglied mit einem drahtlosen AT-350-Headset ausgestattet ist, wird seine Effizienz erheblich gesteigert.<\/p>\n<p>https:\/\/www.youtube.com\/watch?v=_GHQNDcNrvQ[\/vc_column_text][\/vc_column][\/vc_row]<\/p>\n<\/div>","protected":false},"excerpt":{"rendered":"<p>Zwei-Wege-Vollduplex-Funk-Headset f\u00fcr die Teamkommunikation von Klinikpersonal. Mini-Zwei-Wege-Sprechanlage f\u00fcr das Gesundheitswesen, medizinische Einrichtungen, Krankenh\u00e4user, Rettungshelfer.<\/p>\n","protected":false},"featured_media":46293,"template":"","meta":{"_acf_changed":false},"product_brand":[],"product_cat":[5766],"product_tag":[],"class_list":{"0":"post-34714","1":"product","2":"type-product","3":"status-publish","4":"has-post-thumbnail","6":"product_cat-sprechanlagen-fuer-das-gesundheitswesen","7":"pa_marka-axiwi-de","9":"first","10":"instock","11":"taxable","12":"shipping-taxable","13":"purchasable","14":"product-type-simple"},"acf":[],"_links":{"self":[{"href":"https:\/\/mguide.eu\/de\/wp-json\/wp\/v2\/product\/34714","targetHints":{"allow":["GET"]}}],"collection":[{"href":"https:\/\/mguide.eu\/de\/wp-json\/wp\/v2\/product"}],"about":[{"href":"https:\/\/mguide.eu\/de\/wp-json\/wp\/v2\/types\/product"}],"wp:featuredmedia":[{"embeddable":true,"href":"https:\/\/mguide.eu\/de\/wp-json\/wp\/v2\/media\/46293"}],"wp:attachment":[{"href":"https:\/\/mguide.eu\/de\/wp-json\/wp\/v2\/media?parent=34714"}],"wp:term":[{"taxonomy":"product_brand","embeddable":true,"href":"https:\/\/mguide.eu\/de\/wp-json\/wp\/v2\/product_brand?post=34714"},{"taxonomy":"product_cat","embeddable":true,"href":"https:\/\/mguide.eu\/de\/wp-json\/wp\/v2\/product_cat?post=34714"},{"taxonomy":"product_tag","embeddable":true,"href":"https:\/\/mguide.eu\/de\/wp-json\/wp\/v2\/product_tag?post=34714"}],"curies":[{"name":"wp","href":"https:\/\/api.w.org\/{rel}","templated":true}]}}