{"id":35244,"date":"2023-05-07T22:37:25","date_gmt":"2023-05-07T20:37:25","guid":{"rendered":"https:\/\/mguide.eu\/?post_type=product&#038;p=35244"},"modified":"2024-09-23T19:14:18","modified_gmt":"2024-09-23T17:14:18","slug":"okayo-wt-300-g2-sender","status":"publish","type":"product","link":"https:\/\/mguide.eu\/de\/produkt\/okayo-wt-300-g2-sender\/","title":{"rendered":"Okayo WT-300 G2 Sender"},"content":{"rendered":"<p>Die vorherige analoge Generation des WT-300, ausgestattet mit beispielsweise einem eingebauten Mikrofon im Sender, einem Reichweitenverlustalarm in den Empf\u00e4ngern, Auswahl der automatischen Abschaltzeit der Empf\u00e4nger oder Display-Hintergrundbeleuchtung. Reichweite (ca. 130 m), Betriebszeit (\u00fcber 25 Stunden) und Anzahl der Kan\u00e4le (40). Im Gegensatz zur neuen digitalen Version nutzt der WT-300G2 eine analoge \u00dcbertragung im 863-865-MHz-Band, was in beliebten Touristenzielen zu \u00dcberlappungen mit anderen Signalen f\u00fchren kann.<\/p>\n<p>Die WT-300-Modelle beider Generationen k\u00f6nnen mit Einweg- oder AA-Akkus betrieben werden. Im letzteren Fall empfehlen wir den Kauf des Sammel-Kofferladeger\u00e4ts HDC-300, das Platz f\u00fcr 24 Ger\u00e4te zum gleichzeitigen Laden oder Transportieren bietet.<\/p>\n","protected":false},"excerpt":{"rendered":"<p>Aufgrund der Einstellung der regul\u00e4ren Produktion des analogen Modells Okayo WT-300 sowie der abnehmenden Verf\u00fcgbarkeit von Ersatzteilen und deren steigenden Preisen m\u00f6chten wir Sie h\u00f6flich dar\u00fcber informieren, dass der technische Support f\u00fcr dieses Modell ab 2026 schrittweise eingestellt wird. Dies bedeutet, dass einige Reparaturen au\u00dferhalb der Garantie m\u00f6glicherweise nicht mehr durchgef\u00fchrt werden k\u00f6nnen.<br \/>\nGleichzeitig informieren wir Sie, dass ab Oktober 2024 eine zweij\u00e4hrige Garantie auf gekaufte WT-300 (analoge) Ger\u00e4te gilt.<\/p>\n","protected":false},"featured_media":29069,"template":"","meta":{"_acf_changed":false},"product_brand":[],"product_cat":[5818],"product_tag":[],"class_list":{"0":"post-35244","1":"product","2":"type-product","3":"status-publish","4":"has-post-thumbnail","6":"product_cat-auf-anfrage-erhaeltlich","7":"pa_marka-okayo-de","9":"first","10":"instock","11":"taxable","12":"shipping-taxable","13":"purchasable","14":"product-type-simple"},"acf":[],"_links":{"self":[{"href":"https:\/\/mguide.eu\/de\/wp-json\/wp\/v2\/product\/35244","targetHints":{"allow":["GET"]}}],"collection":[{"href":"https:\/\/mguide.eu\/de\/wp-json\/wp\/v2\/product"}],"about":[{"href":"https:\/\/mguide.eu\/de\/wp-json\/wp\/v2\/types\/product"}],"wp:featuredmedia":[{"embeddable":true,"href":"https:\/\/mguide.eu\/de\/wp-json\/wp\/v2\/media\/29069"}],"wp:attachment":[{"href":"https:\/\/mguide.eu\/de\/wp-json\/wp\/v2\/media?parent=35244"}],"wp:term":[{"taxonomy":"product_brand","embeddable":true,"href":"https:\/\/mguide.eu\/de\/wp-json\/wp\/v2\/product_brand?post=35244"},{"taxonomy":"product_cat","embeddable":true,"href":"https:\/\/mguide.eu\/de\/wp-json\/wp\/v2\/product_cat?post=35244"},{"taxonomy":"product_tag","embeddable":true,"href":"https:\/\/mguide.eu\/de\/wp-json\/wp\/v2\/product_tag?post=35244"}],"curies":[{"name":"wp","href":"https:\/\/api.w.org\/{rel}","templated":true}]}}