{"id":35259,"date":"2023-05-09T10:49:29","date_gmt":"2023-05-09T08:49:30","guid":{"rendered":"https:\/\/mguide.eu\/?post_type=product&#038;p=35259"},"modified":"2023-05-09T10:59:18","modified_gmt":"2023-05-09T08:59:18","slug":"b-50qr-headset-mikrofon-headset","status":"publish","type":"product","link":"https:\/\/mguide.eu\/de\/produkt\/b-50qr-headset-mikrofon-headset\/","title":{"rendered":"B-50QR Headset (Mikrofon-Headset)"},"content":{"rendered":"<p>Headset mit Nackenb\u00fcgel (erm\u00f6glicht die gleichzeitige Verwendung eines Schutzhelms und eines schweren Headsets). Es verf\u00fcgt \u00fcber ein integriertes B\u00fcgelmikrofon, das die Verwendung einer Freisprecheinrichtung in Umgebungen mit hohem L\u00e4rmpegel erm\u00f6glicht.<\/p>\n","protected":false},"excerpt":{"rendered":"<p>Headset mit Nackenb\u00fcgel (erm\u00f6glicht die gleichzeitige Verwendung eines Schutzhelms und eines schweren Headsets). Es verf\u00fcgt \u00fcber ein integriertes B\u00fcgelmikrofon, das die Verwendung einer Freisprecheinrichtung in Umgebungen mit hohem L\u00e4rmpegel erm\u00f6glicht.<\/p>\n","protected":false},"featured_media":35267,"template":"","meta":{"_acf_changed":false},"product_brand":[],"product_cat":[4462],"product_tag":[],"class_list":{"0":"post-35259","1":"product","2":"type-product","3":"status-publish","4":"has-post-thumbnail","6":"product_cat-headsets-de","7":"pa_marka-raytalk-de","9":"first","10":"instock","11":"taxable","12":"shipping-taxable","13":"purchasable","14":"product-type-simple"},"acf":[],"_links":{"self":[{"href":"https:\/\/mguide.eu\/de\/wp-json\/wp\/v2\/product\/35259","targetHints":{"allow":["GET"]}}],"collection":[{"href":"https:\/\/mguide.eu\/de\/wp-json\/wp\/v2\/product"}],"about":[{"href":"https:\/\/mguide.eu\/de\/wp-json\/wp\/v2\/types\/product"}],"wp:featuredmedia":[{"embeddable":true,"href":"https:\/\/mguide.eu\/de\/wp-json\/wp\/v2\/media\/35267"}],"wp:attachment":[{"href":"https:\/\/mguide.eu\/de\/wp-json\/wp\/v2\/media?parent=35259"}],"wp:term":[{"taxonomy":"product_brand","embeddable":true,"href":"https:\/\/mguide.eu\/de\/wp-json\/wp\/v2\/product_brand?post=35259"},{"taxonomy":"product_cat","embeddable":true,"href":"https:\/\/mguide.eu\/de\/wp-json\/wp\/v2\/product_cat?post=35259"},{"taxonomy":"product_tag","embeddable":true,"href":"https:\/\/mguide.eu\/de\/wp-json\/wp\/v2\/product_tag?post=35259"}],"curies":[{"name":"wp","href":"https:\/\/api.w.org\/{rel}","templated":true}]}}