{"id":35322,"date":"2023-05-09T11:39:44","date_gmt":"2023-05-09T09:39:44","guid":{"rendered":"https:\/\/mguide.eu\/?post_type=product&#038;p=35322"},"modified":"2023-05-09T11:48:44","modified_gmt":"2023-05-09T09:48:44","slug":"rtm-2-headset-mikrofon-headset","status":"publish","type":"product","link":"https:\/\/mguide.eu\/de\/produkt\/rtm-2-headset-mikrofon-headset\/","title":{"rendered":"RTM-2 Headset (Mikrofon-Headset)"},"content":{"rendered":"<p>Kehlkopfmikrofon. Perfekt in Situationen mit viel Umgebungsger\u00e4uschen, zu viel f\u00fcr gew\u00f6hnliche Headsets. Ein Teil des Mikrofons sitzt eng um Ihren Hals, um die meisten Umgebungsger\u00e4usche auszublenden. Leicht und angenehm zu tragen.<\/p>\n","protected":false},"excerpt":{"rendered":"<p>Kehlkopfmikrofon. Perfekt in Situationen mit viel Umgebungsger\u00e4uschen, zu viel f\u00fcr gew\u00f6hnliche Headsets. Ein Teil des Mikrofons sitzt eng um Ihren Hals, um die meisten Umgebungsger\u00e4usche auszublenden. Leicht und angenehm zu tragen.<\/p>\n","protected":false},"featured_media":35330,"template":"","meta":{"_acf_changed":false},"product_brand":[],"product_cat":[4462],"product_tag":[],"class_list":{"0":"post-35322","1":"product","2":"type-product","3":"status-publish","4":"has-post-thumbnail","6":"product_cat-headsets-de","7":"pa_marka-raytalk-de","9":"first","10":"instock","11":"taxable","12":"shipping-taxable","13":"purchasable","14":"product-type-simple"},"acf":[],"_links":{"self":[{"href":"https:\/\/mguide.eu\/de\/wp-json\/wp\/v2\/product\/35322","targetHints":{"allow":["GET"]}}],"collection":[{"href":"https:\/\/mguide.eu\/de\/wp-json\/wp\/v2\/product"}],"about":[{"href":"https:\/\/mguide.eu\/de\/wp-json\/wp\/v2\/types\/product"}],"wp:featuredmedia":[{"embeddable":true,"href":"https:\/\/mguide.eu\/de\/wp-json\/wp\/v2\/media\/35330"}],"wp:attachment":[{"href":"https:\/\/mguide.eu\/de\/wp-json\/wp\/v2\/media?parent=35322"}],"wp:term":[{"taxonomy":"product_brand","embeddable":true,"href":"https:\/\/mguide.eu\/de\/wp-json\/wp\/v2\/product_brand?post=35322"},{"taxonomy":"product_cat","embeddable":true,"href":"https:\/\/mguide.eu\/de\/wp-json\/wp\/v2\/product_cat?post=35322"},{"taxonomy":"product_tag","embeddable":true,"href":"https:\/\/mguide.eu\/de\/wp-json\/wp\/v2\/product_tag?post=35322"}],"curies":[{"name":"wp","href":"https:\/\/api.w.org\/{rel}","templated":true}]}}