{"id":38836,"date":"2023-10-13T16:32:22","date_gmt":"2023-10-13T14:32:22","guid":{"rendered":"https:\/\/mguide.eu\/?post_type=product&#038;p=38836"},"modified":"2023-10-17T13:24:18","modified_gmt":"2023-10-17T11:24:18","slug":"tragetasche-tb-tk-12","status":"publish","type":"product","link":"https:\/\/mguide.eu\/de\/produkt\/tragetasche-tb-tk-12\/","title":{"rendered":"Tragetasche TB-TK-12"},"content":{"rendered":"<p>Umh\u00e4ngetasche f\u00fcr das C12 (WaveTalk) -Ladeger\u00e4t.<\/p>\n","protected":false},"excerpt":{"rendered":"<p>Umh\u00e4ngetasche f\u00fcr das C12 (WaveTalk) -Ladeger\u00e4t.<\/p>\n","protected":false},"featured_media":40229,"template":"","meta":{"_acf_changed":false},"product_brand":[],"product_cat":[1029],"product_tag":[],"class_list":{"0":"post-38836","1":"product","2":"type-product","3":"status-publish","4":"has-post-thumbnail","6":"product_cat-taschen-und-transportkoffer","7":"pa_marka-okayo-de","9":"first","10":"instock","11":"taxable","12":"shipping-taxable","13":"purchasable","14":"product-type-simple"},"acf":[],"_links":{"self":[{"href":"https:\/\/mguide.eu\/de\/wp-json\/wp\/v2\/product\/38836","targetHints":{"allow":["GET"]}}],"collection":[{"href":"https:\/\/mguide.eu\/de\/wp-json\/wp\/v2\/product"}],"about":[{"href":"https:\/\/mguide.eu\/de\/wp-json\/wp\/v2\/types\/product"}],"wp:featuredmedia":[{"embeddable":true,"href":"https:\/\/mguide.eu\/de\/wp-json\/wp\/v2\/media\/40229"}],"wp:attachment":[{"href":"https:\/\/mguide.eu\/de\/wp-json\/wp\/v2\/media?parent=38836"}],"wp:term":[{"taxonomy":"product_brand","embeddable":true,"href":"https:\/\/mguide.eu\/de\/wp-json\/wp\/v2\/product_brand?post=38836"},{"taxonomy":"product_cat","embeddable":true,"href":"https:\/\/mguide.eu\/de\/wp-json\/wp\/v2\/product_cat?post=38836"},{"taxonomy":"product_tag","embeddable":true,"href":"https:\/\/mguide.eu\/de\/wp-json\/wp\/v2\/product_tag?post=38836"}],"curies":[{"name":"wp","href":"https:\/\/api.w.org\/{rel}","templated":true}]}}