{"id":39218,"date":"2023-11-06T12:34:08","date_gmt":"2023-11-06T11:34:08","guid":{"rendered":"https:\/\/mguide.eu\/?post_type=product&#038;p=39218"},"modified":"2024-01-12T12:35:13","modified_gmt":"2024-01-12T11:35:13","slug":"ski-1-11-bidirektionales-halbduplex-kommunikationsset-fur-skifahrer-und-skitrainer","status":"publish","type":"product","link":"https:\/\/mguide.eu\/de\/produkt\/ski-1-11-bidirektionales-halbduplex-kommunikationsset-fur-skifahrer-und-skitrainer\/","title":{"rendered":"SKI-1 (1+1) \u2013 bidirektionales Halbduplex-Kommunikationsset f\u00fcr Skifahrer und Skitrainer"},"content":{"rendered":"<p>Effiziente Kommunikation ist beim Training immer wichtig, auch beim Skifahren. Unser Set, das auf der bidirektionalen Halbduplex-Sprechanlage mGuide GST-G3 basiert, erm\u00f6glicht es dem Skifahrer, mit seinem Trainer \u00fcber die gr\u00f6\u00dfte Entfernung aller unserer Sets zu sprechen &#8211; sogar bis zu 2 km im Freien. Das mGuide-Interkomsystem eignet sich hervorragend f\u00fcr Gespr\u00e4che beim gemeinsamen Skifahren mit der Familie oder einer Gruppe von Freunden. Die PTT-Kommunikation (Push-to-Talk) vereinfacht zus\u00e4tzlich weitere Gespr\u00e4che sowohl des Trainers wie auch des Skisch\u00fclers; sie werden nicht \u00fcbertragen, wenn die Taste losgelassen wird.<\/p>\n<p>Das Set enth\u00e4lt:<br \/>\n&#8211; Radio GST G2 &#8211; 2 St\u00fcck<br \/>\n&#8211; Headset f\u00fcr GST G2\/G3 \u2013 aus: GST-HLT (unterst\u00fctzt), GST-E005 oder GST-E007 &#8211; 2 St\u00fcck<br \/>\n&#8211; SPORT Universalband &#8211; 2 St\u00fcck<\/p>\n","protected":false},"excerpt":{"rendered":"<p>Wenn Sie zwischen zwei Gespr\u00e4chspartnern kommunizieren, k\u00f6nnen Sie sich auf die Kommunikation zwischen Headsets und anderen Anbietern verlassen. mGuide SKI-1 bietet Ihnen die M\u00f6glichkeit, mit Freunden unterwegs zu sein.<\/p>\n","protected":false},"featured_media":46110,"template":"","meta":{"_acf_changed":false},"product_brand":[],"product_cat":[6017],"product_tag":[],"class_list":{"0":"post-39218","1":"product","2":"type-product","3":"status-publish","4":"has-post-thumbnail","6":"product_cat-sprechanlagen-zum-skifahren","8":"first","9":"instock","10":"taxable","11":"shipping-taxable","12":"purchasable","13":"product-type-simple"},"acf":[],"_links":{"self":[{"href":"https:\/\/mguide.eu\/de\/wp-json\/wp\/v2\/product\/39218","targetHints":{"allow":["GET"]}}],"collection":[{"href":"https:\/\/mguide.eu\/de\/wp-json\/wp\/v2\/product"}],"about":[{"href":"https:\/\/mguide.eu\/de\/wp-json\/wp\/v2\/types\/product"}],"wp:featuredmedia":[{"embeddable":true,"href":"https:\/\/mguide.eu\/de\/wp-json\/wp\/v2\/media\/46110"}],"wp:attachment":[{"href":"https:\/\/mguide.eu\/de\/wp-json\/wp\/v2\/media?parent=39218"}],"wp:term":[{"taxonomy":"product_brand","embeddable":true,"href":"https:\/\/mguide.eu\/de\/wp-json\/wp\/v2\/product_brand?post=39218"},{"taxonomy":"product_cat","embeddable":true,"href":"https:\/\/mguide.eu\/de\/wp-json\/wp\/v2\/product_cat?post=39218"},{"taxonomy":"product_tag","embeddable":true,"href":"https:\/\/mguide.eu\/de\/wp-json\/wp\/v2\/product_tag?post=39218"}],"curies":[{"name":"wp","href":"https:\/\/api.w.org\/{rel}","templated":true}]}}