{"id":40457,"date":"2024-02-06T16:19:03","date_gmt":"2024-02-06T15:19:03","guid":{"rendered":"https:\/\/mguide.eu\/?post_type=product&#038;p=40457"},"modified":"2026-01-21T11:53:03","modified_gmt":"2026-01-21T10:53:03","slug":"hygienische-kappen-fuer-mikrofon-100-st","status":"publish","type":"product","link":"https:\/\/mguide.eu\/de\/produkt\/hygienische-kappen-fuer-mikrofon-100-st\/","title":{"rendered":"Hygienische kappen f\u00fcr mikrofon (100 st.)"},"content":{"rendered":"<p>Hergestellt aus einem speziellen Vliesmaterial. Erh\u00e4ltlich in schwarz und gelb. Sie passen auf ein Standard-Handmikrofon mit einer Kopfgr\u00f6\u00dfe von ca. 4 x 5-6 cm.<\/p>\n","protected":false},"excerpt":{"rendered":"<p>Einweg-Mikrofonabdeckungen sorgen f\u00fcr maximale Hygiene bei der Verwendung. Aus faserfreiem Vlies.<\/p>\n","protected":false},"featured_media":40355,"template":"","meta":{"_acf_changed":false},"product_brand":[],"product_cat":[3249],"product_tag":[],"class_list":{"0":"post-40457","1":"product","2":"type-product","3":"status-publish","4":"has-post-thumbnail","6":"product_cat-hygiene-de","8":"first","9":"instock","10":"taxable","11":"shipping-taxable","12":"purchasable","13":"product-type-variable"},"acf":[],"_links":{"self":[{"href":"https:\/\/mguide.eu\/de\/wp-json\/wp\/v2\/product\/40457","targetHints":{"allow":["GET"]}}],"collection":[{"href":"https:\/\/mguide.eu\/de\/wp-json\/wp\/v2\/product"}],"about":[{"href":"https:\/\/mguide.eu\/de\/wp-json\/wp\/v2\/types\/product"}],"wp:featuredmedia":[{"embeddable":true,"href":"https:\/\/mguide.eu\/de\/wp-json\/wp\/v2\/media\/40355"}],"wp:attachment":[{"href":"https:\/\/mguide.eu\/de\/wp-json\/wp\/v2\/media?parent=40457"}],"wp:term":[{"taxonomy":"product_brand","embeddable":true,"href":"https:\/\/mguide.eu\/de\/wp-json\/wp\/v2\/product_brand?post=40457"},{"taxonomy":"product_cat","embeddable":true,"href":"https:\/\/mguide.eu\/de\/wp-json\/wp\/v2\/product_cat?post=40457"},{"taxonomy":"product_tag","embeddable":true,"href":"https:\/\/mguide.eu\/de\/wp-json\/wp\/v2\/product_tag?post=40457"}],"curies":[{"name":"wp","href":"https:\/\/api.w.org\/{rel}","templated":true}]}}