{"id":42313,"date":"2024-05-14T10:33:54","date_gmt":"2024-05-14T08:33:54","guid":{"rendered":"https:\/\/mguide.eu\/?post_type=product&#038;p=42313"},"modified":"2024-07-29T12:11:56","modified_gmt":"2024-07-29T10:11:56","slug":"hi-end-headset-emc-206","status":"publish","type":"product","link":"https:\/\/mguide.eu\/de\/produkt\/hi-end-headset-emc-206\/","title":{"rendered":"Hi-End-Headset EMC-206"},"content":{"rendered":"<p>Das Headset erm\u00f6glicht dem Benutzer, in einer lauten Umgebung zu sprechen und andere Gruppenmitglieder zu h\u00f6ren. Verstellbare Ohrmuscheln, Kopfb\u00fcgel und Mikrofon bieten dem Benutzer eine komfortable Nutzung des Headsets.<\/p>\n","protected":false},"excerpt":{"rendered":"<p>Verstellbare Ohrmuscheln, Kopfb\u00fcgel und Mikrofon bieten dem Benutzer eine komfortable Nutzung des Headsets.<\/p>\n","protected":false},"featured_media":42322,"template":"","meta":{"_acf_changed":false},"product_brand":[],"product_cat":[4462],"product_tag":[],"class_list":{"0":"post-42313","1":"product","2":"type-product","3":"status-publish","4":"has-post-thumbnail","6":"product_cat-headsets-de","7":"pa_marka-okayo-de","9":"first","10":"instock","11":"taxable","12":"shipping-taxable","13":"purchasable","14":"product-type-simple"},"acf":[],"_links":{"self":[{"href":"https:\/\/mguide.eu\/de\/wp-json\/wp\/v2\/product\/42313","targetHints":{"allow":["GET"]}}],"collection":[{"href":"https:\/\/mguide.eu\/de\/wp-json\/wp\/v2\/product"}],"about":[{"href":"https:\/\/mguide.eu\/de\/wp-json\/wp\/v2\/types\/product"}],"wp:featuredmedia":[{"embeddable":true,"href":"https:\/\/mguide.eu\/de\/wp-json\/wp\/v2\/media\/42322"}],"wp:attachment":[{"href":"https:\/\/mguide.eu\/de\/wp-json\/wp\/v2\/media?parent=42313"}],"wp:term":[{"taxonomy":"product_brand","embeddable":true,"href":"https:\/\/mguide.eu\/de\/wp-json\/wp\/v2\/product_brand?post=42313"},{"taxonomy":"product_cat","embeddable":true,"href":"https:\/\/mguide.eu\/de\/wp-json\/wp\/v2\/product_cat?post=42313"},{"taxonomy":"product_tag","embeddable":true,"href":"https:\/\/mguide.eu\/de\/wp-json\/wp\/v2\/product_tag?post=42313"}],"curies":[{"name":"wp","href":"https:\/\/api.w.org\/{rel}","templated":true}]}}