{"id":44366,"date":"2024-08-08T12:13:39","date_gmt":"2024-08-08T10:13:39","guid":{"rendered":"https:\/\/mguide.eu\/?post_type=product&#038;p=44366"},"modified":"2024-08-08T12:18:07","modified_gmt":"2024-08-08T10:18:07","slug":"tourguide-empfangerpaket-okayo-wt-350d-50-stuck","status":"publish","type":"product","link":"https:\/\/mguide.eu\/de\/produkt\/tourguide-empfangerpaket-okayo-wt-350d-50-stuck\/","title":{"rendered":"Tourguide-Empf\u00e4ngerpaket &#8211; Okayo WT-350D (50 St\u00fcck)"},"content":{"rendered":"<p>Der Empf\u00e4nger f\u00fcr das digitale Tourguide-System Okayo WT-350D City Jungle Edition. Das Ger\u00e4t ist mit einer PTT-Taste (Push-To-Talk) ausgestattet, die es den G\u00e4sten erm\u00f6glicht, zu einer vom Leiter festgelegten Zeit Fragen zu stellen.<\/p>\n<p>Der digitale Kommunikationsempf\u00e4nger Okayo WT-350D City Jungle in Gelb passt gut zu dem ged\u00e4mpften, gr\u00fcnen Sender und verleiht dem System gleichzeitig eine urbane Ausstrahlung.<\/p>\n<p>Um den Bed\u00fcrfnissen und Erwartungen der Kunden Rechnung zu tragen, ist das Reiseleitersystem dank des ferngesteuerten Kanalwechsels auf der Empf\u00e4ngerseite praktisch freih\u00e4ndig. Dar\u00fcber hinaus wird der Gast durch einen &#8220;Reichweite-Alarm&#8221; benachrichtigt, wenn er sich zu weit von der Gruppe entfernt, sofern er sich f\u00fcr diese Option entscheidet.<\/p>\n<p>Eigenschaften des Okayo WT-350D:<\/p>\n<p>&#8211; Digitale \u00dcbertragung<br \/>\n&#8211; 44 Kan\u00e4le<br \/>\n&#8211; Batterie-Einsatzzeit: &gt; 15 Stunden (Sender), &gt; 20 Stunden (Empf\u00e4nger)<br \/>\n&#8211; HAC-Funktion<br \/>\n&#8211; optimale Reichweite (bis zu 100 m in Blickachse)<br \/>\n&#8211; kompakte Abmessungen (63 x 132 x 70 mm), niedriges Gewicht (ca. 65 g mit Batterie)<br \/>\n&#8211; modernes Design, Geh\u00e4use gegen Schmutz und Sch\u00e4den best\u00e4ndig<br \/>\n&#8211; Bildschirm mit Batterieanzeige<br \/>\n&#8211; Einbau-Mikrofon in Sender und Empf\u00e4nger<br \/>\n&#8211; Zwei-in-Einem-System \u2013 Option des Ein- und Ausschaltens der Talk-Back-Funktion (bidirektionale Gespr\u00e4che) aus dem Sender<br \/>\n&#8211; Versorgung: eine AA-Batterie oder ein NiMH-Akku.<\/p>\n<p>Einsatz:<br \/>\nDas digitale Tourguide-System Okayo WT-350D wurde speziell f\u00fcr die Tourismusbranche entwickelt, in der einfache Bedienung und h\u00f6chste Tonqualit\u00e4t besonders wichtig sind.<\/p>\n","protected":false},"excerpt":{"rendered":"<p>Packung mit 50 Empf\u00e4ngern f\u00fcr das Besucherf\u00fchrungssystem Okayo WT-350D. Eine digitale Weiterentwicklung des analogen Modells des Tourguide-Systems WT-350 mit zus\u00e4tzlichen kostenlosen Funktionen. W\u00e4hlen Sie ein Paket und genie\u00dfen Sie den Rabatt!<\/p>\n","protected":false},"featured_media":44370,"template":"","meta":{"_acf_changed":false},"product_brand":[],"product_cat":[1031],"product_tag":[],"class_list":{"0":"post-44366","1":"product","2":"type-product","3":"status-publish","4":"has-post-thumbnail","6":"product_cat-tour-guide-sets-de","8":"first","9":"instock","10":"taxable","11":"shipping-taxable","12":"purchasable","13":"product-type-simple"},"acf":[],"_links":{"self":[{"href":"https:\/\/mguide.eu\/de\/wp-json\/wp\/v2\/product\/44366","targetHints":{"allow":["GET"]}}],"collection":[{"href":"https:\/\/mguide.eu\/de\/wp-json\/wp\/v2\/product"}],"about":[{"href":"https:\/\/mguide.eu\/de\/wp-json\/wp\/v2\/types\/product"}],"wp:featuredmedia":[{"embeddable":true,"href":"https:\/\/mguide.eu\/de\/wp-json\/wp\/v2\/media\/44370"}],"wp:attachment":[{"href":"https:\/\/mguide.eu\/de\/wp-json\/wp\/v2\/media?parent=44366"}],"wp:term":[{"taxonomy":"product_brand","embeddable":true,"href":"https:\/\/mguide.eu\/de\/wp-json\/wp\/v2\/product_brand?post=44366"},{"taxonomy":"product_cat","embeddable":true,"href":"https:\/\/mguide.eu\/de\/wp-json\/wp\/v2\/product_cat?post=44366"},{"taxonomy":"product_tag","embeddable":true,"href":"https:\/\/mguide.eu\/de\/wp-json\/wp\/v2\/product_tag?post=44366"}],"curies":[{"name":"wp","href":"https:\/\/api.w.org\/{rel}","templated":true}]}}