{"id":47232,"date":"2024-10-24T16:17:05","date_gmt":"2024-10-24T14:17:05","guid":{"rendered":"https:\/\/mguide.eu\/?post_type=product&#038;p=47232"},"modified":"2024-10-24T16:23:04","modified_gmt":"2024-10-24T14:23:04","slug":"hsm-32pu-headset-mikrofon-headset","status":"publish","type":"product","link":"https:\/\/mguide.eu\/de\/produkt\/hsm-32pu-headset-mikrofon-headset\/","title":{"rendered":"HSM-32PU Headset (Mikrofon-Headset)"},"content":{"rendered":"<p>Kopf-Headset mit Ger\u00e4uschunterdr\u00fcckungsfunktion. Der flexible Mikrofonarm erm\u00f6glicht die Einstellung und Optimierung der Mikrofonposition.<\/p>\n","protected":false},"excerpt":{"rendered":"<p>Kopf-Headset mit Ger\u00e4uschunterdr\u00fcckungsfunktion. Der flexible Mikrofonarm erm\u00f6glicht die Einstellung und Optimierung der Mikrofonposition.<\/p>\n","protected":false},"featured_media":47240,"template":"","meta":{"_acf_changed":false},"product_brand":[],"product_cat":[4462,4469],"product_tag":[],"class_list":{"0":"post-47232","1":"product","2":"type-product","3":"status-publish","4":"has-post-thumbnail","6":"product_cat-headsets-de","7":"product_cat-headsets-de-2","8":"pa_marka-okayo-de","10":"first","11":"instock","12":"taxable","13":"shipping-taxable","14":"purchasable","15":"product-type-simple"},"acf":[],"_links":{"self":[{"href":"https:\/\/mguide.eu\/de\/wp-json\/wp\/v2\/product\/47232","targetHints":{"allow":["GET"]}}],"collection":[{"href":"https:\/\/mguide.eu\/de\/wp-json\/wp\/v2\/product"}],"about":[{"href":"https:\/\/mguide.eu\/de\/wp-json\/wp\/v2\/types\/product"}],"wp:featuredmedia":[{"embeddable":true,"href":"https:\/\/mguide.eu\/de\/wp-json\/wp\/v2\/media\/47240"}],"wp:attachment":[{"href":"https:\/\/mguide.eu\/de\/wp-json\/wp\/v2\/media?parent=47232"}],"wp:term":[{"taxonomy":"product_brand","embeddable":true,"href":"https:\/\/mguide.eu\/de\/wp-json\/wp\/v2\/product_brand?post=47232"},{"taxonomy":"product_cat","embeddable":true,"href":"https:\/\/mguide.eu\/de\/wp-json\/wp\/v2\/product_cat?post=47232"},{"taxonomy":"product_tag","embeddable":true,"href":"https:\/\/mguide.eu\/de\/wp-json\/wp\/v2\/product_tag?post=47232"}],"curies":[{"name":"wp","href":"https:\/\/api.w.org\/{rel}","templated":true}]}}