{"id":48001,"date":"2024-11-28T12:19:58","date_gmt":"2024-11-28T11:19:58","guid":{"rendered":"https:\/\/mguide.eu\/?post_type=product&#038;p=48001"},"modified":"2025-04-01T11:30:00","modified_gmt":"2025-04-01T09:30:00","slug":"eqs-c200-11-unidirektionaler-digitaler-kommunikationssatz-fur-den-reittrainer-und-reitstudent","status":"publish","type":"product","link":"https:\/\/mguide.eu\/de\/produkt\/eqs-c200-11-unidirektionaler-digitaler-kommunikationssatz-fur-den-reittrainer-und-reitstudent\/","title":{"rendered":"EQS-C200 &#8211; 1+1 &#8211; unidirektionaler digitaler Kommunikationssatz f\u00fcr den Reittrainer und Reitstudent"},"content":{"rendered":"<p>Lieferumfang:<br \/>\n&#8211; Taschen-Sender<br \/>\n&#8211; Reiter-Empf\u00e4nger<br \/>\n&#8211; LM-Aufschlagmikrofon<br \/>\n&#8211; SH-Kopfh\u00f6rereinheit (oder eine andere verf\u00fcgbare Einheit)<br \/>\n&#8211; Transportkasten<br \/>\n&#8211; Mehrweg-Schleife (2 St\u00fcck)<br \/>\n&#8211; Batterien (2 St\u00fcck)<br \/>\n&#8211; Mikrofon-Windschutz<\/p>\n<p>Die Garantie betr\u00e4gt drei Jahre.<\/p>\n<p>Wir gew\u00e4hrleisten vollst\u00e4ndige technische Unterst\u00fctzung, Aktualisierungen des Systems sowie Service auch nach der Garantie.<br \/>\nProfessionelles, unidirektionales, drahtloses, digitales Kommunikationssystem f\u00fcr den Reitsport f\u00fcr einen Trainer und zwei Reiter.<\/p>\n<p>Wenn Sie eine professionelle und kosteng\u00fcnstige Fernkommunikationsl\u00f6sung zwischen Reitlehrer und Reitstudent suchen, die von einem bew\u00e4hrten Audiosystemhersteller geliefert wird, dann ist der mGuide EQS-C200, basierend auf dem Modell Coaching-200 des renommierten Anbieters Okayo Electronics, genau das Richtige f\u00fcr Sie.<\/p>\n<p>Die EQS-C200 ist eine leichte und kompakte Gegensprechanlage f\u00fcr Pferdereiter, die mit einem Kleiderclip ausgestattet ist. Es passt in jede Tasche und ist durch sein Gewicht f\u00fcr den Benutzer praktisch nicht wahrnehmbar. Diese Eigenschaft steigert das Interesse der Reitst\u00e4lle an diesem System erheblich und sichert gleichzeitig eine Reihe von Vorteilen f\u00fcr Reitsch\u00fcler.<\/p>\n<p>Der mGuide EQS-C200 ist die perfekte L\u00f6sung f\u00fcr Pferdest\u00e4lle, Reittrainer und Reitstudenten, bei denen Wirtschaftlichkeit in der Anschaffung (schnelle R\u00fcckzahlung der Investition) und im Betrieb (geringer Batterieverbrauch), Bedienkomfort (geringes Gewicht und geringe Abmessungen) sowie Einfachheit und Benutzerfreundlichkeit f\u00fcr den Anwender im Vordergrund stehen. Zusammen mit der perfekten digitalen Ton\u00fcbertragungsqualit\u00e4t, die diese Reitersprechanlage von den Wettbewerbern abhebt, wird sie sich besser bew\u00e4hren als billige chinesische Systeme, die auf dem Markt erh\u00e4ltlich sind.<\/p>\n<p>Eigenschaften des mGuide EQS-C200:<br \/>\n&#8211; Kompetitiver Preis<br \/>\n&#8211; Kompakt und sehr leicht \u2013 65 g<br \/>\n&#8211; Klarer und purer Ton durch digitale UHF-Ton\u00fcbertragung.<br \/>\n&#8211; Klar lesbare LCD-Anzeige mit Kanalnummer und Batteriestandanzeige<\/p>\n<p>Technische Daten: Okayo Coaching-200:<br \/>\n&#8211; Frequenzbereich: 863 ~ 865 MHz<br \/>\n&#8211; Kanalzahl: 16<br \/>\n&#8211; Sende-Modulation: GFSK<br \/>\n&#8211; Sende-Reichweite: \u00fcber 100 m in Blickweite<br \/>\n&#8211; Betriebszeit mit einer einzelnen alkalischen Batterie: Empf\u00e4nger &gt; 20 Stunden, Sender &gt; 15 Stunden.<br \/>\n&#8211; Betriebstemperaturbereich: -10 \u2103 ~ +50 \u2103<br \/>\n&#8211; Tr\u00e4gerfrequenzbereich: 200-3400 Hz<br \/>\n&#8211; Abmessungen: 63 x 132 x 70 mm<br \/>\n&#8211; Gewicht: 65 g<\/p>\n","protected":false},"excerpt":{"rendered":"<p>Ein Audio-Kommunikationssatz f\u00fcr den Reitunterricht f\u00fcr den Trainer und einen Sch\u00fcler. Das Set erm\u00f6glicht drahtlose \u00dcbertragung der Stimme des Trainers bei einer Reichweite von \u00fcber 100 m.<\/p>\n","protected":false},"featured_media":48009,"template":"","meta":{"_acf_changed":false},"product_brand":[],"product_cat":[5175,6470],"product_tag":[],"class_list":{"0":"post-48001","1":"product","2":"type-product","3":"status-publish","4":"has-post-thumbnail","6":"product_cat-sprechanlagen-fuer-reitsportaktivitaeten","7":"product_cat-okayo-c200-de","8":"pa_marka-okayo-de","10":"first","11":"instock","12":"taxable","13":"shipping-taxable","14":"purchasable","15":"product-type-simple"},"acf":[],"_links":{"self":[{"href":"https:\/\/mguide.eu\/de\/wp-json\/wp\/v2\/product\/48001","targetHints":{"allow":["GET"]}}],"collection":[{"href":"https:\/\/mguide.eu\/de\/wp-json\/wp\/v2\/product"}],"about":[{"href":"https:\/\/mguide.eu\/de\/wp-json\/wp\/v2\/types\/product"}],"wp:featuredmedia":[{"embeddable":true,"href":"https:\/\/mguide.eu\/de\/wp-json\/wp\/v2\/media\/48009"}],"wp:attachment":[{"href":"https:\/\/mguide.eu\/de\/wp-json\/wp\/v2\/media?parent=48001"}],"wp:term":[{"taxonomy":"product_brand","embeddable":true,"href":"https:\/\/mguide.eu\/de\/wp-json\/wp\/v2\/product_brand?post=48001"},{"taxonomy":"product_cat","embeddable":true,"href":"https:\/\/mguide.eu\/de\/wp-json\/wp\/v2\/product_cat?post=48001"},{"taxonomy":"product_tag","embeddable":true,"href":"https:\/\/mguide.eu\/de\/wp-json\/wp\/v2\/product_tag?post=48001"}],"curies":[{"name":"wp","href":"https:\/\/api.w.org\/{rel}","templated":true}]}}