{"id":48933,"date":"2025-01-17T10:38:57","date_gmt":"2025-01-17T09:38:57","guid":{"rendered":"https:\/\/mguide.eu\/?post_type=product&#038;p=48933"},"modified":"2025-01-29T10:56:13","modified_gmt":"2025-01-29T09:56:13","slug":"tragetasche-hb-c200","status":"publish","type":"product","link":"https:\/\/mguide.eu\/de\/produkt\/tragetasche-hb-c200\/","title":{"rendered":"Tragetasche HB-C200"},"content":{"rendered":"<p>Schwarze Transporttasche HB-C200 f\u00fcr das Okayo C200. Sie ist mit einem bequemen Handgriff zum Tragen und einer robusten Sicherheitsschaumeinlage ausgestattet. Die geformten Aussparungen im Schaumstoff erm\u00f6glichen die sichere Aufbewahrung sowie Transport von f\u00fcnf Ger\u00e4ten, und acht Batterien zusammen mit der notwendigen Zusatzausr\u00fcstung. Dar\u00fcber hinaus verf\u00fcgt die Tragetasche \u00fcber eine interne Netztasche, z. B. f\u00fcr Taschent\u00fccher oder andere kleine Gegenst\u00e4nde. Taschenabmessungen: 24 x 17 x 13 cm.<\/p>\n","protected":false},"excerpt":{"rendered":"<p>Schwarze Transporttasche HB-C200 f\u00fcr das Okayo C200. Ausgestattet mit einer Schaumstoffeinlage f\u00fcr den Transport von f\u00fcnf Ger\u00e4ten.<\/p>\n","protected":false},"featured_media":48940,"template":"","meta":{"_acf_changed":false},"product_brand":[],"product_cat":[5175,6470],"product_tag":[],"class_list":{"0":"post-48933","1":"product","2":"type-product","3":"status-publish","4":"has-post-thumbnail","6":"product_cat-sprechanlagen-fuer-reitsportaktivitaeten","7":"product_cat-okayo-c200-de","8":"pa_marka-okayo-de","10":"first","11":"instock","12":"taxable","13":"shipping-taxable","14":"purchasable","15":"product-type-simple"},"acf":[],"_links":{"self":[{"href":"https:\/\/mguide.eu\/de\/wp-json\/wp\/v2\/product\/48933","targetHints":{"allow":["GET"]}}],"collection":[{"href":"https:\/\/mguide.eu\/de\/wp-json\/wp\/v2\/product"}],"about":[{"href":"https:\/\/mguide.eu\/de\/wp-json\/wp\/v2\/types\/product"}],"wp:featuredmedia":[{"embeddable":true,"href":"https:\/\/mguide.eu\/de\/wp-json\/wp\/v2\/media\/48940"}],"wp:attachment":[{"href":"https:\/\/mguide.eu\/de\/wp-json\/wp\/v2\/media?parent=48933"}],"wp:term":[{"taxonomy":"product_brand","embeddable":true,"href":"https:\/\/mguide.eu\/de\/wp-json\/wp\/v2\/product_brand?post=48933"},{"taxonomy":"product_cat","embeddable":true,"href":"https:\/\/mguide.eu\/de\/wp-json\/wp\/v2\/product_cat?post=48933"},{"taxonomy":"product_tag","embeddable":true,"href":"https:\/\/mguide.eu\/de\/wp-json\/wp\/v2\/product_tag?post=48933"}],"curies":[{"name":"wp","href":"https:\/\/api.w.org\/{rel}","templated":true}]}}