{"id":50389,"date":"2025-03-04T13:44:08","date_gmt":"2025-03-04T12:44:08","guid":{"rendered":"https:\/\/mguide.eu\/?post_type=product&#038;p=50389"},"modified":"2025-03-05T12:04:18","modified_gmt":"2025-03-05T11:04:18","slug":"personenfuhrungssystem-okayo-earme-fit-empfanger","status":"publish","type":"product","link":"https:\/\/mguide.eu\/de\/produkt\/personenfuhrungssystem-okayo-earme-fit-empfanger\/","title":{"rendered":"Personenf\u00fchrungssystem \u2013 Okayo EarME FIT Empf\u00e4nger"},"content":{"rendered":"<p data-sourcepos=\"3:1-3:243\">Der Okayo EarMe Fit ist ein moderner Empf\u00e4nger f\u00fcr Tourguidesysteme, der Funktionalit\u00e4t, Komfort und hohe Klangqualit\u00e4t vereint. Entwickelt f\u00fcr Reiseleiter und Touristen, eliminiert er Probleme im Zusammenhang mit Entfernung und Kommunikation.<\/p>\n<p data-sourcepos=\"5:1-5:47\"><strong>Merkmale und Vorteile des EarME FIT-Empf\u00e4ngers:<\/strong><\/p>\n<ul data-sourcepos=\"7:1-15:0\">\n<li data-sourcepos=\"7:1-7:145\"><strong>Ergonomisches Design:<\/strong> Leichter und kompakter Empf\u00e4nger mit einem bequemen Ohrb\u00fcgel, der an das linke oder rechte Ohr angepasst werden kann.<\/li>\n<li data-sourcepos=\"8:1-8:131\"><strong>Hohe Klangqualit\u00e4t:<\/strong> Fortschrittliche Rauschunterdr\u00fcckung sorgt f\u00fcr klaren und deutlichen Klang auch in \u00fcberf\u00fcllten Bereichen.<\/li>\n<li data-sourcepos=\"9:1-9:103\"><strong>Kompatibilit\u00e4t:<\/strong> Der Empf\u00e4nger ist r\u00fcckw\u00e4rts- und querkompatibel mit dem bestehenden Earme-System.<\/li>\n<li data-sourcepos=\"10:1-10:84\"><strong>Benutzerfreundlichkeit:<\/strong> Intuitive Bedienung und zwei leicht erkennbare Tasten.<\/li>\n<li data-sourcepos=\"11:1-11:102\"><strong>Kabellos:<\/strong> Eliminiert das Problem von verhedderten Kopfh\u00f6rerkabeln. Keine Kopfh\u00f6rer erforderlich.<\/li>\n<li data-sourcepos=\"12:1-12:89\"><strong>Lange Akkulaufzeit:<\/strong> Der eingebaute Lithium-Akku sorgt f\u00fcr eine lange Betriebsdauer.<\/li>\n<li data-sourcepos=\"13:1-13:95\"><strong>Schnelles Aufladen:<\/strong> M\u00f6glichkeit des schnellen Aufladens in einer kompatiblen Ladestation.<\/li>\n<li data-sourcepos=\"14:1-15:0\"><strong>Hygiene:<\/strong> M\u00f6glichkeit der Verwendung von NHS-55-Hygieneaufs\u00e4tzen.<\/li>\n<\/ul>\n<p data-sourcepos=\"16:1-16:170\">Der EarME FIT-Empf\u00e4nger ist die ideale L\u00f6sung f\u00fcr professionelle Reiseleiter, Museen, Galerien und alle, die ein zuverl\u00e4ssiges und komfortables Tourguidesystem ben\u00f6tigen.<\/p>\n<p data-sourcepos=\"18:1-18:11\">Ladeger\u00e4te:<\/p>\n<ul data-sourcepos=\"20:1-23:93\">\n<li data-sourcepos=\"20:1-20:79\"><a href=\"https:\/\/mguide.eu\/de\/produkt\/okayo-c111-ladegerat\/\"><strong>Okayo C111<\/strong> <\/a>&#8211; Drop-in-Ladeger\u00e4t f\u00fcr 11 Okayo EarME FIT-Empf\u00e4nger und 1 Sender.<\/li>\n<li data-sourcepos=\"21:1-21:79\"><a href=\"https:\/\/mguide.eu\/de\/produkt\/okayo-c222-ladegerat\/\"><strong>Okayo C222<\/strong><\/a> &#8211; Drop-in-Ladeger\u00e4t f\u00fcr 22 Okayo EarME FIT-Empf\u00e4nger und 2 Sender.<\/li>\n<li data-sourcepos=\"22:1-22:93\"><a href=\"https:\/\/mguide.eu\/de\/produkt\/okayo-chg-111-ladetasche\/\"><strong>Okayo CHG-111<\/strong><\/a> &#8211; Tasche mit Drop-in-Ladeger\u00e4t f\u00fcr 11 Okayo EarME FIT-Empf\u00e4nger und 1 Sender.<\/li>\n<li data-sourcepos=\"23:1-23:93\"><a href=\"https:\/\/mguide.eu\/de\/produkt\/okayo-chg-222-ladetasche\/\"><strong>Okayo CHG-222<\/strong><\/a> &#8211; Tasche mit Drop-in-Ladeger\u00e4t f\u00fcr 22 Okayo EarME FIT-Empf\u00e4nger und 2 Sender.<\/li>\n<\/ul>\n","protected":false},"excerpt":{"rendered":"<p>Okayo EarMe ist ein ultraleichtes Tour-Guide-System f\u00fcr den professionellen Einsatz im Tourismus und Gesch\u00e4ftsbereich. EarMe zeichnet sich durch den kleinsten im Ohrh\u00f6rer integrierten Empf\u00e4nger aus.<\/p>\n","protected":false},"featured_media":50394,"template":"","meta":{"_acf_changed":false},"product_brand":[],"product_cat":[1022],"product_tag":[],"class_list":{"0":"post-50389","1":"product","2":"type-product","3":"status-publish","4":"has-post-thumbnail","6":"product_cat-sender-und-empfaenger","7":"pa_marka-okayo-de","9":"first","10":"instock","11":"taxable","12":"shipping-taxable","13":"purchasable","14":"product-type-simple"},"acf":[],"_links":{"self":[{"href":"https:\/\/mguide.eu\/de\/wp-json\/wp\/v2\/product\/50389","targetHints":{"allow":["GET"]}}],"collection":[{"href":"https:\/\/mguide.eu\/de\/wp-json\/wp\/v2\/product"}],"about":[{"href":"https:\/\/mguide.eu\/de\/wp-json\/wp\/v2\/types\/product"}],"wp:featuredmedia":[{"embeddable":true,"href":"https:\/\/mguide.eu\/de\/wp-json\/wp\/v2\/media\/50394"}],"wp:attachment":[{"href":"https:\/\/mguide.eu\/de\/wp-json\/wp\/v2\/media?parent=50389"}],"wp:term":[{"taxonomy":"product_brand","embeddable":true,"href":"https:\/\/mguide.eu\/de\/wp-json\/wp\/v2\/product_brand?post=50389"},{"taxonomy":"product_cat","embeddable":true,"href":"https:\/\/mguide.eu\/de\/wp-json\/wp\/v2\/product_cat?post=50389"},{"taxonomy":"product_tag","embeddable":true,"href":"https:\/\/mguide.eu\/de\/wp-json\/wp\/v2\/product_tag?post=50389"}],"curies":[{"name":"wp","href":"https:\/\/api.w.org\/{rel}","templated":true}]}}