{"id":51146,"date":"2025-03-26T15:32:33","date_gmt":"2025-03-26T14:32:33","guid":{"rendered":"https:\/\/mguide.eu\/produkt\/ap-2-schultergurt\/"},"modified":"2025-04-01T10:25:54","modified_gmt":"2025-04-01T08:25:54","slug":"ap-2-schultergurt","status":"publish","type":"product","link":"https:\/\/mguide.eu\/de\/produkt\/ap-2-schultergurt\/","title":{"rendered":"AP-2-Schultergurt"},"content":{"rendered":"<p>Eine funktionelle und bequeme Schulterh\u00fclle speziell f\u00fcr die Ger\u00e4te Okayo C200 und Okayo WT-350D, die Schutz vor Schmutz und Feuchtigkeit bietet. Hergestellt aus strapazierf\u00e4higem Material, ausgestattet mit einem elastischen Riemen, der sich der Schulter anpasst und so f\u00fcr Tragekomfort auch \u00fcber l\u00e4ngere Zeit sorgt. Durch das transparente Fenster k\u00f6nnen Sie das Display problemlos betrachten, ohne das Ger\u00e4t aus der H\u00fclle nehmen zu m\u00fcssen.<\/p>\n","protected":false},"excerpt":{"rendered":"<p>Schwarze Umh\u00e4ngetasche mit elastischem Riemen f\u00fcr die Ger\u00e4te Okayo C200 und Okayo WT-350D. Sch\u00fctzt das Ger\u00e4t vor Feuchtigkeit und Staub.<\/p>\n","protected":false},"featured_media":51135,"template":"","meta":{"_acf_changed":false},"product_brand":[],"product_cat":[2371,5175,6470],"product_tag":[],"class_list":{"0":"post-51146","1":"product","2":"type-product","3":"status-publish","4":"has-post-thumbnail","6":"product_cat-sonstiges-zubehoer","7":"product_cat-sprechanlagen-fuer-reitsportaktivitaeten","8":"product_cat-okayo-c200-de","10":"first","11":"instock","12":"taxable","13":"shipping-taxable","14":"purchasable","15":"product-type-simple"},"acf":[],"_links":{"self":[{"href":"https:\/\/mguide.eu\/de\/wp-json\/wp\/v2\/product\/51146","targetHints":{"allow":["GET"]}}],"collection":[{"href":"https:\/\/mguide.eu\/de\/wp-json\/wp\/v2\/product"}],"about":[{"href":"https:\/\/mguide.eu\/de\/wp-json\/wp\/v2\/types\/product"}],"wp:featuredmedia":[{"embeddable":true,"href":"https:\/\/mguide.eu\/de\/wp-json\/wp\/v2\/media\/51135"}],"wp:attachment":[{"href":"https:\/\/mguide.eu\/de\/wp-json\/wp\/v2\/media?parent=51146"}],"wp:term":[{"taxonomy":"product_brand","embeddable":true,"href":"https:\/\/mguide.eu\/de\/wp-json\/wp\/v2\/product_brand?post=51146"},{"taxonomy":"product_cat","embeddable":true,"href":"https:\/\/mguide.eu\/de\/wp-json\/wp\/v2\/product_cat?post=51146"},{"taxonomy":"product_tag","embeddable":true,"href":"https:\/\/mguide.eu\/de\/wp-json\/wp\/v2\/product_tag?post=51146"}],"curies":[{"name":"wp","href":"https:\/\/api.w.org\/{rel}","templated":true}]}}