{"id":51239,"date":"2025-04-01T12:30:51","date_gmt":"2025-04-01T10:30:51","guid":{"rendered":"https:\/\/mguide.eu\/produkt\/51239\/"},"modified":"2025-05-22T11:07:03","modified_gmt":"2025-05-22T09:07:03","slug":"51239","status":"publish","type":"product","link":"https:\/\/mguide.eu\/de\/produkt\/51239\/","title":{"rendered":"ZS1 Netzteil f\u00fcr das Ladeger\u00e4t"},"content":{"rendered":"<p>ZS1 Netzteil mit Kabel passend f\u00fcr folgende Ladeger\u00e4temodelle:<\/p>\n<ul>\n<li>HDC-300,<\/li>\n<li>HDC-324,<\/li>\n<li>WaveTalk C12\/C24,<\/li>\n<li>CHG-25,<\/li>\n<li>EZTour C24,<\/li>\n<li>CHG-24.<\/li>\n<\/ul>\n","protected":false},"excerpt":{"rendered":"<p>Netzteil mit Kabel f\u00fcr Ladeger\u00e4te: HDC-300, HDC-324, WaveTalk C12\/C24, CHG-25, EZTour C24, CHG-24.<\/p>\n","protected":false},"featured_media":51211,"template":"","meta":{"_acf_changed":false},"product_brand":[],"product_cat":[1967],"product_tag":[],"class_list":{"0":"post-51239","1":"product","2":"type-product","3":"status-publish","4":"has-post-thumbnail","6":"product_cat-ladegerate","8":"first","9":"instock","10":"taxable","11":"shipping-taxable","12":"purchasable","13":"product-type-simple"},"acf":[],"_links":{"self":[{"href":"https:\/\/mguide.eu\/de\/wp-json\/wp\/v2\/product\/51239","targetHints":{"allow":["GET"]}}],"collection":[{"href":"https:\/\/mguide.eu\/de\/wp-json\/wp\/v2\/product"}],"about":[{"href":"https:\/\/mguide.eu\/de\/wp-json\/wp\/v2\/types\/product"}],"wp:featuredmedia":[{"embeddable":true,"href":"https:\/\/mguide.eu\/de\/wp-json\/wp\/v2\/media\/51211"}],"wp:attachment":[{"href":"https:\/\/mguide.eu\/de\/wp-json\/wp\/v2\/media?parent=51239"}],"wp:term":[{"taxonomy":"product_brand","embeddable":true,"href":"https:\/\/mguide.eu\/de\/wp-json\/wp\/v2\/product_brand?post=51239"},{"taxonomy":"product_cat","embeddable":true,"href":"https:\/\/mguide.eu\/de\/wp-json\/wp\/v2\/product_cat?post=51239"},{"taxonomy":"product_tag","embeddable":true,"href":"https:\/\/mguide.eu\/de\/wp-json\/wp\/v2\/product_tag?post=51239"}],"curies":[{"name":"wp","href":"https:\/\/api.w.org\/{rel}","templated":true}]}}