{"id":51370,"date":"2025-04-03T15:01:12","date_gmt":"2025-04-03T13:01:12","guid":{"rendered":"https:\/\/mguide.eu\/?post_type=product&#038;p=51370"},"modified":"2025-04-04T09:10:54","modified_gmt":"2025-04-04T07:10:54","slug":"kopfhorer-em-212pu","status":"publish","type":"product","link":"https:\/\/mguide.eu\/de\/produkt\/kopfhorer-em-212pu\/","title":{"rendered":"Kopfh\u00f6rer EM-212PU"},"content":{"rendered":"<p data-sourcepos=\"3:1-3:363\">Die leichten und \u00e4u\u00dferst komfortablen Stereo-Kopfh\u00f6rer Okayo EM-212PU wurden speziell f\u00fcr die Bed\u00fcrfnisse von Touristen und Reiseleitern entwickelt. Mit einem Gewicht von nur 62,5 g und einem ergonomischen Design mit verstellbarem Doppelb\u00fcgel und weichen Ohrmuscheln bieten sie auch bei stundenlangem Gebrauch hohen Tragekomfort. Der standardm\u00e4\u00dfige 3,5-mm-Anschluss garantiert eine problemlose Kompatibilit\u00e4t mit Tourguide-Systemen sowie Smartphones und anderen Audioger\u00e4ten. Das 110 cm lange Kabel sorgt f\u00fcr Bewegungsfreiheit und verhindert l\u00e4stiges Verheddern. Sie sind die ideale L\u00f6sung f\u00fcr Reiseleiter, Museen und Konferenzveranstalter, die Wert auf die Kombination von Leichtigkeit und Komfort legen.<\/p>\n","protected":false},"excerpt":{"rendered":"<p>Ultraleichte und komfortable Okayo EM-212PU Stereo-Kopfh\u00f6rer mit Ohrpolstern aus Kunstleder.<\/p>\n","protected":false},"featured_media":51378,"template":"","meta":{"_acf_changed":false},"product_brand":[],"product_cat":[2365,1028],"product_tag":[],"class_list":{"0":"post-51370","1":"product","2":"type-product","3":"status-publish","4":"has-post-thumbnail","6":"product_cat-mehrwegkopfhoerer","7":"product_cat-kopfhoerer","8":"pa_marka-okayo-de","10":"first","11":"instock","12":"taxable","13":"shipping-taxable","14":"purchasable","15":"product-type-simple"},"acf":[],"_links":{"self":[{"href":"https:\/\/mguide.eu\/de\/wp-json\/wp\/v2\/product\/51370","targetHints":{"allow":["GET"]}}],"collection":[{"href":"https:\/\/mguide.eu\/de\/wp-json\/wp\/v2\/product"}],"about":[{"href":"https:\/\/mguide.eu\/de\/wp-json\/wp\/v2\/types\/product"}],"wp:featuredmedia":[{"embeddable":true,"href":"https:\/\/mguide.eu\/de\/wp-json\/wp\/v2\/media\/51378"}],"wp:attachment":[{"href":"https:\/\/mguide.eu\/de\/wp-json\/wp\/v2\/media?parent=51370"}],"wp:term":[{"taxonomy":"product_brand","embeddable":true,"href":"https:\/\/mguide.eu\/de\/wp-json\/wp\/v2\/product_brand?post=51370"},{"taxonomy":"product_cat","embeddable":true,"href":"https:\/\/mguide.eu\/de\/wp-json\/wp\/v2\/product_cat?post=51370"},{"taxonomy":"product_tag","embeddable":true,"href":"https:\/\/mguide.eu\/de\/wp-json\/wp\/v2\/product_tag?post=51370"}],"curies":[{"name":"wp","href":"https:\/\/api.w.org\/{rel}","templated":true}]}}