{"id":51741,"date":"2025-04-09T13:23:01","date_gmt":"2025-04-09T11:23:01","guid":{"rendered":"https:\/\/mguide.eu\/?post_type=product&#038;p=51741"},"modified":"2025-04-09T13:42:12","modified_gmt":"2025-04-09T11:42:12","slug":"tourguide-system-set-okayo-earme-fit-l-player-4411","status":"publish","type":"product","link":"https:\/\/mguide.eu\/de\/produkt\/tourguide-system-set-okayo-earme-fit-l-player-4411\/","title":{"rendered":"Tourguide System Set \u2013 Okayo EarME FIT | L Player (44+1+1)"},"content":{"rendered":"<p><strong>Das Set enth\u00e4lt:<\/strong><br \/>\n\u2013 44 Okayo EarME FIT-Empf\u00e4nger<br \/>\n\u2013 1 Okayo EarME FIT-Sender<br \/>\n\u2013 1 Sender mit Audioguide-Funktion Okayo EarME Player<br \/>\n\u2013 2 C222-Ladeger\u00e4te<br \/>\n\u2013 2 HEM-100A-Mikrofon<\/p>\n<p data-sourcepos=\"7:1-7:227\"><strong>Das Okayo EarME FIT System, kombiniert mit dem Okayo EarME Player Audioguide-Sender, stellt moderne L\u00f6sungen f\u00fcr Reiseleiter und Touristengruppen dar, die eine hohe Klangqualit\u00e4t und einen hervorragenden Benutzerkomfort bieten.<\/strong><\/p>\n<p data-sourcepos=\"9:1-9:550\">Das Okayo EarME FIT ist ein Tourguidesystem, das Probleme im Zusammenhang mit Entfernung und Kommunikation zwischen Reiseleiter und Touristen effektiv beseitigt. Der Ohrh\u00f6rer-Empf\u00e4nger vereint Leichtigkeit, kompakte Abmessungen und Ergonomie und bietet so ganzt\u00e4gigen Tragekomfort. Er verf\u00fcgt \u00fcber einen austauschbaren Gummi-Ohrb\u00fcgel f\u00fcr das rechte oder linke Ohr, wodurch Kabelsalat und Austauschkosten f\u00fcr Kopfh\u00f6rer entfallen. Das System ist mit Rauschunterdr\u00fcckung ausgestattet, die auch in \u00fcberf\u00fcllten Umgebungen einen klaren Klang gew\u00e4hrleistet.<\/p>\n<p data-sourcepos=\"11:1-11:125\"><strong>Sowohl die Empf\u00e4nger als auch die Sender sind abw\u00e4rts- und querkompatibel mit der vorherigen Version des Okayo EarME Systems.<\/strong><\/p>\n<p data-sourcepos=\"13:1-13:38\"><strong>Hauptmerkmale des Okayo EarME FIT:<\/strong><\/p>\n<ul data-sourcepos=\"15:1-26:0\">\n<li data-sourcepos=\"15:1-15:102\">Okayo EarME Player Sender mit Audioguide-Funktion zur Wiedergabe vorab aufgezeichneter Audioinhalte.<\/li>\n<li data-sourcepos=\"16:1-16:74\">Leichtes Design (Empf\u00e4nger wiegt nur 24 g) f\u00fcr ganzt\u00e4gigen Tragekomfort.<\/li>\n<li data-sourcepos=\"17:1-17:51\">Ergonomische Ohrb\u00fcgel f\u00fcr linkes und rechtes Ohr.<\/li>\n<li data-sourcepos=\"18:1-18:29\">Kabelloses Ohrh\u00f6rer-Design.<\/li>\n<li data-sourcepos=\"19:1-19:34\">Rauschunterdr\u00fcckungstechnologie.<\/li>\n<li data-sourcepos=\"20:1-20:33\">Schnellladung in nur 2 Stunden.<\/li>\n<li data-sourcepos=\"21:1-21:49\">Verl\u00e4ngerte Akkulaufzeit von bis zu 18 Stunden.<\/li>\n<li data-sourcepos=\"22:1-22:32\">Automatische Abschaltfunktion.<\/li>\n<li data-sourcepos=\"23:1-23:30\">Einfache Gruppenabschaltung.<\/li>\n<li data-sourcepos=\"24:1-24:44\">Batteriestatuspr\u00fcfung nach dem Abschalten.<\/li>\n<li data-sourcepos=\"25:1-26:0\">Kompatibilit\u00e4t mit der vorherigen Version des Okayo EarME Systems.<\/li>\n<\/ul>\n","protected":false},"excerpt":{"rendered":"<p>Okayo EarME FIT L Player ist ein komplettes, sofort einsatzbereites Mega-Set, das 1 Sender mit Audioguide-Funktion mit Hinter-dem-Ohr-Mikrofonen, 1 Sender mit Hinter-dem-Ohr-Mikrofonen, 44 Empf\u00e4nger und 2 Ladeger\u00e4te enth\u00e4lt.<br \/>\nDas Okayo EarME FIT ist eine verbesserte Version des Okayo EarME Systems, das sich durch eine erh\u00f6hte \u00dcbertragungsreichweite und verbesserte Klangqualit\u00e4t auszeichnet. Eine Neuheit ist der zus\u00e4tzliche Okayo EarME Player Sender mit Audioguide-Funktion, der die Aufnahme und Wiedergabe von Audioinhalten, Musik und anderen Kl\u00e4ngen erm\u00f6glicht. Der Empf\u00e4nger hat die Form eines kabellosen Ohrh\u00f6rers mit ergonomischen Ohrb\u00fcgeln. Das System macht die Verwendung von Kabeln \u00fcberfl\u00fcssig. Das Okayo EarME FIT ist abw\u00e4rts- und querkompatibel mit dem Okayo EarME System.<\/p>\n","protected":false},"featured_media":51745,"template":"","meta":{"_acf_changed":false},"product_brand":[],"product_cat":[1031],"product_tag":[],"class_list":{"0":"post-51741","1":"product","2":"type-product","3":"status-publish","4":"has-post-thumbnail","6":"product_cat-tour-guide-sets-de","7":"pa_marka-okayo-de","9":"first","10":"instock","11":"taxable","12":"shipping-taxable","13":"purchasable","14":"product-type-simple"},"acf":[],"_links":{"self":[{"href":"https:\/\/mguide.eu\/de\/wp-json\/wp\/v2\/product\/51741","targetHints":{"allow":["GET"]}}],"collection":[{"href":"https:\/\/mguide.eu\/de\/wp-json\/wp\/v2\/product"}],"about":[{"href":"https:\/\/mguide.eu\/de\/wp-json\/wp\/v2\/types\/product"}],"wp:featuredmedia":[{"embeddable":true,"href":"https:\/\/mguide.eu\/de\/wp-json\/wp\/v2\/media\/51745"}],"wp:attachment":[{"href":"https:\/\/mguide.eu\/de\/wp-json\/wp\/v2\/media?parent=51741"}],"wp:term":[{"taxonomy":"product_brand","embeddable":true,"href":"https:\/\/mguide.eu\/de\/wp-json\/wp\/v2\/product_brand?post=51741"},{"taxonomy":"product_cat","embeddable":true,"href":"https:\/\/mguide.eu\/de\/wp-json\/wp\/v2\/product_cat?post=51741"},{"taxonomy":"product_tag","embeddable":true,"href":"https:\/\/mguide.eu\/de\/wp-json\/wp\/v2\/product_tag?post=51741"}],"curies":[{"name":"wp","href":"https:\/\/api.w.org\/{rel}","templated":true}]}}