{"id":70340,"date":"2025-08-28T13:53:45","date_gmt":"2025-08-28T11:53:45","guid":{"rendered":"https:\/\/mguide.eu\/?post_type=product&#038;p=70340"},"modified":"2025-09-09T10:10:47","modified_gmt":"2025-09-09T08:10:47","slug":"mguide-pellegrino-easy","status":"publish","type":"product","link":"https:\/\/mguide.eu\/de\/produkt\/mguide-pellegrino-easy\/","title":{"rendered":"mGuide Pellegrino Easy"},"content":{"rendered":"<div class=\"wpb-content-wrapper\"><p>[vc_row][vc_column][vc_column_text css=&#8221;&#8221;]mGuide Pellegrino ist ein einfacher System-Tourscout, der modernes Design und eine ultraleichte Konstruktion (45 g) vereint. Der System garantiert einen sauberen und stabilen Empfang bis zu 110 Metern im Sichtfeld, und die verwendete Rauschunterdr\u00fcckungstechnologie (Noise Cancelling) sorgt f\u00fcr eine hervorragende Klangqualit\u00e4t selbst in lauten Umgebungen. Dieses Modell ist mit einer Schnellladefunktion \u00fcber USB-C-Kabel oder eine Sammel-Ladestation ausgestattet.<\/p>\n<p>Der Receiver erfordert keinerlei Benutzereingriffe (Touristen) und macht das Sightseeing so noch einfacher. Der Receiver verf\u00fcgt nicht einmal \u00fcber ein Display, und alle Kanalwechsel erfolgen automatisch und f\u00fcr den Benutzer transparent. Der Benutzer kann lediglich die Lautst\u00e4rke regeln.<\/p>\n<p>Technische Daten:<\/p>\n<ul>\n<li>Kommunikationsart: Einwegkommunikation<\/li>\n<li>Anzahl der Kan\u00e4le: 54<\/li>\n<li>Reichweite: &lt; 110<\/li>\n<li>Betriebsdauer des Senders: ~ 16 Stunden<br \/>\nBetriebsdauer des Empf\u00e4ngers: ~ 23 Stunden<\/li>\n<li>Ladezeit: 2-4,5 Stunden<\/li>\n<li>Betriebsart: 1x Li-Poly 3,7 V 630 mAh<\/li>\n<li>Gewicht mit Batterie: 45g<\/li>\n<li>Gr\u00f6\u00dfe: 34 x 20 x 63<\/li>\n<\/ul>\n<p>[\/vc_column_text][\/vc_column][\/vc_row]<\/p>\n<\/div>","protected":false},"excerpt":{"rendered":"<p>Pellegrino Easy ist ein unidirektionales, nahezu wartungsfreies, modernes drahtloses Kommunikationssystem. Es ist kompakt und ultraleicht. Der Sender verf\u00fcgt \u00fcber ein eingebautes Mikrofon.<\/p>\n","protected":false},"featured_media":68215,"template":"","meta":{"_acf_changed":false},"product_brand":[],"product_cat":[6219],"product_tag":[],"class_list":{"0":"post-70340","1":"product","2":"type-product","3":"status-publish","4":"has-post-thumbnail","6":"product_cat-modelle","7":"pa_marka-mguide-de","9":"first","10":"instock","11":"taxable","12":"shipping-taxable","13":"product-type-grouped"},"acf":[],"_links":{"self":[{"href":"https:\/\/mguide.eu\/de\/wp-json\/wp\/v2\/product\/70340","targetHints":{"allow":["GET"]}}],"collection":[{"href":"https:\/\/mguide.eu\/de\/wp-json\/wp\/v2\/product"}],"about":[{"href":"https:\/\/mguide.eu\/de\/wp-json\/wp\/v2\/types\/product"}],"wp:featuredmedia":[{"embeddable":true,"href":"https:\/\/mguide.eu\/de\/wp-json\/wp\/v2\/media\/68215"}],"wp:attachment":[{"href":"https:\/\/mguide.eu\/de\/wp-json\/wp\/v2\/media?parent=70340"}],"wp:term":[{"taxonomy":"product_brand","embeddable":true,"href":"https:\/\/mguide.eu\/de\/wp-json\/wp\/v2\/product_brand?post=70340"},{"taxonomy":"product_cat","embeddable":true,"href":"https:\/\/mguide.eu\/de\/wp-json\/wp\/v2\/product_cat?post=70340"},{"taxonomy":"product_tag","embeddable":true,"href":"https:\/\/mguide.eu\/de\/wp-json\/wp\/v2\/product_tag?post=70340"}],"curies":[{"name":"wp","href":"https:\/\/api.w.org\/{rel}","templated":true}]}}