{"id":70366,"date":"2025-08-28T13:53:59","date_gmt":"2025-08-28T11:53:59","guid":{"rendered":"https:\/\/mguide.eu\/?post_type=product&#038;p=70366"},"modified":"2025-08-29T09:01:11","modified_gmt":"2025-08-29T07:01:11","slug":"empfanger-mguide-pellegrino-easy","status":"publish","type":"product","link":"https:\/\/mguide.eu\/de\/produkt\/empfanger-mguide-pellegrino-easy\/","title":{"rendered":"mGuide Pellegrino Easy Empf\u00e4nger"},"content":{"rendered":"<p>Empf\u00e4nger, der f\u00fcr die neueste Einweg-Anwendung mGuide Pellegrino Easy konzipiert ist. Er ist besonders leicht (45 g) und kompakt. Zus\u00e4tzlich ist er mit einem speziellen Metallclip ausgestattet, mit dem Sie das Ger\u00e4t an Ihrer Kleidung befestigen k\u00f6nnen.<\/p>\n<p>mGuide Pellegrino Easy ist ein moderner, unidirektionaler digitaler System, der dank intelligenter L\u00f6sungen eine zuverl\u00e4ssige und komfortable Kommunikation gew\u00e4hrleistet. Seine gr\u00f6\u00dfte St\u00e4rke ist die Funktion des automatischen Scannens und Abstimmens der Frequenz, die st\u00e4ndig arbeitet. Dadurch wird eine st\u00f6rungsfreie \u00dcbertragung gew\u00e4hrleistet, w\u00e4hrend gleichzeitig die Notwendigkeit einer manuellen Konfiguration entf\u00e4llt.<\/p>\n","protected":false},"excerpt":{"rendered":"<p>Einweg-Digitalempf\u00e4nger des mGuide-Systems Pellegrino Easy. Kompakt und ultraleicht.<\/p>\n","protected":false},"featured_media":70299,"template":"","meta":{"_acf_changed":false},"product_brand":[],"product_cat":[1022],"product_tag":[],"class_list":{"0":"post-70366","1":"product","2":"type-product","3":"status-publish","4":"has-post-thumbnail","6":"product_cat-sender-und-empfaenger","7":"pa_marka-mguide-de","9":"first","10":"instock","11":"taxable","12":"shipping-taxable","13":"purchasable","14":"product-type-simple"},"acf":[],"_links":{"self":[{"href":"https:\/\/mguide.eu\/de\/wp-json\/wp\/v2\/product\/70366","targetHints":{"allow":["GET"]}}],"collection":[{"href":"https:\/\/mguide.eu\/de\/wp-json\/wp\/v2\/product"}],"about":[{"href":"https:\/\/mguide.eu\/de\/wp-json\/wp\/v2\/types\/product"}],"wp:featuredmedia":[{"embeddable":true,"href":"https:\/\/mguide.eu\/de\/wp-json\/wp\/v2\/media\/70299"}],"wp:attachment":[{"href":"https:\/\/mguide.eu\/de\/wp-json\/wp\/v2\/media?parent=70366"}],"wp:term":[{"taxonomy":"product_brand","embeddable":true,"href":"https:\/\/mguide.eu\/de\/wp-json\/wp\/v2\/product_brand?post=70366"},{"taxonomy":"product_cat","embeddable":true,"href":"https:\/\/mguide.eu\/de\/wp-json\/wp\/v2\/product_cat?post=70366"},{"taxonomy":"product_tag","embeddable":true,"href":"https:\/\/mguide.eu\/de\/wp-json\/wp\/v2\/product_tag?post=70366"}],"curies":[{"name":"wp","href":"https:\/\/api.w.org\/{rel}","templated":true}]}}