{"id":73317,"date":"2021-01-19T11:29:58","date_gmt":"2021-01-19T10:29:58","guid":{"rendered":"https:\/\/mguide.eu\/produkt\/fit-schlusselband-50-stuck-mit-zk-clips-2\/"},"modified":"2025-11-28T09:17:35","modified_gmt":"2025-11-28T08:17:35","slug":"fit-schlusselband-50-stuck-mit-zk-clips-2","status":"publish","type":"product","link":"https:\/\/mguide.eu\/de\/produkt\/fit-schlusselband-50-stuck-mit-zk-clips-2\/","title":{"rendered":"Befestigungsmaterial f\u00fcr hygienische Lanyards (ZK) (50 St\u00fcck)"},"content":{"rendered":"<div class=\"wpb-content-wrapper\"><p>[vc_row][vc_column][vc_column_text css=&#8221;&#8221;]Ein praktisches Befestigungssystem f\u00fcr hygienische Lanyards. Das Befestigungssystem besteht aus einer Schlaufe (\u201eWhiskers\u201c) zur Befestigung des am Lanyard zu tragenden Ger\u00e4ts und einem Karabinerhaken zur Einh\u00e4ngung in die Lanyard-Schlaufe.[\/vc_column_text][\/vc_column][\/vc_row]<\/p>\n<\/div>","protected":false},"excerpt":{"rendered":"<p>Ein praktisches Befestigungssystem f\u00fcr Hygiene-Schl\u00fcsselb\u00e4nder. Die Befestigung besteht aus Schlaufen (\u201eSchlaufen\u201c) zur Anbringung am Ger\u00e4t. Packungsgr\u00f6\u00dfe: 50 St\u00fcck.<\/p>\n","protected":false},"featured_media":23715,"template":"","meta":{"_acf_changed":false},"product_brand":[],"product_cat":[3239,3249],"product_tag":[],"class_list":{"0":"post-73317","1":"product","2":"type-product","3":"status-publish","4":"has-post-thumbnail","6":"product_cat-umhaengebaender","7":"product_cat-hygiene-de","8":"pa_marka-mexpo-de","10":"first","11":"instock","12":"taxable","13":"shipping-taxable","14":"purchasable","15":"product-type-simple"},"acf":[],"_links":{"self":[{"href":"https:\/\/mguide.eu\/de\/wp-json\/wp\/v2\/product\/73317","targetHints":{"allow":["GET"]}}],"collection":[{"href":"https:\/\/mguide.eu\/de\/wp-json\/wp\/v2\/product"}],"about":[{"href":"https:\/\/mguide.eu\/de\/wp-json\/wp\/v2\/types\/product"}],"wp:featuredmedia":[{"embeddable":true,"href":"https:\/\/mguide.eu\/de\/wp-json\/wp\/v2\/media\/23715"}],"wp:attachment":[{"href":"https:\/\/mguide.eu\/de\/wp-json\/wp\/v2\/media?parent=73317"}],"wp:term":[{"taxonomy":"product_brand","embeddable":true,"href":"https:\/\/mguide.eu\/de\/wp-json\/wp\/v2\/product_brand?post=73317"},{"taxonomy":"product_cat","embeddable":true,"href":"https:\/\/mguide.eu\/de\/wp-json\/wp\/v2\/product_cat?post=73317"},{"taxonomy":"product_tag","embeddable":true,"href":"https:\/\/mguide.eu\/de\/wp-json\/wp\/v2\/product_tag?post=73317"}],"curies":[{"name":"wp","href":"https:\/\/api.w.org\/{rel}","templated":true}]}}