{"id":74779,"date":"2026-04-10T13:12:32","date_gmt":"2026-04-10T11:12:32","guid":{"rendered":"https:\/\/mguide.eu\/?post_type=product&#038;p=74779"},"modified":"2026-04-13T15:00:00","modified_gmt":"2026-04-13T13:00:00","slug":"set-pro99-100","status":"publish","type":"product","link":"https:\/\/mguide.eu\/de\/produkt\/set-pro99-100\/","title":{"rendered":"Okayo WT-300D PRO99 Empf\u00e4nger-Set"},"content":{"rendered":"<p data-path-to-node=\"14\"><b data-path-to-node=\"14\" data-index-in-node=\"0\">Was zeichnet die Version PRO99 aus?<\/b> W\u00e4hrend die klassische Version des Okayo WT-300D 25 Simultankan\u00e4le bietet, unterst\u00fctzt die PRO99-Version bis zu <b data-path-to-node=\"14\" data-index-in-node=\"148\">99 Simultankan\u00e4le<\/b>. Mit 99 Kan\u00e4len m\u00fcssen Sie sich keine Sorgen um andere Reiseleiter oder Ger\u00e4te in der N\u00e4he machen. Selbst wenn ein anderer Guide das gleiche System verwendet, ist die Reserve an freien Kan\u00e4len bei der PRO99-Version so gro\u00df, dass das Risiko von Frequenz\u00fcberlagerungen und st\u00f6rendem Rauschen in den Kopfh\u00f6rern der Touristen praktisch verschwindet.<\/p>\n<p data-path-to-node=\"15\"><b data-path-to-node=\"15\" data-index-in-node=\"0\">Wo bew\u00e4hrt es sich am besten?<\/b><\/p>\n<ul data-path-to-node=\"16\">\n<li>\n<p data-path-to-node=\"16,0,0\"><b data-path-to-node=\"16,0,0\" data-index-in-node=\"0\">Betreuung riesiger Reisegruppen:<\/b> Ideal f\u00fcr die Logistik bei gro\u00dfen Kreuzfahrtschiffen, wenn in einem Hafen Dutzende von Gruppen gleichzeitig ihre Ausr\u00fcstung abholen und zur Besichtigung aufbrechen.<\/p>\n<\/li>\n<li>\n<p data-path-to-node=\"16,1,0\"><b data-path-to-node=\"16,1,0\" data-index-in-node=\"0\">Gro\u00dfveranstaltungen und Kongresse:<\/b> Hervorragend geeignet f\u00fcr Simultan\u00fcbersetzungen in viele Sprachen (bis zu 99 verschiedene Sprachkan\u00e4le gleichzeitig).<\/p>\n<\/li>\n<li>\n<p data-path-to-node=\"16,2,0\"><b data-path-to-node=\"16,2,0\" data-index-in-node=\"0\">Beliebteste Touristenattraktionen:<\/b> An Orten wie dem Louvre, in Prag oder im Vatikan, wo Hunderte von Guides Tourguide-Systeme nutzen, garantiert das PRO99-System einen sauberen Kanal ohne St\u00f6rungen.<\/p>\n<\/li>\n<\/ul>\n<p data-path-to-node=\"17\"><b data-path-to-node=\"17\" data-index-in-node=\"0\">Hauptvorteile des Okayo WT-300D PRO99 Systems:<\/b><\/p>\n<ul data-path-to-node=\"18\">\n<li>\n<p data-path-to-node=\"18,0,0\"><b data-path-to-node=\"18,0,0\" data-index-in-node=\"0\">Fern-Kanalwechsel:<\/b> Erm\u00f6glicht es dem Sender, den Kanal bei allen gekoppelten Empf\u00e4ngern automatisch zu \u00e4ndern. Kein manuelles Einstellen jedes einzelnen Ger\u00e4ts in einer gro\u00dfen Gruppe mehr!<\/p>\n<\/li>\n<li>\n<p data-path-to-node=\"18,1,0\"><b data-path-to-node=\"18,1,0\" data-index-in-node=\"0\">Extreme Akkuleistung:<\/b> Der Empf\u00e4nger arbeitet \u00fcber 35 Stunden mit einer einzigen Ladung.<\/p>\n<\/li>\n<li>\n<p data-path-to-node=\"18,2,0\"><b data-path-to-node=\"18,2,0\" data-index-in-node=\"0\">H\u00f6rger\u00e4tekompatibilit\u00e4t (HAC):<\/b> Das System ist f\u00fcr Menschen mit H\u00f6rbehinderung voll zug\u00e4nglich.<\/p>\n<\/li>\n<li>\n<p data-path-to-node=\"18,3,0\"><b data-path-to-node=\"18,3,0\" data-index-in-node=\"0\">Gepanzertes Geh\u00e4use:<\/b> Hergestellt aus kratz- und bruchfestem ABS-Material in einer neuen, einzigartigen Farbgebung (violette Empf\u00e4nger, schwarze Sender).<\/p>\n<\/li>\n<li>\n<p data-path-to-node=\"18,4,0\"><b data-path-to-node=\"18,4,0\" data-index-in-node=\"0\">Integriertes Mikrofon:<\/b> Der Sender verf\u00fcgt \u00fcber ein eingebautes Mikrofon, das n\u00fctzlich ist, falls ein externes Zubeh\u00f6rteil verloren geht.<\/p>\n<\/li>\n<\/ul>\n<p data-path-to-node=\"19\"><i data-path-to-node=\"19\" data-index-in-node=\"0\">Das Modell Okayo WT-300D PRO99 ist ein digitales System und ist <b data-path-to-node=\"19\" data-index-in-node=\"64\">nicht kompatibel<\/b> mit \u00e4lteren analogen Generationen (rote Empf\u00e4nger\/blaue Sender).<\/i><\/p>\n","protected":false},"excerpt":{"rendered":"<p><b data-path-to-node=\"20\" data-index-in-node=\"0\">Paket mit Okayo WT-300D PRO99 Empf\u00e4ngern.<\/b> Das System bietet bis zu <b data-path-to-node=\"20\" data-index-in-node=\"70\">99 Simultankan\u00e4le<\/b>, was das Risiko von St\u00f6rungen selbst bei extrem hoher Touristendichte eliminiert.<\/p>\n<p><span style=\"color: #dc3545;\"><b data-path-to-node=\"5\" data-index-in-node=\"0\">Wichtig:<\/b> Die Mindestbestellmenge betr\u00e4gt <b data-path-to-node=\"5\" data-index-in-node=\"41\">100 Empf\u00e4nger<\/b>. Weitere Einheiten k\u00f6nnen in <b data-path-to-node=\"5\" data-index-in-node=\"84\">10er-Schritten<\/b> hinzugef\u00fcgt werden (z. B. 110, 120, 130\u2026).<\/span><\/p>\n","protected":false},"featured_media":74787,"template":"","meta":{"_acf_changed":false},"product_brand":[],"product_cat":[1025,1031],"product_tag":[],"class_list":{"0":"post-74779","1":"product","2":"type-product","3":"status-publish","4":"has-post-thumbnail","6":"product_cat-tour-guide-systeme","7":"product_cat-tour-guide-sets-de","8":"pa_marka-okayo-de","10":"first","11":"instock","12":"sale","13":"taxable","14":"shipping-taxable","15":"purchasable","16":"product-type-simple"},"acf":[],"_links":{"self":[{"href":"https:\/\/mguide.eu\/de\/wp-json\/wp\/v2\/product\/74779","targetHints":{"allow":["GET"]}}],"collection":[{"href":"https:\/\/mguide.eu\/de\/wp-json\/wp\/v2\/product"}],"about":[{"href":"https:\/\/mguide.eu\/de\/wp-json\/wp\/v2\/types\/product"}],"wp:featuredmedia":[{"embeddable":true,"href":"https:\/\/mguide.eu\/de\/wp-json\/wp\/v2\/media\/74787"}],"wp:attachment":[{"href":"https:\/\/mguide.eu\/de\/wp-json\/wp\/v2\/media?parent=74779"}],"wp:term":[{"taxonomy":"product_brand","embeddable":true,"href":"https:\/\/mguide.eu\/de\/wp-json\/wp\/v2\/product_brand?post=74779"},{"taxonomy":"product_cat","embeddable":true,"href":"https:\/\/mguide.eu\/de\/wp-json\/wp\/v2\/product_cat?post=74779"},{"taxonomy":"product_tag","embeddable":true,"href":"https:\/\/mguide.eu\/de\/wp-json\/wp\/v2\/product_tag?post=74779"}],"curies":[{"name":"wp","href":"https:\/\/api.w.org\/{rel}","templated":true}]}}