{"id":74791,"date":"2026-04-10T13:18:46","date_gmt":"2026-04-10T11:18:46","guid":{"rendered":"https:\/\/mguide.eu\/?post_type=product&#038;p=74791"},"modified":"2026-04-10T13:52:58","modified_gmt":"2026-04-10T11:52:58","slug":"wt-300d-pro99","status":"publish","type":"product","link":"https:\/\/mguide.eu\/de\/produkt\/wt-300d-pro99\/","title":{"rendered":"Personenf\u00fchrungssystem &#8211; Okayo WT-300D PRO99 Sender"},"content":{"rendered":"","protected":false},"excerpt":{"rendered":"<p>Der Sender <b data-path-to-node=\"12\" data-index-in-node=\"11\">Okayo WT-300D PRO99<\/b> unterst\u00fctzt bis zu 99 Simultankan\u00e4le, was eine stabile \u00dcbertragung ohne St\u00f6rungen selbst bei einer extrem hohen Gruppendichte garantiert. Das Okayo WT-300D PRO99 System ist die neue, erweiterte Version des digitalen Modells Okayo WT-300D.<\/p>\n","protected":false},"featured_media":74799,"template":"","meta":{"_acf_changed":false},"product_brand":[],"product_cat":[1022],"product_tag":[],"class_list":{"0":"post-74791","1":"product","2":"type-product","3":"status-publish","4":"has-post-thumbnail","6":"product_cat-sender-und-empfaenger","7":"pa_marka-okayo-de","9":"first","10":"instock","11":"taxable","12":"shipping-taxable","13":"purchasable","14":"product-type-simple"},"acf":[],"_links":{"self":[{"href":"https:\/\/mguide.eu\/de\/wp-json\/wp\/v2\/product\/74791","targetHints":{"allow":["GET"]}}],"collection":[{"href":"https:\/\/mguide.eu\/de\/wp-json\/wp\/v2\/product"}],"about":[{"href":"https:\/\/mguide.eu\/de\/wp-json\/wp\/v2\/types\/product"}],"wp:featuredmedia":[{"embeddable":true,"href":"https:\/\/mguide.eu\/de\/wp-json\/wp\/v2\/media\/74799"}],"wp:attachment":[{"href":"https:\/\/mguide.eu\/de\/wp-json\/wp\/v2\/media?parent=74791"}],"wp:term":[{"taxonomy":"product_brand","embeddable":true,"href":"https:\/\/mguide.eu\/de\/wp-json\/wp\/v2\/product_brand?post=74791"},{"taxonomy":"product_cat","embeddable":true,"href":"https:\/\/mguide.eu\/de\/wp-json\/wp\/v2\/product_cat?post=74791"},{"taxonomy":"product_tag","embeddable":true,"href":"https:\/\/mguide.eu\/de\/wp-json\/wp\/v2\/product_tag?post=74791"}],"curies":[{"name":"wp","href":"https:\/\/api.w.org\/{rel}","templated":true}]}}