{"id":74814,"date":"2026-04-13T09:43:22","date_gmt":"2026-04-13T07:43:22","guid":{"rendered":"https:\/\/mguide.eu\/?post_type=product&#038;p=74814"},"modified":"2026-04-13T12:59:07","modified_gmt":"2026-04-13T10:59:07","slug":"okayo-wt-300d-pro99","status":"publish","type":"product","link":"https:\/\/mguide.eu\/de\/produkt\/okayo-wt-300d-pro99\/","title":{"rendered":"Okayo WT-300D PRO99"},"content":{"rendered":"","protected":false},"excerpt":{"rendered":"<p><b data-path-to-node=\"12\" data-index-in-node=\"0\">Okayo WT-300D PRO99<\/b> \u2013 ein digitales Personenf\u00fchrungssystem von Okayo Electronics in der erweiterten Ausf\u00fchrung mit bis zu 99 Simultankan\u00e4len. Die PRO99-Version eliminiert das Interferenzrisiko selbst bei extrem hoher Touristendichte.<\/p>\n","protected":false},"featured_media":74824,"template":"","meta":{"_acf_changed":false},"product_brand":[],"product_cat":[6219],"product_tag":[],"class_list":{"0":"post-74814","1":"product","2":"type-product","3":"status-publish","4":"has-post-thumbnail","6":"product_cat-modelle","7":"pa_marka-mguide-de","9":"first","10":"instock","11":"sale","12":"taxable","13":"shipping-taxable","14":"product-type-grouped"},"acf":[],"_links":{"self":[{"href":"https:\/\/mguide.eu\/de\/wp-json\/wp\/v2\/product\/74814","targetHints":{"allow":["GET"]}}],"collection":[{"href":"https:\/\/mguide.eu\/de\/wp-json\/wp\/v2\/product"}],"about":[{"href":"https:\/\/mguide.eu\/de\/wp-json\/wp\/v2\/types\/product"}],"wp:featuredmedia":[{"embeddable":true,"href":"https:\/\/mguide.eu\/de\/wp-json\/wp\/v2\/media\/74824"}],"wp:attachment":[{"href":"https:\/\/mguide.eu\/de\/wp-json\/wp\/v2\/media?parent=74814"}],"wp:term":[{"taxonomy":"product_brand","embeddable":true,"href":"https:\/\/mguide.eu\/de\/wp-json\/wp\/v2\/product_brand?post=74814"},{"taxonomy":"product_cat","embeddable":true,"href":"https:\/\/mguide.eu\/de\/wp-json\/wp\/v2\/product_cat?post=74814"},{"taxonomy":"product_tag","embeddable":true,"href":"https:\/\/mguide.eu\/de\/wp-json\/wp\/v2\/product_tag?post=74814"}],"curies":[{"name":"wp","href":"https:\/\/api.w.org\/{rel}","templated":true}]}}